{"id":113,"date":"2018-07-30T14:58:44","date_gmt":"2018-07-30T12:58:44","guid":{"rendered":"http:\/\/dr-montanari.de.w0184301.kasserver.com\/?page_id=113"},"modified":"2026-02-15T17:57:52","modified_gmt":"2026-02-15T16:57:52","slug":"practice-team","status":"publish","type":"page","link":"https:\/\/dr-montanari.de\/en\/praxis\/praxisteam\/","title":{"rendered":"Practice team"},"content":{"rendered":"<div data-elementor-type=\"wp-page\" data-elementor-id=\"113\" class=\"elementor elementor-113\" data-elementor-post-type=\"page\">\n\t\t\t\t\t\t<section class=\"elementor-section elementor-top-section elementor-element elementor-element-9096de3 elementor-section-boxed elementor-section-height-default elementor-section-height-default\" data-id=\"9096de3\" data-element_type=\"section\" data-e-type=\"section\">\n\t\t\t\t\t\t<div class=\"elementor-container elementor-column-gap-default\">\n\t\t\t\t\t<div class=\"elementor-column elementor-col-100 elementor-top-column elementor-element elementor-element-34f60d1\" data-id=\"34f60d1\" data-element_type=\"column\" data-e-type=\"column\">\n\t\t\t<div class=\"elementor-widget-wrap elementor-element-populated\">\n\t\t\t\t\t\t<div class=\"elementor-element elementor-element-1614a9d elementor-widget elementor-widget-heading\" data-id=\"1614a9d\" data-element_type=\"widget\" data-e-type=\"widget\" data-widget_type=\"heading.default\">\n\t\t\t\t\t<h1 class=\"elementor-heading-title elementor-size-default\">Private practice team Dr Montanari<\/h1>\t\t\t\t<\/div>\n\t\t\t\t<div class=\"elementor-element elementor-element-f4ccfd0 elementor-widget elementor-widget-text-editor\" data-id=\"f4ccfd0\" data-element_type=\"widget\" data-e-type=\"widget\" data-widget_type=\"text-editor.default\">\n\t\t\t\t\t\t\t\t\t<h2 style=\"text-align: center;\">We are here for you!<\/h2><p style=\"text-align: center;\">Find out more about our team at our private practice for plastic and aesthetic surgery:<\/p>\t\t\t\t\t\t\t\t<\/div>\n\t\t\t\t\t<\/div>\n\t\t<\/div>\n\t\t\t\t\t<\/div>\n\t\t<\/section>\n\t\t\t\t<section class=\"elementor-section elementor-top-section elementor-element elementor-element-cf9b716 elementor-section-boxed elementor-section-height-default elementor-section-height-default\" data-id=\"cf9b716\" data-element_type=\"section\" data-e-type=\"section\">\n\t\t\t\t\t\t<div class=\"elementor-container elementor-column-gap-default\">\n\t\t\t\t\t<div class=\"elementor-column elementor-col-100 elementor-top-column elementor-element elementor-element-a110f73\" data-id=\"a110f73\" data-element_type=\"column\" data-e-type=\"column\">\n\t\t\t<div class=\"elementor-widget-wrap elementor-element-populated\">\n\t\t\t\t\t\t<div class=\"elementor-element elementor-element-222e395 elementor-widget elementor-widget-heading\" data-id=\"222e395\" data-element_type=\"widget\" data-e-type=\"widget\" data-widget_type=\"heading.default\">\n\t\t\t\t\t<h2 class=\"elementor-heading-title elementor-size-default\">Our specialists for plastic and aesthetic surgery<\/h2>\t\t\t\t<\/div>\n\t\t\t\t<section class=\"elementor-section elementor-inner-section elementor-element elementor-element-ba64484 elementor-section-boxed elementor-section-height-default elementor-section-height-default\" data-id=\"ba64484\" data-element_type=\"section\" data-e-type=\"section\">\n\t\t\t\t\t\t<div class=\"elementor-container elementor-column-gap-default\">\n\t\t\t\t\t<div class=\"elementor-column elementor-col-33 elementor-inner-column elementor-element elementor-element-0f11738\" data-id=\"0f11738\" data-element_type=\"column\" data-e-type=\"column\">\n\t\t\t<div class=\"elementor-widget-wrap elementor-element-populated\">\n\t\t\t\t\t\t<div class=\"elementor-element elementor-element-a8edd44 elementor-widget elementor-widget-image\" data-id=\"a8edd44\" data-element_type=\"widget\" data-e-type=\"widget\" data-widget_type=\"image.default\">\n\t\t\t\t\t\t\t\t\t\t\t\t\t\t\t\t<a href=\"https:\/\/dr-montanari.de\/en\/practice-2\/dr-med-michaela-montanari\/\">\n\t\t\t\t\t\t\t<img fetchpriority=\"high\" decoding=\"async\" width=\"600\" height=\"900\" src=\"https:\/\/dr-montanari.de\/wp-content\/uploads\/dr-montanari-hintergrund.jpg\" class=\"attachment-full size-full wp-image-11993\" alt=\"dr-montanari in the background\" srcset=\"https:\/\/dr-montanari.de\/wp-content\/uploads\/dr-montanari-hintergrund.jpg 600w, https:\/\/dr-montanari.de\/wp-content\/uploads\/dr-montanari-hintergrund-200x300.jpg 200w, https:\/\/dr-montanari.de\/wp-content\/uploads\/dr-montanari-hintergrund-8x12.avif 8w\" sizes=\"(max-width: 600px) 100vw, 600px\" \/>\t\t\t\t\t\t\t\t<\/a>\n\t\t\t\t\t\t\t\t\t\t\t\t\t\t\t<\/div>\n\t\t\t\t<div class=\"elementor-element elementor-element-fb83a40 elementor-widget elementor-widget-text-editor\" data-id=\"fb83a40\" data-element_type=\"widget\" data-e-type=\"widget\" data-widget_type=\"text-editor.default\">\n\t\t\t\t\t\t\t\t\t<p style=\"text-align: center;\"><strong>Dr Michaela Montanari<\/strong><br \/>Specialist for surgery<br \/>Specialist for <br \/>Plastic and aesthetic surgery<br \/>President of the German Society for Aesthetic Plastic Surgery<br \/><br \/><a href=\"https:\/\/dr-montanari.de\/en\/practice-2\/dr-med-michaela-montanari\/\">Curriculum vitae Dr Michaela Montanari<\/a><\/p>\t\t\t\t\t\t\t\t<\/div>\n\t\t\t\t\t<\/div>\n\t\t<\/div>\n\t\t\t\t<div class=\"elementor-column elementor-col-33 elementor-inner-column elementor-element elementor-element-1569f35\" data-id=\"1569f35\" data-element_type=\"column\" data-e-type=\"column\">\n\t\t\t<div class=\"elementor-widget-wrap elementor-element-populated\">\n\t\t\t\t\t\t<div class=\"elementor-element elementor-element-cf23a84 elementor-widget elementor-widget-image\" data-id=\"cf23a84\" data-element_type=\"widget\" data-e-type=\"widget\" data-widget_type=\"image.default\">\n\t\t\t\t\t\t\t\t\t\t\t\t\t\t\t\t<a href=\"https:\/\/dr-montanari.de\/en\/practice-2\/dr-med-michaela-montanari-2\/\">\n\t\t\t\t\t\t\t<img decoding=\"async\" width=\"600\" height=\"900\" src=\"https:\/\/dr-montanari.de\/wp-content\/uploads\/dr-bugario.jpg\" class=\"attachment-full size-full wp-image-11994\" alt=\"dr-bugario in the background\" srcset=\"https:\/\/dr-montanari.de\/wp-content\/uploads\/dr-bugario.jpg 600w, https:\/\/dr-montanari.de\/wp-content\/uploads\/dr-bugario-200x300.jpg 200w, https:\/\/dr-montanari.de\/wp-content\/uploads\/dr-bugario-8x12.avif 8w\" sizes=\"(max-width: 600px) 100vw, 600px\" \/>\t\t\t\t\t\t\t\t<\/a>\n\t\t\t\t\t\t\t\t\t\t\t\t\t\t\t<\/div>\n\t\t\t\t<div class=\"elementor-element elementor-element-7f73621 elementor-widget elementor-widget-text-editor\" data-id=\"7f73621\" data-element_type=\"widget\" data-e-type=\"widget\" data-widget_type=\"text-editor.default\">\n\t\t\t\t\t\t\t\t\t<p style=\"text-align: center;\"><b>Dr Anna Maria Bugariu<\/b><br \/>Specialist for <br \/>Plastic and aesthetic surgery<\/p><p style=\"text-align: center;\"><a style=\"letter-spacing: 0px;\" href=\"https:\/\/dr-montanari.de\/en\/practice-2\/dr-med-michaela-montanari-2\/\">Curriculum vitae Dr Maria Bugariu<\/a><\/p>\t\t\t\t\t\t\t\t<\/div>\n\t\t\t\t\t<\/div>\n\t\t<\/div>\n\t\t\t\t<div class=\"elementor-column elementor-col-33 elementor-inner-column elementor-element elementor-element-9d56872\" data-id=\"9d56872\" data-element_type=\"column\" data-e-type=\"column\">\n\t\t\t<div class=\"elementor-widget-wrap elementor-element-populated\">\n\t\t\t\t\t\t<div class=\"elementor-element elementor-element-be75434 elementor-widget elementor-widget-image\" data-id=\"be75434\" data-element_type=\"widget\" data-e-type=\"widget\" data-widget_type=\"image.default\">\n\t\t\t\t\t\t\t\t\t\t\t\t\t\t\t\t<a href=\"https:\/\/dr-montanari.de\/en\/practice-2\/inna-roeschies\/\">\n\t\t\t\t\t\t\t<img decoding=\"async\" width=\"600\" height=\"900\" src=\"https:\/\/dr-montanari.de\/wp-content\/uploads\/inna-roeschies-2.avif\" class=\"attachment-full size-full wp-image-13575\" alt=\"Inna Roeschies\" srcset=\"https:\/\/dr-montanari.de\/wp-content\/uploads\/inna-roeschies-2.avif 600w, https:\/\/dr-montanari.de\/wp-content\/uploads\/inna-roeschies-2-200x300.png 200w, https:\/\/dr-montanari.de\/wp-content\/uploads\/inna-roeschies-2-8x12.avif 8w\" sizes=\"(max-width: 600px) 100vw, 600px\" \/>\t\t\t\t\t\t\t\t<\/a>\n\t\t\t\t\t\t\t\t\t\t\t\t\t\t\t<\/div>\n\t\t\t\t<div class=\"elementor-element elementor-element-819f854 elementor-widget elementor-widget-text-editor\" data-id=\"819f854\" data-element_type=\"widget\" data-e-type=\"widget\" data-widget_type=\"text-editor.default\">\n\t\t\t\t\t\t\t\t\t<p style=\"text-align: center;\"><b>Inna <\/b><b>Roeschies<br \/><\/b>Specialist for <br \/>Plastic and aesthetic surgery<\/p><p style=\"text-align: center;\"><a href=\"https:\/\/dr-montanari.de\/en\/practice-2\/inna-roeschies\/\">Curriculum vitae Inna Roeschies<\/a><\/p>\t\t\t\t\t\t\t\t<\/div>\n\t\t\t\t\t<\/div>\n\t\t<\/div>\n\t\t\t\t\t<\/div>\n\t\t<\/section>\n\t\t\t\t\t<\/div>\n\t\t<\/div>\n\t\t\t\t\t<\/div>\n\t\t<\/section>\n\t\t\t\t<section class=\"elementor-section elementor-top-section elementor-element elementor-element-a3384ca elementor-section-boxed elementor-section-height-default elementor-section-height-default\" data-id=\"a3384ca\" data-element_type=\"section\" data-e-type=\"section\">\n\t\t\t\t\t\t<div class=\"elementor-container elementor-column-gap-default\">\n\t\t\t\t\t<div class=\"elementor-column elementor-col-100 elementor-top-column elementor-element elementor-element-3f21b60\" data-id=\"3f21b60\" data-element_type=\"column\" data-e-type=\"column\">\n\t\t\t<div class=\"elementor-widget-wrap elementor-element-populated\">\n\t\t\t\t\t\t<div class=\"elementor-element elementor-element-8834f62 elementor-widget elementor-widget-heading\" data-id=\"8834f62\" data-element_type=\"widget\" data-e-type=\"widget\" data-widget_type=\"heading.default\">\n\t\t\t\t\t<h2 class=\"elementor-heading-title elementor-size-default\">Our practice team<\/h2>\t\t\t\t<\/div>\n\t\t\t\t<section class=\"elementor-section elementor-inner-section elementor-element elementor-element-fad4149 elementor-section-boxed elementor-section-height-default elementor-section-height-default\" data-id=\"fad4149\" data-element_type=\"section\" data-e-type=\"section\">\n\t\t\t\t\t\t<div class=\"elementor-container elementor-column-gap-default\">\n\t\t\t\t\t<div class=\"elementor-column elementor-col-33 elementor-inner-column elementor-element elementor-element-ae48ebb\" data-id=\"ae48ebb\" data-element_type=\"column\" data-e-type=\"column\">\n\t\t\t<div class=\"elementor-widget-wrap elementor-element-populated\">\n\t\t\t\t\t\t<div class=\"elementor-element elementor-element-6538c9b elementor-widget elementor-widget-image\" data-id=\"6538c9b\" data-element_type=\"widget\" data-e-type=\"widget\" data-widget_type=\"image.default\">\n\t\t\t\t\t\t\t\t\t\t\t\t\t\t\t<img loading=\"lazy\" decoding=\"async\" width=\"200\" height=\"300\" src=\"https:\/\/dr-montanari.de\/wp-content\/uploads\/cornelia-von-hagen-2-200x300.png\" class=\"attachment-medium size-medium wp-image-11829\" alt=\"cornelia-von-hagen\" srcset=\"https:\/\/dr-montanari.de\/wp-content\/uploads\/cornelia-von-hagen-2-200x300.png 200w, https:\/\/dr-montanari.de\/wp-content\/uploads\/cornelia-von-hagen-2-8x12.png 8w, https:\/\/dr-montanari.de\/wp-content\/uploads\/cornelia-von-hagen-2.avif 600w\" sizes=\"(max-width: 200px) 100vw, 200px\" \/>\t\t\t\t\t\t\t\t\t\t\t\t\t\t\t<\/div>\n\t\t\t\t<div class=\"elementor-element elementor-element-06b566a elementor-widget elementor-widget-text-editor\" data-id=\"06b566a\" data-element_type=\"widget\" data-e-type=\"widget\" data-widget_type=\"text-editor.default\">\n\t\t\t\t\t\t\t\t\t<p style=\"text-align: center;\"><strong>Cornelia von Hagen<\/strong><br \/>Practice manager<\/p>\t\t\t\t\t\t\t\t<\/div>\n\t\t\t\t\t<\/div>\n\t\t<\/div>\n\t\t\t\t<div class=\"elementor-column elementor-col-33 elementor-inner-column elementor-element elementor-element-e850ae8\" data-id=\"e850ae8\" data-element_type=\"column\" data-e-type=\"column\">\n\t\t\t<div class=\"elementor-widget-wrap elementor-element-populated\">\n\t\t\t\t\t\t<div class=\"elementor-element elementor-element-0187945 elementor-widget elementor-widget-image\" data-id=\"0187945\" data-element_type=\"widget\" data-e-type=\"widget\" data-widget_type=\"image.default\">\n\t\t\t\t\t\t\t\t\t\t\t\t\t\t\t<img loading=\"lazy\" decoding=\"async\" width=\"200\" height=\"300\" src=\"https:\/\/dr-montanari.de\/wp-content\/uploads\/marie-luise-friedrich-200x300.png\" class=\"attachment-medium size-medium wp-image-11825\" alt=\"marie--luise-friedrich\" srcset=\"https:\/\/dr-montanari.de\/wp-content\/uploads\/marie-luise-friedrich-200x300.png 200w, https:\/\/dr-montanari.de\/wp-content\/uploads\/marie-luise-friedrich-8x12.png 8w, https:\/\/dr-montanari.de\/wp-content\/uploads\/marie-luise-friedrich.avif 600w\" sizes=\"(max-width: 200px) 100vw, 200px\" \/>\t\t\t\t\t\t\t\t\t\t\t\t\t\t\t<\/div>\n\t\t\t\t<div class=\"elementor-element elementor-element-1f21307 elementor-widget elementor-widget-text-editor\" data-id=\"1f21307\" data-element_type=\"widget\" data-e-type=\"widget\" data-widget_type=\"text-editor.default\">\n\t\t\t\t\t\t\t\t\t<p style=\"text-align: center;\"><strong>Marie-Luise Friedrich<\/strong><br \/>Office, medical assistant<\/p>\t\t\t\t\t\t\t\t<\/div>\n\t\t\t\t\t<\/div>\n\t\t<\/div>\n\t\t\t\t<div class=\"elementor-column elementor-col-33 elementor-inner-column elementor-element elementor-element-45842d4\" data-id=\"45842d4\" data-element_type=\"column\" data-e-type=\"column\">\n\t\t\t<div class=\"elementor-widget-wrap elementor-element-populated\">\n\t\t\t\t\t\t<div class=\"elementor-element elementor-element-fadb089 elementor-widget elementor-widget-image\" data-id=\"fadb089\" data-element_type=\"widget\" data-e-type=\"widget\" data-widget_type=\"image.default\">\n\t\t\t\t\t\t\t\t\t\t\t\t\t\t\t<img loading=\"lazy\" decoding=\"async\" width=\"200\" height=\"300\" src=\"https:\/\/dr-montanari.de\/wp-content\/uploads\/aleksandra-pasternok-1-200x300.png\" class=\"attachment-medium size-medium wp-image-13580\" alt=\"Aleksandra Pasternok\" srcset=\"https:\/\/dr-montanari.de\/wp-content\/uploads\/aleksandra-pasternok-1-200x300.png 200w, https:\/\/dr-montanari.de\/wp-content\/uploads\/aleksandra-pasternok-1-8x12.avif 8w, https:\/\/dr-montanari.de\/wp-content\/uploads\/aleksandra-pasternok-1.avif 600w\" sizes=\"(max-width: 200px) 100vw, 200px\" \/>\t\t\t\t\t\t\t\t\t\t\t\t\t\t\t<\/div>\n\t\t\t\t<div class=\"elementor-element elementor-element-8454281 elementor-widget elementor-widget-text-editor\" data-id=\"8454281\" data-element_type=\"widget\" data-e-type=\"widget\" data-widget_type=\"text-editor.default\">\n\t\t\t\t\t\t\t\t\t<p style=\"text-align: center;\"><strong>Aleksandra Pasternok<\/strong><br \/>Medical assistants<\/p>\t\t\t\t\t\t\t\t<\/div>\n\t\t\t\t\t<\/div>\n\t\t<\/div>\n\t\t\t\t\t<\/div>\n\t\t<\/section>\n\t\t\t\t<section class=\"elementor-section elementor-inner-section elementor-element elementor-element-4e2476e elementor-section-boxed elementor-section-height-default elementor-section-height-default\" data-id=\"4e2476e\" data-element_type=\"section\" data-e-type=\"section\">\n\t\t\t\t\t\t<div class=\"elementor-container elementor-column-gap-default\">\n\t\t\t\t\t<div class=\"elementor-column elementor-col-33 elementor-inner-column elementor-element elementor-element-196eba3\" data-id=\"196eba3\" data-element_type=\"column\" data-e-type=\"column\">\n\t\t\t<div class=\"elementor-widget-wrap elementor-element-populated\">\n\t\t\t\t\t\t<div class=\"elementor-element elementor-element-0abce1a elementor-widget elementor-widget-image\" data-id=\"0abce1a\" data-element_type=\"widget\" data-e-type=\"widget\" data-widget_type=\"image.default\">\n\t\t\t\t\t\t\t\t\t\t\t\t\t\t\t<img loading=\"lazy\" decoding=\"async\" width=\"200\" height=\"300\" src=\"https:\/\/dr-montanari.de\/wp-content\/uploads\/praxis_dr.montanari-77-759-200x300.jpg\" class=\"attachment-medium size-medium wp-image-13049\" alt=\"Juliet Machnik, MFA trainee.\" srcset=\"https:\/\/dr-montanari.de\/wp-content\/uploads\/praxis_dr.montanari-77-759-200x300.jpg 200w, https:\/\/dr-montanari.de\/wp-content\/uploads\/praxis_dr.montanari-77-759-683x1024.jpg 683w, https:\/\/dr-montanari.de\/wp-content\/uploads\/praxis_dr.montanari-77-759-768x1152.jpg 768w, https:\/\/dr-montanari.de\/wp-content\/uploads\/praxis_dr.montanari-77-759-1024x1536.jpg 1024w, https:\/\/dr-montanari.de\/wp-content\/uploads\/praxis_dr.montanari-77-759-1365x2048.jpg 1365w, https:\/\/dr-montanari.de\/wp-content\/uploads\/praxis_dr.montanari-77-759-8x12.avif 8w, https:\/\/dr-montanari.de\/wp-content\/uploads\/praxis_dr.montanari-77-759-scaled.jpg 1707w\" sizes=\"(max-width: 200px) 100vw, 200px\" \/>\t\t\t\t\t\t\t\t\t\t\t\t\t\t\t<\/div>\n\t\t\t\t<div class=\"elementor-element elementor-element-c0ad7c1 elementor-widget elementor-widget-text-editor\" data-id=\"c0ad7c1\" data-element_type=\"widget\" data-e-type=\"widget\" data-widget_type=\"text-editor.default\">\n\t\t\t\t\t\t\t\t\t<p style=\"text-align: center;\"><strong>Juliet Machnik<\/strong><br \/>MFA - Exam passed<\/p>\t\t\t\t\t\t\t\t<\/div>\n\t\t\t\t\t<\/div>\n\t\t<\/div>\n\t\t\t\t<div class=\"elementor-column elementor-col-33 elementor-inner-column elementor-element elementor-element-c115e30\" data-id=\"c115e30\" data-element_type=\"column\" data-e-type=\"column\">\n\t\t\t<div class=\"elementor-widget-wrap elementor-element-populated\">\n\t\t\t\t\t\t<div class=\"elementor-element elementor-element-a3969f9 elementor-widget elementor-widget-image\" data-id=\"a3969f9\" data-element_type=\"widget\" data-e-type=\"widget\" data-widget_type=\"image.default\">\n\t\t\t\t\t\t\t\t\t\t\t\t\t\t\t<img loading=\"lazy\" decoding=\"async\" width=\"200\" height=\"300\" src=\"https:\/\/dr-montanari.de\/wp-content\/uploads\/anke-hoffmann-2-200x300.png\" class=\"attachment-medium size-medium wp-image-11839\" alt=\"anke-hoffmann-2\" srcset=\"https:\/\/dr-montanari.de\/wp-content\/uploads\/anke-hoffmann-2-200x300.png 200w, https:\/\/dr-montanari.de\/wp-content\/uploads\/anke-hoffmann-2-8x12.png 8w, https:\/\/dr-montanari.de\/wp-content\/uploads\/anke-hoffmann-2.avif 600w\" sizes=\"(max-width: 200px) 100vw, 200px\" \/>\t\t\t\t\t\t\t\t\t\t\t\t\t\t\t<\/div>\n\t\t\t\t<div class=\"elementor-element elementor-element-898b5aa elementor-widget elementor-widget-text-editor\" data-id=\"898b5aa\" data-element_type=\"widget\" data-e-type=\"widget\" data-widget_type=\"text-editor.default\">\n\t\t\t\t\t\t\t\t\t<p style=\"text-align: center;\"><strong>Anke Hoffmann<\/strong><br \/>Office, Assistance<br \/>Medical Beauty Assistant<\/p>\t\t\t\t\t\t\t\t<\/div>\n\t\t\t\t\t<\/div>\n\t\t<\/div>\n\t\t\t\t<div class=\"elementor-column elementor-col-33 elementor-inner-column elementor-element elementor-element-a4627cf\" data-id=\"a4627cf\" data-element_type=\"column\" data-e-type=\"column\">\n\t\t\t<div class=\"elementor-widget-wrap elementor-element-populated\">\n\t\t\t\t\t\t<div class=\"elementor-element elementor-element-327acde elementor-widget elementor-widget-image\" data-id=\"327acde\" data-element_type=\"widget\" data-e-type=\"widget\" data-widget_type=\"image.default\">\n\t\t\t\t\t\t\t\t\t\t\t\t\t\t\t<img loading=\"lazy\" decoding=\"async\" width=\"200\" height=\"300\" src=\"https:\/\/dr-montanari.de\/wp-content\/uploads\/anja-mueller-2-200x300.png\" class=\"attachment-medium size-medium wp-image-11853\" alt=\"anja-mueller\" srcset=\"https:\/\/dr-montanari.de\/wp-content\/uploads\/anja-mueller-2-200x300.png 200w, https:\/\/dr-montanari.de\/wp-content\/uploads\/anja-mueller-2-8x12.png 8w, https:\/\/dr-montanari.de\/wp-content\/uploads\/anja-mueller-2.avif 600w\" sizes=\"(max-width: 200px) 100vw, 200px\" \/>\t\t\t\t\t\t\t\t\t\t\t\t\t\t\t<\/div>\n\t\t\t\t<div class=\"elementor-element elementor-element-b0c0fc4 elementor-widget elementor-widget-text-editor\" data-id=\"b0c0fc4\" data-element_type=\"widget\" data-e-type=\"widget\" data-widget_type=\"text-editor.default\">\n\t\t\t\t\t\t\t\t\t<p style=\"text-align: center;\"><strong>Anja M\u00fcller<\/strong><br \/>Assistance<br \/>Medical Beauty Assistant<\/p>\t\t\t\t\t\t\t\t<\/div>\n\t\t\t\t\t<\/div>\n\t\t<\/div>\n\t\t\t\t\t<\/div>\n\t\t<\/section>\n\t\t\t\t<section class=\"elementor-section elementor-inner-section elementor-element elementor-element-d1b1f69 elementor-section-boxed elementor-section-height-default elementor-section-height-default\" data-id=\"d1b1f69\" data-element_type=\"section\" data-e-type=\"section\">\n\t\t\t\t\t\t<div class=\"elementor-container elementor-column-gap-default\">\n\t\t\t\t\t<div class=\"elementor-column elementor-col-33 elementor-inner-column elementor-element elementor-element-a352747\" data-id=\"a352747\" data-element_type=\"column\" data-e-type=\"column\">\n\t\t\t<div class=\"elementor-widget-wrap elementor-element-populated\">\n\t\t\t\t\t\t<div class=\"elementor-element elementor-element-37fe0a9 elementor-widget elementor-widget-image\" data-id=\"37fe0a9\" data-element_type=\"widget\" data-e-type=\"widget\" data-widget_type=\"image.default\">\n\t\t\t\t\t\t\t\t\t\t\t\t\t\t\t<img loading=\"lazy\" decoding=\"async\" width=\"200\" height=\"300\" src=\"https:\/\/dr-montanari.de\/wp-content\/uploads\/indira-sadullaev-200x300.png\" class=\"attachment-medium size-medium wp-image-14116\" alt=\"Indira Sadullaev\" srcset=\"https:\/\/dr-montanari.de\/wp-content\/uploads\/indira-sadullaev-200x300.png 200w, https:\/\/dr-montanari.de\/wp-content\/uploads\/indira-sadullaev-8x12.avif 8w, https:\/\/dr-montanari.de\/wp-content\/uploads\/indira-sadullaev.avif 600w\" sizes=\"(max-width: 200px) 100vw, 200px\" \/>\t\t\t\t\t\t\t\t\t\t\t\t\t\t\t<\/div>\n\t\t\t\t<div class=\"elementor-element elementor-element-c286ed6 elementor-widget elementor-widget-text-editor\" data-id=\"c286ed6\" data-element_type=\"widget\" data-e-type=\"widget\" data-widget_type=\"text-editor.default\">\n\t\t\t\t\t\t\t\t\t<p style=\"text-align: center;\"><strong>Indira Sadullaev<\/strong> <br \/>Operating theatre assistant<\/p>\t\t\t\t\t\t\t\t<\/div>\n\t\t\t\t\t<\/div>\n\t\t<\/div>\n\t\t\t\t<div class=\"elementor-column elementor-col-33 elementor-inner-column elementor-element elementor-element-1fa6072\" data-id=\"1fa6072\" data-element_type=\"column\" data-e-type=\"column\">\n\t\t\t<div class=\"elementor-widget-wrap\">\n\t\t\t\t\t\t\t<\/div>\n\t\t<\/div>\n\t\t\t\t<div class=\"elementor-column elementor-col-33 elementor-inner-column elementor-element elementor-element-e5b1941\" data-id=\"e5b1941\" data-element_type=\"column\" data-e-type=\"column\">\n\t\t\t<div class=\"elementor-widget-wrap\">\n\t\t\t\t\t\t\t<\/div>\n\t\t<\/div>\n\t\t\t\t\t<\/div>\n\t\t<\/section>\n\t\t\t\t\t<\/div>\n\t\t<\/div>\n\t\t\t\t\t<\/div>\n\t\t<\/section>\n\t\t\t\t<section class=\"elementor-section elementor-top-section elementor-element elementor-element-35971cf elementor-section-boxed elementor-section-height-default elementor-section-height-default\" data-id=\"35971cf\" data-element_type=\"section\" data-e-type=\"section\">\n\t\t\t\t\t\t<div class=\"elementor-container elementor-column-gap-default\">\n\t\t\t\t\t<div class=\"elementor-column elementor-col-100 elementor-top-column elementor-element elementor-element-5bb10e2\" data-id=\"5bb10e2\" data-element_type=\"column\" data-e-type=\"column\">\n\t\t\t<div class=\"elementor-widget-wrap elementor-element-populated\">\n\t\t\t\t\t\t<div class=\"elementor-element elementor-element-0f6a62c elementor-widget elementor-widget-heading\" data-id=\"0f6a62c\" data-element_type=\"widget\" data-e-type=\"widget\" data-widget_type=\"heading.default\">\n\t\t\t\t\t<h2 class=\"elementor-heading-title elementor-size-default\">Our specialists for anaesthesia<\/h2>\t\t\t\t<\/div>\n\t\t\t\t<section class=\"elementor-section elementor-inner-section elementor-element elementor-element-1245688 elementor-section-boxed elementor-section-height-default elementor-section-height-default\" data-id=\"1245688\" data-element_type=\"section\" data-e-type=\"section\">\n\t\t\t\t\t\t<div class=\"elementor-container elementor-column-gap-default\">\n\t\t\t\t\t<div class=\"elementor-column elementor-col-50 elementor-inner-column elementor-element elementor-element-cf034fe\" data-id=\"cf034fe\" data-element_type=\"column\" data-e-type=\"column\">\n\t\t\t<div class=\"elementor-widget-wrap elementor-element-populated\">\n\t\t\t\t\t\t<div class=\"elementor-element elementor-element-c3497a3 elementor-widget elementor-widget-text-editor\" data-id=\"c3497a3\" data-element_type=\"widget\" data-e-type=\"widget\" data-widget_type=\"text-editor.default\">\n\t\t\t\t\t\t\t\t\t<p class=\"team w50\" style=\"text-align: center;\"><img decoding=\"async\" src=\"https:\/\/dr-montanari.de\/wp-content\/uploads\/dr-simone-fischhuber.png\" alt=\"Dr Anna Maria Bugariu\" border=\"0\" \/><br \/><strong>Dr Simone Fischhuber<\/strong><br \/>Specialist for anaesthesia<br \/>Specialised pain therapy and acupuncture<\/p>\t\t\t\t\t\t\t\t<\/div>\n\t\t\t\t\t<\/div>\n\t\t<\/div>\n\t\t\t\t<div class=\"elementor-column elementor-col-50 elementor-inner-column elementor-element elementor-element-47fcc49\" data-id=\"47fcc49\" data-element_type=\"column\" data-e-type=\"column\">\n\t\t\t<div class=\"elementor-widget-wrap elementor-element-populated\">\n\t\t\t\t\t\t<div class=\"elementor-element elementor-element-d974e6b elementor-widget elementor-widget-text-editor\" data-id=\"d974e6b\" data-element_type=\"widget\" data-e-type=\"widget\" data-widget_type=\"text-editor.default\">\n\t\t\t\t\t\t\t\t\t<p class=\"team w50\" style=\"text-align: center;\"><img decoding=\"async\" src=\"https:\/\/dr-montanari.de\/wp-content\/uploads\/dr-dina-lubahn.png\" alt=\"Dr Dina Lubhan\" border=\"0\" \/><br \/><strong>Dr Dina Lubhan<\/strong><br \/>Specialist in anaesthesia and emergency medicine<\/p>\t\t\t\t\t\t\t\t<\/div>\n\t\t\t\t\t<\/div>\n\t\t<\/div>\n\t\t\t\t\t<\/div>\n\t\t<\/section>\n\t\t\t\t\t<\/div>\n\t\t<\/div>\n\t\t\t\t\t<\/div>\n\t\t<\/section>\n\t\t\t\t<\/div>","protected":false},"excerpt":{"rendered":"<p>Praxisteam Privatpraxis Dr. Montanari Wir sind f\u00fcr Sie da! Erfahren Sie mehr \u00fcber unsere Team unserer Privatpraxis f\u00fcr Plastische und \u00c4sthetische Chirurgie: Unsere Fach\u00e4rzte f\u00fcr Plastische und \u00c4sthetische Chirurgie Dr. med. Michaela MontanariFach\u00e4rztin f\u00fcr ChirurgieFach\u00e4rztin f\u00fcr Plastische und \u00c4sthetische ChirurgiePr\u00e4sidentin der Deutschen Gesellschaft f\u00fcr \u00c4sthetisch-Plastische Chirurgie Lebenslauf Dr. Michaela Montanari Dr. med. Anna Maria BugariuFach\u00e4rztin [&hellip;]<\/p>\n","protected":false},"author":1,"featured_media":2814,"parent":108,"menu_order":0,"comment_status":"closed","ping_status":"closed","template":"","meta":{"footnotes":""},"class_list":["post-113","page","type-page","status-publish","has-post-thumbnail","hentry"],"_links":{"self":[{"href":"https:\/\/dr-montanari.de\/en\/wp-json\/wp\/v2\/pages\/113","targetHints":{"allow":["GET"]}}],"collection":[{"href":"https:\/\/dr-montanari.de\/en\/wp-json\/wp\/v2\/pages"}],"about":[{"href":"https:\/\/dr-montanari.de\/en\/wp-json\/wp\/v2\/types\/page"}],"author":[{"embeddable":true,"href":"https:\/\/dr-montanari.de\/en\/wp-json\/wp\/v2\/users\/1"}],"replies":[{"embeddable":true,"href":"https:\/\/dr-montanari.de\/en\/wp-json\/wp\/v2\/comments?post=113"}],"version-history":[{"count":32,"href":"https:\/\/dr-montanari.de\/en\/wp-json\/wp\/v2\/pages\/113\/revisions"}],"predecessor-version":[{"id":14841,"href":"https:\/\/dr-montanari.de\/en\/wp-json\/wp\/v2\/pages\/113\/revisions\/14841"}],"up":[{"embeddable":true,"href":"https:\/\/dr-montanari.de\/en\/wp-json\/wp\/v2\/pages\/108"}],"wp:featuredmedia":[{"embeddable":true,"href":"https:\/\/dr-montanari.de\/en\/wp-json\/wp\/v2\/media\/2814"}],"wp:attachment":[{"href":"https:\/\/dr-montanari.de\/en\/wp-json\/wp\/v2\/media?parent=113"}],"curies":[{"name":"wp","href":"https:\/\/api.w.org\/{rel}","templated":true}]}}