{"id":119,"date":"2018-07-30T15:44:24","date_gmt":"2018-07-30T13:44:24","guid":{"rendered":"http:\/\/dr-montanari.de.w0184301.kasserver.com\/?page_id=119"},"modified":"2025-12-09T10:29:07","modified_gmt":"2025-12-09T09:29:07","slug":"face","status":"publish","type":"page","link":"https:\/\/dr-montanari.de\/en\/leistungsspektrum\/gesicht\/","title":{"rendered":"Face"},"content":{"rendered":"<div data-elementor-type=\"wp-page\" data-elementor-id=\"119\" class=\"elementor elementor-119\" data-elementor-post-type=\"page\">\n\t\t\t\t\t\t<section class=\"elementor-section elementor-top-section elementor-element elementor-element-4195906 elementor-section-full_width elementor-reverse-tablet elementor-reverse-mobile elementor-section-height-default elementor-section-height-default\" data-id=\"4195906\" data-element_type=\"section\" data-e-type=\"section\">\n\t\t\t\t\t\t\t<div class=\"elementor-background-overlay\"><\/div>\n\t\t\t\t\t\t\t<div class=\"elementor-container elementor-column-gap-default\">\n\t\t\t\t\t<div class=\"elementor-column elementor-col-50 elementor-top-column elementor-element elementor-element-bf82699\" data-id=\"bf82699\" data-element_type=\"column\" data-e-type=\"column\">\n\t\t\t<div class=\"elementor-widget-wrap elementor-element-populated\">\n\t\t\t\t\t\t<div class=\"elementor-element elementor-element-7f86130 elementor-widget elementor-widget-heading\" data-id=\"7f86130\" data-element_type=\"widget\" data-e-type=\"widget\" data-widget_type=\"heading.default\">\n\t\t\t\t\t<h1 class=\"elementor-heading-title elementor-size-default\">Aesthetic corrections in the face \/ head area<\/h1>\t\t\t\t<\/div>\n\t\t\t\t<div class=\"elementor-element elementor-element-0375278 elementor-widget elementor-widget-text-editor\" data-id=\"0375278\" data-element_type=\"widget\" data-e-type=\"widget\" data-widget_type=\"text-editor.default\">\n\t\t\t\t\t\t\t\t\t<script defer async src='https:\/\/cdn.trustindex.io\/loader.js?2a469e22723113809f86f7d1823'><\/script>\t\t\t\t\t\t\t\t<\/div>\n\t\t\t\t\t<\/div>\n\t\t<\/div>\n\t\t\t\t<div class=\"elementor-column elementor-col-50 elementor-top-column elementor-element elementor-element-837a39f\" data-id=\"837a39f\" data-element_type=\"column\" data-e-type=\"column\">\n\t\t\t<div class=\"elementor-widget-wrap elementor-element-populated\">\n\t\t\t\t\t\t<div class=\"elementor-element elementor-element-e46000c elementor-widget elementor-widget-image\" data-id=\"e46000c\" data-element_type=\"widget\" data-e-type=\"widget\" data-widget_type=\"image.default\">\n\t\t\t\t\t\t\t\t\t\t\t\t\t\t\t<img fetchpriority=\"high\" decoding=\"async\" width=\"750\" height=\"500\" src=\"https:\/\/dr-montanari.de\/wp-content\/uploads\/AdobeStock_164450106_kopf_gesicht_header.avif\" class=\"attachment-full size-full wp-image-10311\" alt=\"plastic-surgery-head-face\" srcset=\"https:\/\/dr-montanari.de\/wp-content\/uploads\/AdobeStock_164450106_kopf_gesicht_header.avif 750w, https:\/\/dr-montanari.de\/wp-content\/uploads\/AdobeStock_164450106_kopf_gesicht_header-300x200.avif 300w, https:\/\/dr-montanari.de\/wp-content\/uploads\/AdobeStock_164450106_kopf_gesicht_header-18x12.png 18w\" sizes=\"(max-width: 750px) 100vw, 750px\" \/>\t\t\t\t\t\t\t\t\t\t\t\t\t\t\t<\/div>\n\t\t\t\t\t<\/div>\n\t\t<\/div>\n\t\t\t\t\t<\/div>\n\t\t<\/section>\n\t\t\t\t<section class=\"elementor-section elementor-top-section elementor-element elementor-element-79ab604 elementor-section-boxed elementor-section-height-default elementor-section-height-default\" data-id=\"79ab604\" data-element_type=\"section\" data-e-type=\"section\">\n\t\t\t\t\t\t<div class=\"elementor-container elementor-column-gap-default\">\n\t\t\t\t\t<div class=\"elementor-column elementor-col-50 elementor-top-column elementor-element elementor-element-519581d\" data-id=\"519581d\" data-element_type=\"column\" data-e-type=\"column\">\n\t\t\t<div class=\"elementor-widget-wrap elementor-element-populated\">\n\t\t\t\t\t\t<div class=\"elementor-element elementor-element-18a739b elementor-widget elementor-widget-text-editor\" data-id=\"18a739b\" data-element_type=\"widget\" data-e-type=\"widget\" data-widget_type=\"text-editor.default\">\n\t\t\t\t\t\t\t\t\t<ul><li><a href=\"https:\/\/dr-montanari.de\/en\/range-of-services\/face\/eyebrow-correction\/\">Eyebrow correction<\/a><\/li><li><a href=\"https:\/\/dr-montanari.de\/en\/range-of-services\/face\/lidcorrection\/\">Eyelid lift<\/a><\/li><li><a href=\"https:\/\/dr-montanari.de\/en\/range-of-services\/face\/double-chin\/\">Double chin<\/a><\/li><li><a href=\"https:\/\/dr-montanari.de\/en\/range-of-services\/face\/dark-circles-under-the-eyes\/\">Dark circles under the eyes<\/a><\/li><li><a href=\"https:\/\/dr-montanari.de\/en\/range-of-services\/face\/face-lift\/\">Facelift<\/a><\/li><li><a href=\"https:\/\/dr-montanari.de\/en\/range-of-services\/fold\/\">Folds<\/a><\/li><li><a title=\"Wrinkle treatment\" href=\"https:\/\/dr-montanari.de\/en\/range-of-services\/for-the-man\/wrinkle-treatment\/\">Wrinkle treatment man<\/a><\/li><li><a href=\"https:\/\/dr-montanari.de\/en\/range-of-services\/face\/minimally-invasive-facelift-without-a-scalpel\/\">Thread lifting<\/a><\/li><li><a href=\"https:\/\/dr-montanari.de\/en\/range-of-services\/face\/face-lift-without-surgery\/\">Facelift without surgery<\/a><\/li><li><a href=\"https:\/\/dr-montanari.de\/en\/range-of-services\/fold\/hair-loss\/\">Hair loss<\/a><\/li><li><a href=\"https:\/\/dr-montanari.de\/en\/range-of-services\/face\/wrinkles-on-the-neck\/\">Neck wrinkle removal \/ neck lift<\/a><\/li><li><a href=\"https:\/\/dr-montanari.de\/en\/range-of-services\/face\/jawline-jaw-contouring\/\">Jawline<\/a><\/li><li><a href=\"https:\/\/dr-montanari.de\/en\/range-of-services\/face\/chin-correction-without-surgery\/\">Chin correction without surgery<\/a><\/li><\/ul>\t\t\t\t\t\t\t\t<\/div>\n\t\t\t\t\t<\/div>\n\t\t<\/div>\n\t\t\t\t<div class=\"elementor-column elementor-col-50 elementor-top-column elementor-element elementor-element-4407b81\" data-id=\"4407b81\" data-element_type=\"column\" data-e-type=\"column\">\n\t\t\t<div class=\"elementor-widget-wrap elementor-element-populated\">\n\t\t\t\t\t\t<div class=\"elementor-element elementor-element-17edf5e elementor-widget elementor-widget-text-editor\" data-id=\"17edf5e\" data-element_type=\"widget\" data-e-type=\"widget\" data-widget_type=\"text-editor.default\">\n\t\t\t\t\t\t\t\t\t<ul><li><a href=\"https:\/\/dr-montanari.de\/en\/range-of-services\/face\/lip-correction-2\/\">Lip correction<\/a><\/li><li><a href=\"https:\/\/dr-montanari.de\/en\/range-of-services\/face\/rhinoplasty-without-surgery\/\">Rhinoplasty without surgery<\/a><\/li><li><a href=\"https:\/\/dr-montanari.de\/en\/range-of-services\/face\/ear-correction-2\/\">Ear correction<\/a><\/li><li><a href=\"https:\/\/dr-montanari.de\/en\/range-of-services\/face\/earlobe-correction\/\">Earlobe correction<\/a><\/li><li><a href=\"https:\/\/dr-montanari.de\/en\/range-of-services\/face\/face-lift\/presto-facelifiting\/\">PRESTO-Lifting<\/a><\/li><li><a href=\"https:\/\/dr-montanari.de\/en\/range-of-services\/fold\/forehead-wrinkles-frown-lines\/\">Forehead wrinkles \/ frown lines<\/a><\/li><li><a href=\"https:\/\/dr-montanari.de\/en\/range-of-services\/face\/forehead-lift\/\">Forehead lift<\/a><\/li><li><a href=\"https:\/\/dr-montanari.de\/en\/range-of-services\/face\/remove-tear-stains\/\">Remove bags under the eyes<\/a><\/li><li><a href=\"https:\/\/dr-montanari.de\/en\/range-of-services\/face\/cheek-correction\/\">Cheek correction<\/a><\/li><\/ul>\t\t\t\t\t\t\t\t<\/div>\n\t\t\t\t\t<\/div>\n\t\t<\/div>\n\t\t\t\t\t<\/div>\n\t\t<\/section>\n\t\t\t\t<section class=\"elementor-section elementor-top-section elementor-element elementor-element-35af243 elementor-section-boxed elementor-section-height-default elementor-section-height-default\" data-id=\"35af243\" data-element_type=\"section\" data-e-type=\"section\">\n\t\t\t\t\t\t<div class=\"elementor-container elementor-column-gap-default\">\n\t\t\t\t\t<div class=\"elementor-column elementor-col-100 elementor-top-column elementor-element elementor-element-35655e2\" data-id=\"35655e2\" data-element_type=\"column\" data-e-type=\"column\">\n\t\t\t<div class=\"elementor-widget-wrap elementor-element-populated\">\n\t\t\t\t\t\t<div class=\"elementor-element elementor-element-8f65c74 elementor-widget elementor-widget-text-editor\" data-id=\"8f65c74\" data-element_type=\"widget\" data-e-type=\"widget\" data-widget_type=\"text-editor.default\">\n\t\t\t\t\t\t\t\t\t<p>The signs of the ageing process are usually particularly noticeable on the face. Decreasing skin elasticity and tissue slackening, excessive muscle tension as well as volume and proportion shifts often show their attribute early on and can disrupt the harmony of the face. The desire to look fresher and more rested is therefore a frequent motivation for undergoing a facial treatment. Depending on the cause and the area of the face affected, various surgical and non-surgical treatment options are available, which can also be used in combination and have the same focus for us.<\/p>\t\t\t\t\t\t\t\t<\/div>\n\t\t\t\t\t<\/div>\n\t\t<\/div>\n\t\t\t\t\t<\/div>\n\t\t<\/section>\n\t\t\t\t<section class=\"elementor-section elementor-top-section elementor-element elementor-element-d2f1a6b elementor-section-boxed elementor-section-height-default elementor-section-height-default\" data-id=\"d2f1a6b\" data-element_type=\"section\" data-e-type=\"section\">\n\t\t\t\t\t\t<div class=\"elementor-container elementor-column-gap-default\">\n\t\t\t\t\t<div class=\"elementor-column elementor-col-100 elementor-top-column elementor-element elementor-element-18c9799\" data-id=\"18c9799\" data-element_type=\"column\" data-e-type=\"column\">\n\t\t\t<div class=\"elementor-widget-wrap elementor-element-populated\">\n\t\t\t\t\t\t<div class=\"elementor-element elementor-element-fad0486 elementor-widget elementor-widget-text-editor\" data-id=\"fad0486\" data-element_type=\"widget\" data-e-type=\"widget\" data-widget_type=\"text-editor.default\">\n\t\t\t\t\t\t\t\t\t<h2>Individual consultation for your aesthetic correction<\/h2>\n<p>Find out about the individual treatment options in advance on the corresponding subpages for your planned aesthetic correction or arrange an appointment with us. <a title=\"Arrange an appointment for a personal consultation\" href=\"https:\/\/dr-montanari.de\/en\/contact\/\">Appointment for a personal consultation<\/a>.<\/p>\t\t\t\t\t\t\t\t<\/div>\n\t\t\t\t\t<\/div>\n\t\t<\/div>\n\t\t\t\t\t<\/div>\n\t\t<\/section>\n\t\t\t\t<section class=\"elementor-section elementor-top-section elementor-element elementor-element-e02c1ac elementor-section-boxed elementor-section-height-default elementor-section-height-default\" data-id=\"e02c1ac\" data-element_type=\"section\" data-e-type=\"section\">\n\t\t\t\t\t\t<div class=\"elementor-container elementor-column-gap-default\">\n\t\t\t\t\t<div class=\"elementor-column elementor-col-100 elementor-top-column elementor-element elementor-element-d0b051a\" data-id=\"d0b051a\" data-element_type=\"column\" data-e-type=\"column\">\n\t\t\t<div class=\"elementor-widget-wrap elementor-element-populated\">\n\t\t\t\t\t\t<div class=\"elementor-element elementor-element-a349312 elementor-widget elementor-widget-shortcode\" data-id=\"a349312\" data-element_type=\"widget\" data-e-type=\"widget\" data-widget_type=\"shortcode.default\">\n\t\t\t\t\t\t\t<div class=\"elementor-shortcode\">\t\t<div data-elementor-type=\"section\" data-elementor-id=\"14133\" class=\"elementor elementor-14133\" data-elementor-post-type=\"elementor_library\">\n\t\t\t\t\t<section class=\"elementor-section elementor-top-section elementor-element elementor-element-7e8b1101 elementor-section-boxed elementor-section-height-default elementor-section-height-default elementor-invisible\" data-id=\"7e8b1101\" data-element_type=\"section\" data-e-type=\"section\" data-settings=\"{&quot;animation&quot;:&quot;fadeIn&quot;}\">\n\t\t\t\t\t\t<div class=\"elementor-container elementor-column-gap-default\">\n\t\t\t\t\t<div class=\"elementor-column elementor-col-100 elementor-top-column elementor-element elementor-element-1977b889\" data-id=\"1977b889\" data-element_type=\"column\" data-e-type=\"column\">\n\t\t\t<div class=\"elementor-widget-wrap elementor-element-populated\">\n\t\t\t\t\t\t<div class=\"elementor-element elementor-element-32b7292c elementor-widget elementor-widget-heading\" data-id=\"32b7292c\" data-element_type=\"widget\" data-e-type=\"widget\" data-widget_type=\"heading.default\">\n\t\t\t\t\t<h2 class=\"elementor-heading-title elementor-size-default\">Our specialists for plastic and aesthetic surgery<\/h2>\t\t\t\t<\/div>\n\t\t\t\t<section class=\"elementor-section elementor-inner-section elementor-element elementor-element-3a72080b elementor-section-boxed elementor-section-height-default elementor-section-height-default\" data-id=\"3a72080b\" data-element_type=\"section\" data-e-type=\"section\">\n\t\t\t\t\t\t<div class=\"elementor-container elementor-column-gap-default\">\n\t\t\t\t\t<div class=\"elementor-column elementor-col-33 elementor-inner-column elementor-element elementor-element-2bf84233\" data-id=\"2bf84233\" data-element_type=\"column\" data-e-type=\"column\">\n\t\t\t<div class=\"elementor-widget-wrap elementor-element-populated\">\n\t\t\t\t\t\t<div class=\"elementor-element elementor-element-4a3e1d82 elementor-widget elementor-widget-image\" data-id=\"4a3e1d82\" data-element_type=\"widget\" data-e-type=\"widget\" data-widget_type=\"image.default\">\n\t\t\t\t\t\t\t\t\t\t\t\t<figure class=\"wp-caption\">\n\t\t\t\t\t\t\t\t\t\t\t<a href=\"https:\/\/dr-montanari.de\/en\/practice-2\/dr-med-michaela-montanari\/\">\n\t\t\t\t\t\t\t<img decoding=\"async\" src=\"https:\/\/dr-montanari.de\/uploads\/praxisteam\/Dr-med-Michaela-Montanari-2021.jpg\" title=\"\" alt=\"Dr Michaela Montanari\" loading=\"lazy\" \/>\t\t\t\t\t\t\t\t<\/a>\n\t\t\t\t\t\t\t\t\t\t\t<figcaption class=\"widget-image-caption wp-caption-text\"><b>Dr Michaela Montanari<\/b><br>Specialist in plastic and aesthetic surgery<br>Specialist for surgery<br>Chairperson of the<br><a href=\"https:\/\/www.dgaepc.de\" target=\"_blank\" rel=\"noopener\">German Society for Aesthetic Plastic Surgery<\/a><\/figcaption>\n\t\t\t\t\t\t\t\t\t\t<\/figure>\n\t\t\t\t\t\t\t\t\t<\/div>\n\t\t\t\t\t<\/div>\n\t\t<\/div>\n\t\t\t\t<div class=\"elementor-column elementor-col-33 elementor-inner-column elementor-element elementor-element-6b0f543d\" data-id=\"6b0f543d\" data-element_type=\"column\" data-e-type=\"column\">\n\t\t\t<div class=\"elementor-widget-wrap elementor-element-populated\">\n\t\t\t\t\t\t<div class=\"elementor-element elementor-element-6b5750d6 elementor-widget elementor-widget-image\" data-id=\"6b5750d6\" data-element_type=\"widget\" data-e-type=\"widget\" data-widget_type=\"image.default\">\n\t\t\t\t\t\t\t\t\t\t\t\t<figure class=\"wp-caption\">\n\t\t\t\t\t\t\t\t\t\t\t<a href=\"https:\/\/dr-montanari.de\/en\/practice-2\/dr-med-michaela-montanari-2\/\">\n\t\t\t\t\t\t\t<img decoding=\"async\" width=\"600\" height=\"400\" src=\"https:\/\/dr-montanari.de\/wp-content\/uploads\/dr-anna-maria-bugariu.avif\" class=\"attachment-full size-full wp-image-2359\" alt=\"dr-anna-maria-bugariu\" srcset=\"https:\/\/dr-montanari.de\/wp-content\/uploads\/dr-anna-maria-bugariu.avif 600w, https:\/\/dr-montanari.de\/wp-content\/uploads\/dr-anna-maria-bugariu-300x200.avif 300w, https:\/\/dr-montanari.de\/wp-content\/uploads\/dr-anna-maria-bugariu-113x75.avif 113w, https:\/\/dr-montanari.de\/wp-content\/uploads\/dr-anna-maria-bugariu-480x320.avif 480w\" sizes=\"(max-width: 600px) 100vw, 600px\" \/>\t\t\t\t\t\t\t\t<\/a>\n\t\t\t\t\t\t\t\t\t\t\t<figcaption class=\"widget-image-caption wp-caption-text\"><b>Dr Anna Maria Bugariu<\/b><br>Specialist for<br>Plastic and aesthetic surgery<\/figcaption>\n\t\t\t\t\t\t\t\t\t\t<\/figure>\n\t\t\t\t\t\t\t\t\t<\/div>\n\t\t\t\t\t<\/div>\n\t\t<\/div>\n\t\t\t\t<div class=\"elementor-column elementor-col-33 elementor-inner-column elementor-element elementor-element-15311bea\" data-id=\"15311bea\" data-element_type=\"column\" data-e-type=\"column\">\n\t\t\t<div class=\"elementor-widget-wrap elementor-element-populated\">\n\t\t\t\t\t\t<div class=\"elementor-element elementor-element-29f1f89e elementor-widget elementor-widget-image\" data-id=\"29f1f89e\" data-element_type=\"widget\" data-e-type=\"widget\" data-widget_type=\"image.default\">\n\t\t\t\t\t\t\t\t\t\t\t\t<figure class=\"wp-caption\">\n\t\t\t\t\t\t\t\t\t\t\t<a href=\"https:\/\/dr-montanari.de\/en\/practice-2\/inna-roeschies\/\">\n\t\t\t\t\t\t\t<img decoding=\"async\" width=\"600\" height=\"400\" src=\"https:\/\/dr-montanari.de\/wp-content\/uploads\/Unbenannt-11.avif\" class=\"attachment-full size-full wp-image-13601\" alt=\"Inna Roeschies\" srcset=\"https:\/\/dr-montanari.de\/wp-content\/uploads\/Unbenannt-11.avif 600w, https:\/\/dr-montanari.de\/wp-content\/uploads\/Unbenannt-11-300x200.avif 300w, https:\/\/dr-montanari.de\/wp-content\/uploads\/Unbenannt-11-18x12.avif 18w\" sizes=\"(max-width: 600px) 100vw, 600px\" \/>\t\t\t\t\t\t\t\t<\/a>\n\t\t\t\t\t\t\t\t\t\t\t<figcaption class=\"widget-image-caption wp-caption-text\"><b>Inna Roeschies<\/b><br>Specialist for<br>Plastic and aesthetic surgery<\/figcaption>\n\t\t\t\t\t\t\t\t\t\t<\/figure>\n\t\t\t\t\t\t\t\t\t<\/div>\n\t\t\t\t\t<\/div>\n\t\t<\/div>\n\t\t\t\t\t<\/div>\n\t\t<\/section>\n\t\t\t\t\t<\/div>\n\t\t<\/div>\n\t\t\t\t\t<\/div>\n\t\t<\/section>\n\t\t\t\t<\/div>\n\t\t<\/div>\n\t\t\t\t\t\t<\/div>\n\t\t\t\t\t<\/div>\n\t\t<\/div>\n\t\t\t\t\t<\/div>\n\t\t<\/section>\n\t\t\t\t<\/div>","protected":false},"excerpt":{"rendered":"<p>\u00c4sthetische Korrekturen im Bereich Gesicht \/ Kopf Augenbrauenkorrektur Augenlidstraffung Doppelkinn Dunkle Augenringe Facelifting Falten Faltenbehandlung Mann Fadenlifting Gesichtslifting ohne Operation Haarausfall Halsfalten entfernen \/ Halsstraffung Jawline Kinnkorrektur ohne Operation Lippenkorrektur Nasenkorrektur ohne Operation Ohrenkorrektur Ohrl\u00e4ppchenkorrektur PRESTO-Lifting Stirnfalten \/ Zornesfalte Stirnlifting Tr\u00e4nens\u00e4cke entfernen Wangenkorrektur Die Zeichen des Alterungsprozesses sind im Gesicht meist besonders auff\u00e4llig. Abnehmende Hautelastizit\u00e4t [&hellip;]<\/p>\n","protected":false},"author":1,"featured_media":10311,"parent":117,"menu_order":0,"comment_status":"closed","ping_status":"closed","template":"","meta":{"footnotes":""},"class_list":["post-119","page","type-page","status-publish","has-post-thumbnail","hentry"],"_links":{"self":[{"href":"https:\/\/dr-montanari.de\/en\/wp-json\/wp\/v2\/pages\/119","targetHints":{"allow":["GET"]}}],"collection":[{"href":"https:\/\/dr-montanari.de\/en\/wp-json\/wp\/v2\/pages"}],"about":[{"href":"https:\/\/dr-montanari.de\/en\/wp-json\/wp\/v2\/types\/page"}],"author":[{"embeddable":true,"href":"https:\/\/dr-montanari.de\/en\/wp-json\/wp\/v2\/users\/1"}],"replies":[{"embeddable":true,"href":"https:\/\/dr-montanari.de\/en\/wp-json\/wp\/v2\/comments?post=119"}],"version-history":[{"count":6,"href":"https:\/\/dr-montanari.de\/en\/wp-json\/wp\/v2\/pages\/119\/revisions"}],"predecessor-version":[{"id":14264,"href":"https:\/\/dr-montanari.de\/en\/wp-json\/wp\/v2\/pages\/119\/revisions\/14264"}],"up":[{"embeddable":true,"href":"https:\/\/dr-montanari.de\/en\/wp-json\/wp\/v2\/pages\/117"}],"wp:featuredmedia":[{"embeddable":true,"href":"https:\/\/dr-montanari.de\/en\/wp-json\/wp\/v2\/media\/10311"}],"wp:attachment":[{"href":"https:\/\/dr-montanari.de\/en\/wp-json\/wp\/v2\/media?parent=119"}],"curies":[{"name":"wp","href":"https:\/\/api.w.org\/{rel}","templated":true}]}}