{"id":12010,"date":"2025-05-30T15:43:15","date_gmt":"2025-05-30T13:43:15","guid":{"rendered":"https:\/\/dr-montanari.de\/?page_id=12010"},"modified":"2025-10-04T14:39:45","modified_gmt":"2025-10-04T12:39:45","slug":"accessibility-declaration","status":"publish","type":"page","link":"https:\/\/dr-montanari.de\/en\/kontakt\/barrierefreiheitserklaerung\/","title":{"rendered":"Declaration of accessibility"},"content":{"rendered":"<div data-elementor-type=\"wp-page\" data-elementor-id=\"12010\" class=\"elementor elementor-12010\" data-elementor-post-type=\"page\">\n\t\t\t\t\t\t<section class=\"elementor-section elementor-top-section elementor-element elementor-element-b65d065 elementor-section-boxed elementor-section-height-default elementor-section-height-default\" data-id=\"b65d065\" data-element_type=\"section\" data-e-type=\"section\">\n\t\t\t\t\t\t<div class=\"elementor-container elementor-column-gap-default\">\n\t\t\t\t\t<div class=\"elementor-column elementor-col-100 elementor-top-column elementor-element elementor-element-7dde34e\" data-id=\"7dde34e\" data-element_type=\"column\" data-e-type=\"column\">\n\t\t\t<div class=\"elementor-widget-wrap elementor-element-populated\">\n\t\t\t\t\t\t<div class=\"elementor-element elementor-element-7dc112e elementor-widget elementor-widget-heading\" data-id=\"7dc112e\" data-element_type=\"widget\" data-e-type=\"widget\" data-widget_type=\"heading.default\">\n\t\t\t\t\t<h1 class=\"elementor-heading-title elementor-size-default\">Declaration of accessibility<\/h1>\t\t\t\t<\/div>\n\t\t\t\t\t<\/div>\n\t\t<\/div>\n\t\t\t\t\t<\/div>\n\t\t<\/section>\n\t\t\t\t<section class=\"elementor-section elementor-top-section elementor-element elementor-element-e7d6f11 elementor-section-boxed elementor-section-height-default elementor-section-height-default\" data-id=\"e7d6f11\" data-element_type=\"section\" data-e-type=\"section\">\n\t\t\t\t\t\t<div class=\"elementor-container elementor-column-gap-default\">\n\t\t\t\t\t<div class=\"elementor-column elementor-col-100 elementor-top-column elementor-element elementor-element-94d9edd\" data-id=\"94d9edd\" data-element_type=\"column\" data-e-type=\"column\">\n\t\t\t<div class=\"elementor-widget-wrap elementor-element-populated\">\n\t\t\t\t\t\t<div class=\"elementor-element elementor-element-b7a69cb elementor-widget elementor-widget-text-editor\" data-id=\"b7a69cb\" data-element_type=\"widget\" data-e-type=\"widget\" data-widget_type=\"text-editor.default\">\n\t\t\t\t\t\t\t\t\t<h2>1) Introduction<\/h2>\nThank you for visiting our website and for your interest.\n\nBelow you will find information on the accessibility of our website.\n\nWe will inform you about this,\n<ul>\n \t<li>which offer and which functions you can expect on this website,<\/li>\n \t<li>how you can use this offer and the functions,<\/li>\n \t<li>which options for barrier-free use are available to you and<\/li>\n \t<li>which authority is responsible for monitoring accessibility on this website.<\/li>\n<\/ul>\n<h2><\/h2>\n<h2>2) Offer and functions of this website<\/h2>\nThis website is an online shop for the sale of services.\n\nServices are presented here that can be added to an electronic shopping basket and then ordered and paid for.\n\nThis website has a header and a footer menu.\n\nIn the header menu, the services we sell are listed by category and can be called up individually from there.\n\nEach service is described on its own detail page with further information on its main features, scope of services and total price. From there it can be added to the electronic shopping basket.\n\nIn addition, the electronic shopping basket can be accessed via the header menu as soon as you have added at least one product to it. The electronic ordering process can be initiated and completed from this shopping basket.\n\nIn the footer menu you will find links to our imprint with our contact information as well as information on the legal basis of our online offer, payment options and links to other helpful service pages.\n<h2><\/h2>\n<h2>3) Explanations on the use of the offer and the functions<\/h2>\n<b>3.1<\/b>\u00a0Virtual buttons\n\nThis website can be operated using virtual buttons.\n\n<b>3.2<\/b>\u00a0Start, overview and detail pages\n\nOn the start page, you will find a selection of products on offer in the centre of the page. Interacting with a product presentation takes you to the product detail page.\n\nYou can navigate between the various product categories in the header menu.\nAfter selecting a category, you are taken to an overview page where all products in this category are displayed.\n\nInteracting with a product presentation on the overview page takes you to the product detail page.\n\nIn addition to all the essential information about the product and the total price, the product detail pages may also contain a quantity selection element and a shopping basket button.\n\nIf available, the desired order quantity can be specified via the quantity selection.\n\n<b>3.3<\/b>\u00a0Electronic shopping basket\n\nClick on the shopping basket button to add the product (in the selected quantity, if applicable) to the electronic shopping basket.\n\nThis electronic shopping basket can be called up at any time via the header menu.\n\nHere you can first check the added products. You can use the corresponding buttons to remove products or, if applicable, change the order quantity.\n\n<b>3.4<\/b>\u00a0Electronic ordering process\n\nAfter checking, you can complete the electronic ordering process by interacting with the corresponding buttons.\n\nTo do this, you will first be asked to enter your contact details (at least name, e-mail address and delivery or billing address) in the input mask.\n\nIn the next step, you can then choose between the available delivery and service options.\n\nFinally, you can choose one of the available payment methods, enter the necessary payment details and finalise the order.\n\nThe binding order is only placed when the button provided for this purpose is clicked on the final order page. It is labelled \"Buy\", \"Buy now\", \"Order with obligation to pay\" or another clear formulation.\n\nBefore pressing this order button, you can navigate back to the previous steps and\/or cancel the order process at any time using the \"Back\" button on your browser.\n\nIf you have chosen to pay using an online payment method, you will be redirected from the final order page to the payment provider's system to make the payment there.\n<h2><\/h2>\n<h2>4) Legal requirements for accessibility<\/h2>\nAs an online shop, this website belongs to the so-called \"services in electronic business transactions\" and is characterised by an electronic ordering and payment option.\n\nIt is subject to special legal requirements regarding accessibility.\n\nIn general, this website must provide functions and procedures that are tailored to the needs of people with disabilities and enable usability with digital aids.\n\nThe online shop functions of this website must\n<ul>\n \t<li>perceptible<\/li>\n \t<li>operable<\/li>\n \t<li>understandable and<\/li>\n \t<li>robust<\/li>\n<\/ul>\nbe designed.\n\nPerceptibility means that the information and components of the online shop are presented in such a way that they can be easily perceived by all users.\n\nUsability requires that the functions of the online shop can also be used by users with limited mobility or intellect.\n\nComprehensibility requires that the information and functions of the online shop are logically structured, easily recognisable and unambiguously labelled.\n\nFinally, robustness requires that the content and functions of the online shop can be used reliably and without restrictions, even if users use digital aids.\n\nIf there are products for sale in the online shop that are subject to their own accessibility requirements, information on accessible use must be provided for such products where available.\n<h2>\n5) Available aids for barrier-free use<\/h2>\nThis website fulfils the accessibility requirements through the following measures:\n<ul>\n \t<li>Alt texts for images: Images in the online shop are equipped with alternative texts that provide a brief description of the image and can be processed by screen readers (screen reading aids).<\/li>\n \t<li>Adjustability of the colour contrast: The colour contrast of the side elements can be adjusted. It can be raised or lowered.<\/li>\n \t<li>Accessible captchas: To ensure that inputs are of human origin, so-called \"captchas\" may be used. These captchas can be operated not only by visual categorisation using sight, but also by solving simple mental tasks.<\/li>\n \t<li>Operability via mouse and keyboard: The online shop functions can be operated both via mouse and keyboard. The mouse pointer can be moved and operated in the online shop using the keyboard control keys.<\/li>\n \t<li>Browser-independent page output: The content and functions of this website are available in the same layout, orientation and resolution regardless of the browser used.<\/li>\n \t<li>Cascading Style Sheets (CSS): A programming language is used which separates the presentation of the page content in terms of layout, colour and design from its content structure. This makes it possible for digital tools to use their own visibility schemes to display the page content.<\/li>\n \t<li>Checked correctness of HTML codes: All HTML codes are permanently checked for functionality in order to rule out functional failures and the inability to be captured by digital aids.<\/li>\n \t<li>Sufficient spacing between characters: Characters are displayed at a sufficient distance from each other so as not to impair legibility.<\/li>\n \t<li>Compatibility with screen readers: The content of the online shop is compatible with all common screen readers (screen reading aids) and can be read and processed by them.<\/li>\n \t<li>Responsive design (adaptation to different screen sizes): The content, elements and functions automatically adapt their dimensions to the size of the screen being used.<\/li>\n \t<li>Scalability (visibility when enlarged): Page elements and content remain legible in high resolution even when enlarged.<\/li>\n \t<li>Strong colour contrast: A strong contrast between the colours of characters and backgrounds is preset to ensure optimum visibility of the page elements.<\/li>\n \t<li>Text notes if input fields are not completed: If mandatory input fields are not completed, a text message is displayed in addition to a coloured highlight. This note clarifies which information is missing in the input field.<\/li>\n \t<li>Subtitles in videos: Embedded videos are equipped with subtitles to enable deaf people to watch them without restrictions.<\/li>\n<\/ul>\n<h2>\n6) Competent supervisory authority<\/h2>\nThe following authority is responsible for monitoring accessibility on this website:\n\nMarket Surveillance Centre of the Federal States for the Accessibility of Products and Services (MLBF)\nc\/o Ministry of Labour, Social Affairs, Health and Equality Saxony-Anhalt\nP.O. Box 39 11 55\n39135 Magdeburg\n\nTelephone: (+49) (0) 391 567 4530\nE-Mail: MLBF@ms.sachsen-anhalt.de\n<div id=\"itkanzlei_txt_copyright\" style=\"font-size: 12px; margin-top: 8em;\">\n\nCopyright notice: created by the specialised lawyers of IT-Recht Kanzlei and is protected by copyright (<a href=\"https:\/\/www.it-recht-kanzlei.de\/\" target=\"_blank\" rel=\"noopener\">https:\/\/www.it-recht-kanzlei.de<\/a>)\n\nStatus: 25\/06\/2025, 14:37:45\n<div style=\"clear: right;\"><\/div>\n<\/div>\t\t\t\t\t\t\t\t<\/div>\n\t\t\t\t\t<\/div>\n\t\t<\/div>\n\t\t\t\t\t<\/div>\n\t\t<\/section>\n\t\t\t\t<\/div>","protected":false},"excerpt":{"rendered":"<p>Barrierefreiheitserkl\u00e4rung 1) Einleitung Wir freuen uns \u00fcber Ihren Besuch unserer Website und bedanken uns f\u00fcr Ihr Interesse. Nachstehend erhalten Sie Informationen zur barrierefreien Nutzbarkeit unseres Online-Angebots. Wir informieren Sie dar\u00fcber, welches Angebot und welche Funktionen Sie auf dieser Website erwarten, wie Sie dieses Angebot und die Funktionen nutzen k\u00f6nnen, welche M\u00f6glichkeiten zur barrierefreien Nutzung Ihnen [&hellip;]<\/p>\n","protected":false},"author":4,"featured_media":0,"parent":291,"menu_order":0,"comment_status":"closed","ping_status":"closed","template":"","meta":{"footnotes":""},"class_list":["post-12010","page","type-page","status-publish","hentry"],"_links":{"self":[{"href":"https:\/\/dr-montanari.de\/en\/wp-json\/wp\/v2\/pages\/12010","targetHints":{"allow":["GET"]}}],"collection":[{"href":"https:\/\/dr-montanari.de\/en\/wp-json\/wp\/v2\/pages"}],"about":[{"href":"https:\/\/dr-montanari.de\/en\/wp-json\/wp\/v2\/types\/page"}],"author":[{"embeddable":true,"href":"https:\/\/dr-montanari.de\/en\/wp-json\/wp\/v2\/users\/4"}],"replies":[{"embeddable":true,"href":"https:\/\/dr-montanari.de\/en\/wp-json\/wp\/v2\/comments?post=12010"}],"version-history":[{"count":0,"href":"https:\/\/dr-montanari.de\/en\/wp-json\/wp\/v2\/pages\/12010\/revisions"}],"up":[{"embeddable":true,"href":"https:\/\/dr-montanari.de\/en\/wp-json\/wp\/v2\/pages\/291"}],"wp:attachment":[{"href":"https:\/\/dr-montanari.de\/en\/wp-json\/wp\/v2\/media?parent=12010"}],"curies":[{"name":"wp","href":"https:\/\/api.w.org\/{rel}","templated":true}]}}