{"id":13555,"date":"2025-09-02T16:51:00","date_gmt":"2025-09-02T14:51:00","guid":{"rendered":"https:\/\/dr-montanari.de\/?page_id=13555"},"modified":"2026-03-02T12:41:29","modified_gmt":"2026-03-02T11:41:29","slug":"inna-roeschies","status":"publish","type":"page","link":"https:\/\/dr-montanari.de\/en\/praxis\/inna-roeschies\/","title":{"rendered":"Inna Roeschies"},"content":{"rendered":"<div data-elementor-type=\"wp-page\" data-elementor-id=\"13555\" class=\"elementor elementor-13555\" data-elementor-post-type=\"page\">\n\t\t\t\t\t\t<section class=\"elementor-section elementor-top-section elementor-element elementor-element-81630f0 elementor-section-boxed elementor-section-height-default elementor-section-height-default\" data-id=\"81630f0\" data-element_type=\"section\" data-e-type=\"section\">\n\t\t\t\t\t\t<div class=\"elementor-container elementor-column-gap-default\">\n\t\t\t\t\t<div class=\"elementor-column elementor-col-100 elementor-top-column elementor-element elementor-element-13da6b7\" data-id=\"13da6b7\" data-element_type=\"column\" data-e-type=\"column\">\n\t\t\t<div class=\"elementor-widget-wrap elementor-element-populated\">\n\t\t\t\t\t\t<div class=\"elementor-element elementor-element-6264545 elementor-widget elementor-widget-heading\" data-id=\"6264545\" data-element_type=\"widget\" data-e-type=\"widget\" data-widget_type=\"heading.default\">\n\t\t\t\t\t<h1 class=\"elementor-heading-title elementor-size-default\">Inna Roeschies<\/h1>\t\t\t\t<\/div>\n\t\t\t\t<div class=\"elementor-element elementor-element-51efbc4 elementor-widget elementor-widget-text-editor\" data-id=\"51efbc4\" data-element_type=\"widget\" data-e-type=\"widget\" data-widget_type=\"text-editor.default\">\n\t\t\t\t\t\t\t\t\t<p style=\"text-align: center;\">Specialist in plastic and aesthetic surgery<\/p>\t\t\t\t\t\t\t\t<\/div>\n\t\t\t\t\t<\/div>\n\t\t<\/div>\n\t\t\t\t\t<\/div>\n\t\t<\/section>\n\t\t\t\t<section class=\"elementor-section elementor-top-section elementor-element elementor-element-984fee1 elementor-section-boxed elementor-section-height-default elementor-section-height-default\" data-id=\"984fee1\" data-element_type=\"section\" data-e-type=\"section\">\n\t\t\t\t\t\t<div class=\"elementor-container elementor-column-gap-default\">\n\t\t\t\t\t<div class=\"elementor-column elementor-col-50 elementor-top-column elementor-element elementor-element-dc16ec8\" data-id=\"dc16ec8\" data-element_type=\"column\" data-e-type=\"column\">\n\t\t\t<div class=\"elementor-widget-wrap elementor-element-populated\">\n\t\t\t\t\t\t<div class=\"elementor-element elementor-element-25c64e2 elementor-widget elementor-widget-image\" data-id=\"25c64e2\" data-element_type=\"widget\" data-e-type=\"widget\" data-widget_type=\"image.default\">\n\t\t\t\t\t\t\t\t\t\t\t\t<figure class=\"wp-caption\">\n\t\t\t\t\t\t\t\t\t\t<img fetchpriority=\"high\" decoding=\"async\" width=\"567\" height=\"850\" src=\"https:\/\/dr-montanari.de\/wp-content\/uploads\/dr-inna-roeschies-1.avif\" class=\"attachment-full size-full wp-image-13551\" alt=\"Inna Roeschies\" srcset=\"https:\/\/dr-montanari.de\/wp-content\/uploads\/dr-inna-roeschies-1.avif 567w, https:\/\/dr-montanari.de\/wp-content\/uploads\/dr-inna-roeschies-1-200x300.jpg 200w, https:\/\/dr-montanari.de\/wp-content\/uploads\/dr-inna-roeschies-1-8x12.avif 8w\" sizes=\"(max-width: 567px) 100vw, 567px\" \/>\t\t\t\t\t\t\t\t\t\t\t<figcaption class=\"widget-image-caption wp-caption-text\"><b>Inna Roeschies<\/b><br>Specialist for<br> Plastic and Aesthetic Surgery<\/figcaption>\n\t\t\t\t\t\t\t\t\t\t<\/figure>\n\t\t\t\t\t\t\t\t\t<\/div>\n\t\t\t\t\t<\/div>\n\t\t<\/div>\n\t\t\t\t<div class=\"elementor-column elementor-col-50 elementor-top-column elementor-element elementor-element-d537b0b\" data-id=\"d537b0b\" data-element_type=\"column\" data-e-type=\"column\">\n\t\t\t<div class=\"elementor-widget-wrap elementor-element-populated\">\n\t\t\t\t\t\t<div class=\"elementor-element elementor-element-a432e67 elementor-widget elementor-widget-heading\" data-id=\"a432e67\" data-element_type=\"widget\" data-e-type=\"widget\" data-widget_type=\"heading.default\">\n\t\t\t\t\t<h2 class=\"elementor-heading-title elementor-size-default\">Brief profile of Inna Roeschies<\/h2>\t\t\t\t<\/div>\n\t\t\t\t<div class=\"elementor-element elementor-element-4bfdf11 elementor-widget elementor-widget-text-editor\" data-id=\"4bfdf11\" data-element_type=\"widget\" data-e-type=\"widget\" data-widget_type=\"text-editor.default\">\n\t\t\t\t\t\t\t\t\t<p>As a specialist in plastic and aesthetic surgery, she brings many years of experience from the entire surgical spectrum - including visceral, vascular, hand, foot, orthopaedic and accident surgery - to her daily work. This broad knowledge enables well-founded, customised solutions at a high medical level.<\/p><p>It is particularly important to her to cater to patients' wishes and needs. With empathetic, competent advice, she creates trust and the basis for optimal treatment results.<\/p><p>The aim is to use individualised treatment plans to noticeably increase the satisfaction, self-confidence and quality of life of their patients.<\/p><p>She has also completed further training in the field of minimally invasive filler and botulinum therapy and the treatment of lipoedema.<\/p>\t\t\t\t\t\t\t\t<\/div>\n\t\t\t\t<div class=\"elementor-element elementor-element-adfefea vita elementor-widget elementor-widget-accordion\" data-id=\"adfefea\" data-element_type=\"widget\" data-e-type=\"widget\" data-widget_type=\"accordion.default\">\n\t\t\t\t\t\t\t<div class=\"elementor-accordion\">\n\t\t\t\t\t\t\t<div class=\"elementor-accordion-item\">\n\t\t\t\t\t<h2 id=\"elementor-tab-title-1821\" class=\"elementor-tab-title\" data-tab=\"1\" role=\"button\" aria-controls=\"elementor-tab-content-1821\" aria-expanded=\"false\">\n\t\t\t\t\t\t\t\t\t\t\t\t<a class=\"elementor-accordion-title\" tabindex=\"0\">Memberships<\/a>\n\t\t\t\t\t<\/h2>\n\t\t\t\t\t<div id=\"elementor-tab-content-1821\" class=\"elementor-tab-content elementor-clearfix\" data-tab=\"1\" role=\"region\" aria-labelledby=\"elementor-tab-title-1821\"><ul><li style=\"padding-top: 15px;\"><a href=\"https:\/\/www.dgpraec.de\/\" target=\"_blank\" rel=\"noopener\">German Society for Plastic Reconstructive and Aesthetic Surgery<\/a><br \/>(Associate member)<\/li><li style=\"padding-top: 15px;\"><a href=\"https:\/\/www.dgbt.de\/\" target=\"_blank\" rel=\"noopener\">German Society for Aesthetic Botulinum and Filler Therapy e.V.<\/a><br \/>(Full member)<\/li><li style=\"padding-top: 15px;\"><a href=\"https:\/\/www.gaerid.de\/\" target=\"_blank\" rel=\"noopener\">Society for Aesthetic and Reconstructive Intimate Surgery Germany e.V.<\/a><br \/>(Full member)<\/li><\/ul><\/div>\n\t\t\t\t<\/div>\n\t\t\t\t\t\t\t<div class=\"elementor-accordion-item\">\n\t\t\t\t\t<h2 id=\"elementor-tab-title-1822\" class=\"elementor-tab-title\" data-tab=\"2\" role=\"button\" aria-controls=\"elementor-tab-content-1822\" aria-expanded=\"false\">\n\t\t\t\t\t\t\t\t\t\t\t\t<a class=\"elementor-accordion-title\" tabindex=\"0\">Medical studies<\/a>\n\t\t\t\t\t<\/h2>\n\t\t\t\t\t<div id=\"elementor-tab-content-1822\" class=\"elementor-tab-content elementor-clearfix\" data-tab=\"2\" role=\"region\" aria-labelledby=\"elementor-tab-title-1822\"><p><strong>2007 - 2017<\/strong><\/p><p style=\"padding-left: 40px;\">STUDY OF HUMAN MEDICINE<\/p><p style=\"padding-left: 40px;\">Ruhr University Bochum<\/p><\/div>\n\t\t\t\t<\/div>\n\t\t\t\t\t\t\t<div class=\"elementor-accordion-item\">\n\t\t\t\t\t<h2 id=\"elementor-tab-title-1823\" class=\"elementor-tab-title\" data-tab=\"3\" role=\"button\" aria-controls=\"elementor-tab-content-1823\" aria-expanded=\"false\">\n\t\t\t\t\t\t\t\t\t\t\t\t<a class=\"elementor-accordion-title\" tabindex=\"0\">Professional career<\/a>\n\t\t\t\t\t<\/h2>\n\t\t\t\t\t<div id=\"elementor-tab-content-1823\" class=\"elementor-tab-content elementor-clearfix\" data-tab=\"3\" role=\"region\" aria-labelledby=\"elementor-tab-title-1823\"><p><strong>Since 01\/09\/2025<\/strong><\/p><p style=\"padding-left: 40px;\">Employed specialist in plastic and aesthetic surgery at the practice of Dr Michaela Montanari, Bochum<\/p><p><strong>05\/2025<\/strong><\/p><p style=\"padding-left: 40px;\">Specialist certification in plastic and aesthetic surgery, Westphalia-Lippe Medical Association<\/p><p><strong>10\/2020 - 04\/2025<\/strong><\/p><p style=\"padding-left: 40px;\">Specialist training in plastic and aesthetic surgery<\/p><p><strong>2022 - 2025 - St. Marien-Hospital, Borken<\/strong><\/p><p style=\"padding-left: 40px;\">Plastic &amp; Aesthetic Surgery; Hand Surgery; Emergency Care in the Surgical Emergency Department; Burn Rotation, Clinic for Plastic and Aesthetic Surgery, Burn Surgery, Hand Surgery and Sarcoma Centre, BG Klinikum Bergmannsheil, Bochum<\/p><p><strong>2020 - 2022 - St. Rochus Hospital, Castrop-Rauxel<\/strong><\/p><p style=\"padding-left: 40px;\">Plastic and aesthetic surgery; hand and foot surgery, lymphatic surgery; co-supervision of plastic surgery consultations; emergency care in the surgical emergency room<\/p><p><strong>06\/2017 - 05\/2020<\/strong><\/p><p style=\"padding-left: 40px;\">Basic training in surgery<\/p><p><strong>2020 - Helios St. Josef Hospital, Bochum-Linden<\/strong><\/p><p style=\"padding-left: 40px;\">Visceral surgery; orthopaedics &amp; trauma surgery; foot surgery; emergency care in the surgical emergency department<\/p><p><strong>2017 - 2019 - Evangelical Hospital, Hattingen<\/strong><\/p><p style=\"padding-left: 40px;\">Visceral, vascular, orthopaedics &amp; trauma surgery; emergency care in the surgical emergency department; intensive therapy for surgical patients<\/p><\/div>\n\t\t\t\t<\/div>\n\t\t\t\t\t\t\t<div class=\"elementor-accordion-item\">\n\t\t\t\t\t<h2 id=\"elementor-tab-title-1824\" class=\"elementor-tab-title\" data-tab=\"4\" role=\"button\" aria-controls=\"elementor-tab-content-1824\" aria-expanded=\"false\">\n\t\t\t\t\t\t\t\t\t\t\t\t<a class=\"elementor-accordion-title\" tabindex=\"0\">Additional qualifications<\/a>\n\t\t\t\t\t<\/h2>\n\t\t\t\t\t<div id=\"elementor-tab-content-1824\" class=\"elementor-tab-content elementor-clearfix\" data-tab=\"4\" role=\"region\" aria-labelledby=\"elementor-tab-title-1824\"><ul><li>Expertise in radiation protection for emergency diagnostics (R\u00f62) | 2019<br \/>Update | 2024<\/li><li>Knowledge of teleradiology (R\u00f6V) | 2020,<br \/>Update | 2023<\/li><li>Vienna hand course (basic) 2019; Vienna wrist course (basic) | 2020<\/li><li>Advanced training in botulinum toxin\/hyaluronic fillers (online) | 2024, 2025<\/li><li>Lipoedema training: diagnosis &amp; therapy (online) | 2024<\/li><li>Certificate \u201eMedical Assessment\u201c - Module I &amp; II (Curriculum B\u00c4K), \u00c4K Westfalen-Lippe | 2025<\/li><li>Certificate \u201eAdvanced training regulations\u201c - (valid until Aug 2030), \u00c4K Westfalen-Lippe | 2025<\/li><li>DGBT certificate for aesthetic botulinum toxin therapy<br \/>Bochum | 2025<\/li><li>DGBT certificate for aesthetic injection treatments<br \/>Bochum | 2025<\/li><\/ul><\/div>\n\t\t\t\t<\/div>\n\t\t\t\t\t\t\t\t<\/div>\n\t\t\t\t\t\t<\/div>\n\t\t\t\t\t<\/div>\n\t\t<\/div>\n\t\t\t\t\t<\/div>\n\t\t<\/section>\n\t\t\t\t<\/div>","protected":false},"excerpt":{"rendered":"<p>Inna Roeschies Fach\u00e4rztin f\u00fcr Plastische und \u00c4sthetische Chirurgie Inna RoeschiesFach\u00e4rztin f\u00fcr Plastische und \u00c4sthetische Kurzprofil Inna Roeschies Als Fach\u00e4rztin f\u00fcr Plastische und \u00c4sthetische Chirurgie bringt sie langj\u00e4hrige Erfahrung aus dem gesamten chirurgischen Spektrum \u2013 u. a. Viszeral-, Gef\u00e4\u00df-, Hand-, Fu\u00df-, Orthop\u00e4die- und Unfallchirurgie \u2013 in ihre t\u00e4gliche Arbeit mit ein. Dieses breite Wissen erm\u00f6glicht fundierte, [&hellip;]<\/p>\n","protected":false},"author":2,"featured_media":13575,"parent":108,"menu_order":0,"comment_status":"closed","ping_status":"closed","template":"","meta":{"footnotes":""},"class_list":["post-13555","page","type-page","status-publish","has-post-thumbnail","hentry"],"_links":{"self":[{"href":"https:\/\/dr-montanari.de\/en\/wp-json\/wp\/v2\/pages\/13555","targetHints":{"allow":["GET"]}}],"collection":[{"href":"https:\/\/dr-montanari.de\/en\/wp-json\/wp\/v2\/pages"}],"about":[{"href":"https:\/\/dr-montanari.de\/en\/wp-json\/wp\/v2\/types\/page"}],"author":[{"embeddable":true,"href":"https:\/\/dr-montanari.de\/en\/wp-json\/wp\/v2\/users\/2"}],"replies":[{"embeddable":true,"href":"https:\/\/dr-montanari.de\/en\/wp-json\/wp\/v2\/comments?post=13555"}],"version-history":[{"count":3,"href":"https:\/\/dr-montanari.de\/en\/wp-json\/wp\/v2\/pages\/13555\/revisions"}],"predecessor-version":[{"id":14855,"href":"https:\/\/dr-montanari.de\/en\/wp-json\/wp\/v2\/pages\/13555\/revisions\/14855"}],"up":[{"embeddable":true,"href":"https:\/\/dr-montanari.de\/en\/wp-json\/wp\/v2\/pages\/108"}],"wp:featuredmedia":[{"embeddable":true,"href":"https:\/\/dr-montanari.de\/en\/wp-json\/wp\/v2\/media\/13575"}],"wp:attachment":[{"href":"https:\/\/dr-montanari.de\/en\/wp-json\/wp\/v2\/media?parent=13555"}],"curies":[{"name":"wp","href":"https:\/\/api.w.org\/{rel}","templated":true}]}}