{"id":181,"date":"2018-07-31T15:25:26","date_gmt":"2018-07-31T13:25:26","guid":{"rendered":"http:\/\/dr-montanari.de.w0184301.kasserver.com\/?page_id=181"},"modified":"2026-03-06T17:28:47","modified_gmt":"2026-03-06T16:28:47","slug":"breast-2","status":"publish","type":"page","link":"https:\/\/dr-montanari.de\/en\/leistungsspektrum\/brust\/","title":{"rendered":"Chest"},"content":{"rendered":"<div data-elementor-type=\"wp-page\" data-elementor-id=\"181\" class=\"elementor elementor-181\" data-elementor-post-type=\"page\">\n\t\t\t\t\t\t<section class=\"elementor-section elementor-top-section elementor-element elementor-element-0189e49 elementor-section-full_width elementor-reverse-tablet elementor-reverse-mobile elementor-section-height-default elementor-section-height-default\" data-id=\"0189e49\" data-element_type=\"section\" data-e-type=\"section\">\n\t\t\t\t\t\t\t<div class=\"elementor-background-overlay\"><\/div>\n\t\t\t\t\t\t\t<div class=\"elementor-container elementor-column-gap-default\">\n\t\t\t\t\t<div class=\"elementor-column elementor-col-50 elementor-top-column elementor-element elementor-element-7b7fa47\" data-id=\"7b7fa47\" data-element_type=\"column\" data-e-type=\"column\">\n\t\t\t<div class=\"elementor-widget-wrap elementor-element-populated\">\n\t\t\t\t\t\t<div class=\"elementor-element elementor-element-08136ce elementor-widget elementor-widget-heading\" data-id=\"08136ce\" data-element_type=\"widget\" data-e-type=\"widget\" data-widget_type=\"heading.default\">\n\t\t\t\t\t<h1 class=\"elementor-heading-title elementor-size-default\">Breast correction \/ breast surgery in Bochum<\/h1>\t\t\t\t<\/div>\n\t\t\t\t<div class=\"elementor-element elementor-element-9fe9a1d elementor-widget elementor-widget-text-editor\" data-id=\"9fe9a1d\" data-element_type=\"widget\" data-e-type=\"widget\" data-widget_type=\"text-editor.default\">\n\t\t\t\t\t\t\t\t\t<h2 style=\"text-align: center;\">from woman to woman<\/h2>\t\t\t\t\t\t\t\t<\/div>\n\t\t\t\t\t<\/div>\n\t\t<\/div>\n\t\t\t\t<div class=\"elementor-column elementor-col-50 elementor-top-column elementor-element elementor-element-0455f6c\" data-id=\"0455f6c\" data-element_type=\"column\" data-e-type=\"column\">\n\t\t\t<div class=\"elementor-widget-wrap elementor-element-populated\">\n\t\t\t\t\t\t<div class=\"elementor-element elementor-element-b3dd029 elementor-widget elementor-widget-image\" data-id=\"b3dd029\" data-element_type=\"widget\" data-e-type=\"widget\" data-widget_type=\"image.default\">\n\t\t\t\t\t\t\t\t\t\t\t\t\t\t\t<img fetchpriority=\"high\" decoding=\"async\" width=\"750\" height=\"501\" src=\"https:\/\/dr-montanari.de\/wp-content\/uploads\/AdobeStock_189100679_brust_header.avif\" class=\"attachment-full size-full wp-image-10227\" alt=\"Breast operations\" srcset=\"https:\/\/dr-montanari.de\/wp-content\/uploads\/AdobeStock_189100679_brust_header.avif 750w, https:\/\/dr-montanari.de\/wp-content\/uploads\/AdobeStock_189100679_brust_header-300x200.avif 300w, https:\/\/dr-montanari.de\/wp-content\/uploads\/AdobeStock_189100679_brust_header-18x12.png 18w\" sizes=\"(max-width: 750px) 100vw, 750px\" \/>\t\t\t\t\t\t\t\t\t\t\t\t\t\t\t<\/div>\n\t\t\t\t\t<\/div>\n\t\t<\/div>\n\t\t\t\t\t<\/div>\n\t\t<\/section>\n\t\t\t\t<section class=\"elementor-section elementor-top-section elementor-element elementor-element-f9c70b3 elementor-section-boxed elementor-section-height-default elementor-section-height-default\" data-id=\"f9c70b3\" data-element_type=\"section\" data-e-type=\"section\">\n\t\t\t\t\t\t<div class=\"elementor-container elementor-column-gap-default\">\n\t\t\t\t\t<div class=\"elementor-column elementor-col-100 elementor-top-column elementor-element elementor-element-212124c\" data-id=\"212124c\" data-element_type=\"column\" data-e-type=\"column\">\n\t\t\t<div class=\"elementor-widget-wrap elementor-element-populated\">\n\t\t\t\t\t\t<section class=\"elementor-section elementor-inner-section elementor-element elementor-element-78559b4 elementor-section-boxed elementor-section-height-default elementor-section-height-default\" data-id=\"78559b4\" data-element_type=\"section\" data-e-type=\"section\">\n\t\t\t\t\t\t<div class=\"elementor-container elementor-column-gap-default\">\n\t\t\t\t\t<div class=\"elementor-column elementor-col-50 elementor-inner-column elementor-element elementor-element-b92ca07\" data-id=\"b92ca07\" data-element_type=\"column\" data-e-type=\"column\">\n\t\t\t<div class=\"elementor-widget-wrap elementor-element-populated\">\n\t\t\t\t\t\t<div class=\"elementor-element elementor-element-15196de elementor-widget elementor-widget-text-editor\" data-id=\"15196de\" data-element_type=\"widget\" data-e-type=\"widget\" data-widget_type=\"text-editor.default\">\n\t\t\t\t\t\t\t\t\t<p>The breast is the central organ of femininity. Many women with breasts that are too small, too large, sagging or uneven feel unattractive or unfeminine, which can affect their self-esteem.<\/p><p>However, changes to men's breasts can also affect their own aesthetic perception and thus impair their sense of attractiveness and vitality.<\/p>\t\t\t\t\t\t\t\t<\/div>\n\t\t\t\t<div class=\"elementor-element elementor-element-76a80aa elementor-widget elementor-widget-heading\" data-id=\"76a80aa\" data-element_type=\"widget\" data-e-type=\"widget\" data-widget_type=\"heading.default\">\n\t\t\t\t\t<h2 class=\"elementor-heading-title elementor-size-default\">The most common breast operations<\/h2>\t\t\t\t<\/div>\n\t\t\t\t<div class=\"elementor-element elementor-element-56d1152 elementor-widget elementor-widget-text-editor\" data-id=\"56d1152\" data-element_type=\"widget\" data-e-type=\"widget\" data-widget_type=\"text-editor.default\">\n\t\t\t\t\t\t\t\t\t<ul><li><a href=\"https:\/\/dr-montanari.de\/en\/range-of-services\/breast-2\/nipple-correction\/\">Nipple correction<\/a><\/li><li><a href=\"https:\/\/dr-montanari.de\/en\/range-of-services\/breast-2\/breast-reduction\/\">Breast reduction<\/a><\/li><li><a href=\"https:\/\/dr-montanari.de\/en\/range-of-services\/breast-2\/breast-augmentation-4\/\">Breast augmentation<\/a><\/li><li><a href=\"https:\/\/dr-montanari.de\/en\/range-of-services\/breast-2\/breast-augmentation-2\/\">Breast augmentation with autologous fat<\/a><\/li><li><a href=\"https:\/\/dr-montanari.de\/en\/range-of-services\/breast-2\/breast-reconstruction\/\">Breast reconstruction<\/a><\/li><li><a href=\"https:\/\/dr-montanari.de\/en\/range-of-services\/breast-2\/breast-lift\/\">Breast lift<\/a><\/li><li><a href=\"https:\/\/dr-montanari.de\/en\/range-of-services\/breast-2\/breast-implants-2\/\">Breast implants<\/a><\/li><li><a href=\"https:\/\/dr-montanari.de\/en\/range-of-services\/breast-2\/gynaecomastia-male-breast\/\">Gynaecomastia<\/a><\/li><li><a href=\"https:\/\/dr-montanari.de\/en\/range-of-services\/breast-2\/breast-augmentation-6\/\">Implant removal<\/a><\/li><li><a href=\"https:\/\/dr-montanari.de\/en\/range-of-services\/breast-2\/breast-augmentation-5\/\">Implant change<\/a><\/li><li><a href=\"https:\/\/dr-montanari.de\/en\/range-of-services\/breast-2\/nipple-injection\/\">Nipple injection<\/a><\/li><li><a href=\"https:\/\/dr-montanari.de\/en\/range-of-services\/breast-2\/nipple-correction-2\/\">Inverted nipple correction<\/a><\/li><\/ul>\t\t\t\t\t\t\t\t<\/div>\n\t\t\t\t<div class=\"elementor-element elementor-element-21253ac elementor-widget elementor-widget-text-editor\" data-id=\"21253ac\" data-element_type=\"widget\" data-e-type=\"widget\" data-widget_type=\"text-editor.default\">\n\t\t\t\t\t\t\t\t\tIn a personal consultation from woman to woman, we can discuss your problems, expectations and ideas individually and explain in detail the breast correction that is suitable for you.\n\nAny planned breast surgery requires a thorough preliminary examination (e.g. mammography, ultrasound).\n\nThe aim is to achieve a natural appearance with well-formed breasts that fit the body silhouette in size and shape.\t\t\t\t\t\t\t\t<\/div>\n\t\t\t\t\t<\/div>\n\t\t<\/div>\n\t\t\t\t<div class=\"elementor-column elementor-col-50 elementor-inner-column elementor-element elementor-element-b4f22fe\" data-id=\"b4f22fe\" data-element_type=\"column\" data-e-type=\"column\">\n\t\t\t<div class=\"elementor-widget-wrap elementor-element-populated\">\n\t\t\t\t\t\t<div class=\"elementor-element elementor-element-de5aeef elementor-widget elementor-widget-image\" data-id=\"de5aeef\" data-element_type=\"widget\" data-e-type=\"widget\" data-widget_type=\"image.default\">\n\t\t\t\t\t\t\t\t\t\t\t\t\t\t\t<img decoding=\"async\" width=\"386\" height=\"750\" src=\"https:\/\/dr-montanari.de\/wp-content\/uploads\/focus-2026-montanari-brust.png\" class=\"attachment-full size-full wp-image-14904\" alt=\"Focus Award Top Doctor 2026 Breast Surgery\" srcset=\"https:\/\/dr-montanari.de\/wp-content\/uploads\/focus-2026-montanari-brust.png 386w, https:\/\/dr-montanari.de\/wp-content\/uploads\/focus-2026-montanari-brust-154x300.png 154w, https:\/\/dr-montanari.de\/wp-content\/uploads\/focus-2026-montanari-brust-6x12.png 6w\" sizes=\"(max-width: 386px) 100vw, 386px\" \/>\t\t\t\t\t\t\t\t\t\t\t\t\t\t\t<\/div>\n\t\t\t\t<div class=\"elementor-element elementor-element-d540341 elementor-widget elementor-widget-text-editor\" data-id=\"d540341\" data-element_type=\"widget\" data-e-type=\"widget\" data-widget_type=\"text-editor.default\">\n\t\t\t\t\t\t\t\t\t<p><img decoding=\"async\" class=\"aligncenter\" src=\"https:\/\/dr-montanari.de\/uploads\/leistungsspektrum\/gala-beautify.jpg\" alt=\"Gala Beautify 01\/2018\" width=\"200\" border=\"0\" \/><\/p><p style=\"text-align: center;\">Recommendation in Gala Beautify 01\/2018 for aesthetic breast surgery<\/p>\t\t\t\t\t\t\t\t<\/div>\n\t\t\t\t\t<\/div>\n\t\t<\/div>\n\t\t\t\t\t<\/div>\n\t\t<\/section>\n\t\t\t\t\t<\/div>\n\t\t<\/div>\n\t\t\t\t\t<\/div>\n\t\t<\/section>\n\t\t\t\t<section class=\"elementor-section elementor-top-section elementor-element elementor-element-ed9303d elementor-section-boxed elementor-section-height-default elementor-section-height-default\" data-id=\"ed9303d\" data-element_type=\"section\" data-e-type=\"section\" data-settings=\"{&quot;background_background&quot;:&quot;classic&quot;}\">\n\t\t\t\t\t\t<div class=\"elementor-container elementor-column-gap-default\">\n\t\t\t\t\t<div class=\"elementor-column elementor-col-50 elementor-top-column elementor-element elementor-element-7cd91e2\" data-id=\"7cd91e2\" data-element_type=\"column\" data-e-type=\"column\">\n\t\t\t<div class=\"elementor-widget-wrap elementor-element-populated\">\n\t\t\t\t\t\t<div class=\"elementor-element elementor-element-4d15684 elementor-widget elementor-widget-heading\" data-id=\"4d15684\" data-element_type=\"widget\" data-e-type=\"widget\" data-widget_type=\"heading.default\">\n\t\t\t\t\t<h2 class=\"elementor-heading-title elementor-size-default\">Certified breast surgeon<\/h2>\t\t\t\t<\/div>\n\t\t\t\t<div class=\"elementor-element elementor-element-e3adeaa elementor-widget elementor-widget-text-editor\" data-id=\"e3adeaa\" data-element_type=\"widget\" data-e-type=\"widget\" data-widget_type=\"text-editor.default\">\n\t\t\t\t\t\t\t\t\t<p style=\"text-align: left;\">Dr Montanari has been appointed to the Supervisory Board on 27.02.24 by the <strong>DGPR\u00c4C certified breast surgeon<\/strong><\/p><p>The following requirements must be met for certification:<\/p><ul><li>Specialist in plastic and aesthetic surgery\u00a0<\/li><li>Member of the DGPR\u00c4C<\/li><li>At least 50 breast operations per year over the course of 5 years (augmentation, reduction, malformations, reconstruction)<\/li><\/ul>\t\t\t\t\t\t\t\t<\/div>\n\t\t\t\t\t<\/div>\n\t\t<\/div>\n\t\t\t\t<div class=\"elementor-column elementor-col-50 elementor-top-column elementor-element elementor-element-6cbbf0a\" data-id=\"6cbbf0a\" data-element_type=\"column\" data-e-type=\"column\">\n\t\t\t<div class=\"elementor-widget-wrap elementor-element-populated\">\n\t\t\t\t\t\t<div class=\"elementor-element elementor-element-71eb087 elementor-widget elementor-widget-image\" data-id=\"71eb087\" data-element_type=\"widget\" data-e-type=\"widget\" data-widget_type=\"image.default\">\n\t\t\t\t\t\t\t\t\t\t\t\t\t\t\t<img decoding=\"async\" width=\"1780\" height=\"2560\" src=\"https:\/\/dr-montanari.de\/wp-content\/uploads\/zertifikat-1-scaled.jpg\" class=\"attachment-full size-full wp-image-6886\" alt=\"Certified breast surgeon DGPR\u00c4C\" srcset=\"https:\/\/dr-montanari.de\/wp-content\/uploads\/zertifikat-1-scaled.jpg 1780w, https:\/\/dr-montanari.de\/wp-content\/uploads\/zertifikat-1-209x300.avif 209w, https:\/\/dr-montanari.de\/wp-content\/uploads\/zertifikat-1-712x1024.jpg 712w, https:\/\/dr-montanari.de\/wp-content\/uploads\/zertifikat-1-768x1105.jpg 768w, https:\/\/dr-montanari.de\/wp-content\/uploads\/zertifikat-1-1068x1536.jpg 1068w, https:\/\/dr-montanari.de\/wp-content\/uploads\/zertifikat-1-1424x2048.jpg 1424w, https:\/\/dr-montanari.de\/wp-content\/uploads\/zertifikat-1-8x12.avif 8w\" sizes=\"(max-width: 1780px) 100vw, 1780px\" \/>\t\t\t\t\t\t\t\t\t\t\t\t\t\t\t<\/div>\n\t\t\t\t\t<\/div>\n\t\t<\/div>\n\t\t\t\t\t<\/div>\n\t\t<\/section>\n\t\t\t\t<section class=\"elementor-section elementor-top-section elementor-element elementor-element-4a77db4 kurz elementor-section-boxed elementor-section-height-default elementor-section-height-default\" data-id=\"4a77db4\" data-element_type=\"section\" data-e-type=\"section\" data-settings=\"{&quot;background_background&quot;:&quot;classic&quot;,&quot;shape_divider_top&quot;:&quot;opacity-fan&quot;,&quot;shape_divider_bottom&quot;:&quot;opacity-fan&quot;}\">\n\t\t\t\t\t<div class=\"elementor-shape elementor-shape-top\" aria-hidden=\"true\" data-negative=\"false\">\n\t\t\t<svg xmlns=\"http:\/\/www.w3.org\/2000\/svg\" viewbox=\"0 0 283.5 19.6\" preserveaspectratio=\"none\">\n\t<path class=\"elementor-shape-fill\" style=\"opacity:0.33\" d=\"M0 0L0 18.8 141.8 4.1 283.5 18.8 283.5 0z\"\/>\n\t<path class=\"elementor-shape-fill\" style=\"opacity:0.33\" d=\"M0 0L0 12.6 141.8 4 283.5 12.6 283.5 0z\"\/>\n\t<path class=\"elementor-shape-fill\" style=\"opacity:0.33\" d=\"M0 0L0 6.4 141.8 4 283.5 6.4 283.5 0z\"\/>\n\t<path class=\"elementor-shape-fill\" d=\"M0 0L0 1.2 141.8 4 283.5 1.2 283.5 0z\"\/>\n<\/svg>\t\t<\/div>\n\t\t\t\t<div class=\"elementor-shape elementor-shape-bottom\" aria-hidden=\"true\" data-negative=\"false\">\n\t\t\t<svg xmlns=\"http:\/\/www.w3.org\/2000\/svg\" viewbox=\"0 0 283.5 19.6\" preserveaspectratio=\"none\">\n\t<path class=\"elementor-shape-fill\" style=\"opacity:0.33\" d=\"M0 0L0 18.8 141.8 4.1 283.5 18.8 283.5 0z\"\/>\n\t<path class=\"elementor-shape-fill\" style=\"opacity:0.33\" d=\"M0 0L0 12.6 141.8 4 283.5 12.6 283.5 0z\"\/>\n\t<path class=\"elementor-shape-fill\" style=\"opacity:0.33\" d=\"M0 0L0 6.4 141.8 4 283.5 6.4 283.5 0z\"\/>\n\t<path class=\"elementor-shape-fill\" d=\"M0 0L0 1.2 141.8 4 283.5 1.2 283.5 0z\"\/>\n<\/svg>\t\t<\/div>\n\t\t\t\t\t<div class=\"elementor-container elementor-column-gap-default\">\n\t\t\t\t\t<div class=\"elementor-column elementor-col-100 elementor-top-column elementor-element elementor-element-04bbdef\" data-id=\"04bbdef\" data-element_type=\"column\" data-e-type=\"column\">\n\t\t\t<div class=\"elementor-widget-wrap elementor-element-populated\">\n\t\t\t\t\t\t<div class=\"elementor-element elementor-element-4647d6b elementor-widget elementor-widget-heading\" data-id=\"4647d6b\" data-element_type=\"widget\" data-e-type=\"widget\" data-widget_type=\"heading.default\">\n\t\t\t\t\t<h2 class=\"elementor-heading-title elementor-size-default\">What do patients say about us?<\/h2>\t\t\t\t<\/div>\n\t\t\t\t<div class=\"elementor-element elementor-element-56f5b62 elementor-widget elementor-widget-text-editor\" data-id=\"56f5b62\" data-element_type=\"widget\" data-e-type=\"widget\" data-widget_type=\"text-editor.default\">\n\t\t\t\t\t\t\t\t\t<p><script defer async src='https:\/\/cdn.trustindex.io\/loader.js?cd73c13237c153321f7694419f0'><span data-mce-type=\"bookmark\" style=\"display: inline-block; width: 0px; overflow: hidden; line-height: 0;\" class=\"mce_SELRES_start\">\ufeff<\/span><\/script><\/p><p style=\"text-align: center;\"><a href=\"https:\/\/www.trustindex.io\/reviews\/dr-montanari.de\" target=\"_blank\" rel=\"noopener\">View all reviews<\/a><\/p>\t\t\t\t\t\t\t\t<\/div>\n\t\t\t\t<div class=\"elementor-element elementor-element-f746831 elementor-widget elementor-widget-text-editor\" data-id=\"f746831\" data-element_type=\"widget\" data-e-type=\"widget\" data-widget_type=\"text-editor.default\">\n\t\t\t\t\t\t\t\t\t<p>The reviews shown here come directly from our Google, Jameda and Trustindex profile. This is monitored and checked by the respective provider themselves. This means you can see real testimonials from our patients - transparent, up-to-date and reliable.<\/p>\t\t\t\t\t\t\t\t<\/div>\n\t\t\t\t\t<\/div>\n\t\t<\/div>\n\t\t\t\t\t<\/div>\n\t\t<\/section>\n\t\t\t\t<section class=\"elementor-section elementor-top-section elementor-element elementor-element-5687e67 elementor-section-boxed elementor-section-height-default elementor-section-height-default\" data-id=\"5687e67\" data-element_type=\"section\" data-e-type=\"section\">\n\t\t\t\t\t\t<div class=\"elementor-container elementor-column-gap-default\">\n\t\t\t\t\t<div class=\"elementor-column elementor-col-100 elementor-top-column elementor-element elementor-element-a9396f9\" data-id=\"a9396f9\" data-element_type=\"column\" data-e-type=\"column\">\n\t\t\t<div class=\"elementor-widget-wrap elementor-element-populated\">\n\t\t\t\t\t\t<div class=\"elementor-element elementor-element-9ccf9ac elementor-widget elementor-widget-shortcode\" data-id=\"9ccf9ac\" data-element_type=\"widget\" data-e-type=\"widget\" data-widget_type=\"shortcode.default\">\n\t\t\t\t\t\t\t<div class=\"elementor-shortcode\">\t\t<div data-elementor-type=\"section\" data-elementor-id=\"14133\" class=\"elementor elementor-14133\" data-elementor-post-type=\"elementor_library\">\n\t\t\t\t\t<section class=\"elementor-section elementor-top-section elementor-element elementor-element-7e8b1101 elementor-section-boxed elementor-section-height-default elementor-section-height-default elementor-invisible\" data-id=\"7e8b1101\" data-element_type=\"section\" data-e-type=\"section\" data-settings=\"{&quot;animation&quot;:&quot;fadeIn&quot;}\">\n\t\t\t\t\t\t<div class=\"elementor-container elementor-column-gap-default\">\n\t\t\t\t\t<div class=\"elementor-column elementor-col-100 elementor-top-column elementor-element elementor-element-1977b889\" data-id=\"1977b889\" data-element_type=\"column\" data-e-type=\"column\">\n\t\t\t<div class=\"elementor-widget-wrap elementor-element-populated\">\n\t\t\t\t\t\t<div class=\"elementor-element elementor-element-32b7292c elementor-widget elementor-widget-heading\" data-id=\"32b7292c\" data-element_type=\"widget\" data-e-type=\"widget\" data-widget_type=\"heading.default\">\n\t\t\t\t\t<h2 class=\"elementor-heading-title elementor-size-default\">Our specialists for plastic and aesthetic surgery<\/h2>\t\t\t\t<\/div>\n\t\t\t\t<section class=\"elementor-section elementor-inner-section elementor-element elementor-element-3a72080b elementor-section-boxed elementor-section-height-default elementor-section-height-default\" data-id=\"3a72080b\" data-element_type=\"section\" data-e-type=\"section\">\n\t\t\t\t\t\t<div class=\"elementor-container elementor-column-gap-default\">\n\t\t\t\t\t<div class=\"elementor-column elementor-col-33 elementor-inner-column elementor-element elementor-element-2bf84233\" data-id=\"2bf84233\" data-element_type=\"column\" data-e-type=\"column\">\n\t\t\t<div class=\"elementor-widget-wrap elementor-element-populated\">\n\t\t\t\t\t\t<div class=\"elementor-element elementor-element-4a3e1d82 elementor-widget elementor-widget-image\" data-id=\"4a3e1d82\" data-element_type=\"widget\" data-e-type=\"widget\" data-widget_type=\"image.default\">\n\t\t\t\t\t\t\t\t\t\t\t\t<figure class=\"wp-caption\">\n\t\t\t\t\t\t\t\t\t\t\t<a href=\"https:\/\/dr-montanari.de\/en\/practice-2\/dr-med-michaela-montanari\/\">\n\t\t\t\t\t\t\t<img decoding=\"async\" src=\"https:\/\/dr-montanari.de\/uploads\/praxisteam\/Dr-med-Michaela-Montanari-2021.jpg\" title=\"\" alt=\"Dr Michaela Montanari\" loading=\"lazy\" \/>\t\t\t\t\t\t\t\t<\/a>\n\t\t\t\t\t\t\t\t\t\t\t<figcaption class=\"widget-image-caption wp-caption-text\"><b>Dr Michaela Montanari<\/b><br>Specialist in plastic and aesthetic surgery<br>Specialist for surgery<br>Chairperson of the<br><a href=\"https:\/\/www.dgaepc.de\" target=\"_blank\" rel=\"noopener\">German Society for Aesthetic Plastic Surgery<\/a><\/figcaption>\n\t\t\t\t\t\t\t\t\t\t<\/figure>\n\t\t\t\t\t\t\t\t\t<\/div>\n\t\t\t\t\t<\/div>\n\t\t<\/div>\n\t\t\t\t<div class=\"elementor-column elementor-col-33 elementor-inner-column elementor-element elementor-element-6b0f543d\" data-id=\"6b0f543d\" data-element_type=\"column\" data-e-type=\"column\">\n\t\t\t<div class=\"elementor-widget-wrap elementor-element-populated\">\n\t\t\t\t\t\t<div class=\"elementor-element elementor-element-6b5750d6 elementor-widget elementor-widget-image\" data-id=\"6b5750d6\" data-element_type=\"widget\" data-e-type=\"widget\" data-widget_type=\"image.default\">\n\t\t\t\t\t\t\t\t\t\t\t\t<figure class=\"wp-caption\">\n\t\t\t\t\t\t\t\t\t\t\t<a href=\"https:\/\/dr-montanari.de\/en\/practice-2\/dr-med-michaela-montanari-2\/\">\n\t\t\t\t\t\t\t<img loading=\"lazy\" decoding=\"async\" width=\"600\" height=\"400\" src=\"https:\/\/dr-montanari.de\/wp-content\/uploads\/dr-anna-maria-bugariu.avif\" class=\"attachment-full size-full wp-image-2359\" alt=\"dr-anna-maria-bugariu\" srcset=\"https:\/\/dr-montanari.de\/wp-content\/uploads\/dr-anna-maria-bugariu.avif 600w, https:\/\/dr-montanari.de\/wp-content\/uploads\/dr-anna-maria-bugariu-300x200.avif 300w, https:\/\/dr-montanari.de\/wp-content\/uploads\/dr-anna-maria-bugariu-113x75.avif 113w, https:\/\/dr-montanari.de\/wp-content\/uploads\/dr-anna-maria-bugariu-480x320.avif 480w\" sizes=\"(max-width: 600px) 100vw, 600px\" \/>\t\t\t\t\t\t\t\t<\/a>\n\t\t\t\t\t\t\t\t\t\t\t<figcaption class=\"widget-image-caption wp-caption-text\"><b>Dr Anna Maria Bugariu<\/b><br>Specialist for<br>Plastic and aesthetic surgery<\/figcaption>\n\t\t\t\t\t\t\t\t\t\t<\/figure>\n\t\t\t\t\t\t\t\t\t<\/div>\n\t\t\t\t\t<\/div>\n\t\t<\/div>\n\t\t\t\t<div class=\"elementor-column elementor-col-33 elementor-inner-column elementor-element elementor-element-15311bea\" data-id=\"15311bea\" data-element_type=\"column\" data-e-type=\"column\">\n\t\t\t<div class=\"elementor-widget-wrap elementor-element-populated\">\n\t\t\t\t\t\t<div class=\"elementor-element elementor-element-29f1f89e elementor-widget elementor-widget-image\" data-id=\"29f1f89e\" data-element_type=\"widget\" data-e-type=\"widget\" data-widget_type=\"image.default\">\n\t\t\t\t\t\t\t\t\t\t\t\t<figure class=\"wp-caption\">\n\t\t\t\t\t\t\t\t\t\t\t<a href=\"https:\/\/dr-montanari.de\/en\/practice-2\/inna-roeschies\/\">\n\t\t\t\t\t\t\t<img loading=\"lazy\" decoding=\"async\" width=\"600\" height=\"400\" src=\"https:\/\/dr-montanari.de\/wp-content\/uploads\/Unbenannt-11.avif\" class=\"attachment-full size-full wp-image-13601\" alt=\"Inna Roeschies\" srcset=\"https:\/\/dr-montanari.de\/wp-content\/uploads\/Unbenannt-11.avif 600w, https:\/\/dr-montanari.de\/wp-content\/uploads\/Unbenannt-11-300x200.avif 300w, https:\/\/dr-montanari.de\/wp-content\/uploads\/Unbenannt-11-18x12.avif 18w\" sizes=\"(max-width: 600px) 100vw, 600px\" \/>\t\t\t\t\t\t\t\t<\/a>\n\t\t\t\t\t\t\t\t\t\t\t<figcaption class=\"widget-image-caption wp-caption-text\"><b>Inna Roeschies<\/b><br>Specialist for<br>Plastic and aesthetic surgery<\/figcaption>\n\t\t\t\t\t\t\t\t\t\t<\/figure>\n\t\t\t\t\t\t\t\t\t<\/div>\n\t\t\t\t\t<\/div>\n\t\t<\/div>\n\t\t\t\t\t<\/div>\n\t\t<\/section>\n\t\t\t\t\t<\/div>\n\t\t<\/div>\n\t\t\t\t\t<\/div>\n\t\t<\/section>\n\t\t\t\t<\/div>\n\t\t<\/div>\n\t\t\t\t\t\t<\/div>\n\t\t\t\t\t<\/div>\n\t\t<\/div>\n\t\t\t\t\t<\/div>\n\t\t<\/section>\n\t\t\t\t<section class=\"elementor-section elementor-top-section elementor-element elementor-element-d90010d elementor-section-boxed elementor-section-height-default elementor-section-height-default\" data-id=\"d90010d\" data-element_type=\"section\" data-e-type=\"section\">\n\t\t\t\t\t\t<div class=\"elementor-container elementor-column-gap-default\">\n\t\t\t\t\t<div class=\"elementor-column elementor-col-100 elementor-top-column elementor-element elementor-element-bcf8d72\" data-id=\"bcf8d72\" data-element_type=\"column\" data-e-type=\"column\">\n\t\t\t<div class=\"elementor-widget-wrap elementor-element-populated\">\n\t\t\t\t\t\t<div class=\"elementor-element elementor-element-4d19144 elementor-widget elementor-widget-text-editor\" data-id=\"4d19144\" data-element_type=\"widget\" data-e-type=\"widget\" data-widget_type=\"text-editor.default\">\n\t\t\t\t\t\t\t\t\t<p>Frequently searched for:<br \/><a title=\"Wrinkle treatment Bochum\" href=\"..\/..\/leistungsspektrum\/falten\/\">Wrinkle treatment Bochum<\/a> \u2013 <a title=\"Liposuction Bochum\" href=\"https:\/\/dr-montanari.de\/en\/range-of-services\/body\/liposuction-bodycontouring-riding-breeches\/\">Liposuction Bochum<\/a> \u2013 <a title=\"Breast surgery Bochum\" href=\"https:\/\/dr-montanari.de\/en\/range-of-services\/breast-2\/\">Breast surgery Bochum<\/a> \u2013 <a title=\"Breast augmentation\" href=\"https:\/\/dr-montanari.de\/en\/range-of-services\/breast-2\/breast-augmentation-4\/\">Breast augmentation<\/a> \u2013 <a title=\"Botox Bochum\" href=\"https:\/\/dr-montanari.de\/en\/range-of-services\/fold\/botulinum-toxin\/\">Botox Bochum<\/a> \u2013 <a title=\"Breast lift Bochum\" href=\"https:\/\/dr-montanari.de\/en\/range-of-services\/breast-2\/breast-lift\/\">Breast lift Bochum<\/a><\/p>\t\t\t\t\t\t\t\t<\/div>\n\t\t\t\t\t<\/div>\n\t\t<\/div>\n\t\t\t\t\t<\/div>\n\t\t<\/section>\n\t\t\t\t<\/div>","protected":false},"excerpt":{"rendered":"<p>Korrektur der Brust \/ Brustoperationen in Bochum von Frau zu Frau Die Brust stellt das zentrale Organ der Weiblichkeit dar. Viele Frauen mit zu kleinen, zu gro\u00dfen, erschlafften oder ungleichen Br\u00fcsten f\u00fchlen sich unattraktiv oder unweiblich und k\u00f6nnen so im Selbstwertgef\u00fchl beeintr\u00e4chtigt sein. Aber auch bei M\u00e4nnern k\u00f6nnen Ver\u00e4nderungen an der eigenen Brust das eigene [&hellip;]<\/p>\n","protected":false},"author":1,"featured_media":10227,"parent":117,"menu_order":0,"comment_status":"closed","ping_status":"closed","template":"","meta":{"footnotes":""},"class_list":["post-181","page","type-page","status-publish","has-post-thumbnail","hentry"],"_links":{"self":[{"href":"https:\/\/dr-montanari.de\/en\/wp-json\/wp\/v2\/pages\/181","targetHints":{"allow":["GET"]}}],"collection":[{"href":"https:\/\/dr-montanari.de\/en\/wp-json\/wp\/v2\/pages"}],"about":[{"href":"https:\/\/dr-montanari.de\/en\/wp-json\/wp\/v2\/types\/page"}],"author":[{"embeddable":true,"href":"https:\/\/dr-montanari.de\/en\/wp-json\/wp\/v2\/users\/1"}],"replies":[{"embeddable":true,"href":"https:\/\/dr-montanari.de\/en\/wp-json\/wp\/v2\/comments?post=181"}],"version-history":[{"count":15,"href":"https:\/\/dr-montanari.de\/en\/wp-json\/wp\/v2\/pages\/181\/revisions"}],"predecessor-version":[{"id":14939,"href":"https:\/\/dr-montanari.de\/en\/wp-json\/wp\/v2\/pages\/181\/revisions\/14939"}],"up":[{"embeddable":true,"href":"https:\/\/dr-montanari.de\/en\/wp-json\/wp\/v2\/pages\/117"}],"wp:featuredmedia":[{"embeddable":true,"href":"https:\/\/dr-montanari.de\/en\/wp-json\/wp\/v2\/media\/10227"}],"wp:attachment":[{"href":"https:\/\/dr-montanari.de\/en\/wp-json\/wp\/v2\/media?parent=181"}],"curies":[{"name":"wp","href":"https:\/\/api.w.org\/{rel}","templated":true}]}}