{"id":183,"date":"2018-07-31T15:49:33","date_gmt":"2018-07-31T13:49:33","guid":{"rendered":"http:\/\/dr-montanari.de.w0184301.kasserver.com\/?page_id=183"},"modified":"2026-01-22T18:58:09","modified_gmt":"2026-01-22T17:58:09","slug":"breast-augmentation-bochum","status":"publish","type":"page","link":"https:\/\/dr-montanari.de\/en\/leistungsspektrum\/brust\/brustvergroesserung-bochum\/","title":{"rendered":"Breast augmentation Bochum"},"content":{"rendered":"\t\t<div data-elementor-type=\"wp-page\" data-elementor-id=\"183\" class=\"elementor elementor-183\" data-elementor-post-type=\"page\">\n\t\t\t\t\t\t<section class=\"elementor-section elementor-top-section elementor-element elementor-element-08da92a elementor-section-boxed elementor-section-height-default elementor-section-height-default\" data-id=\"08da92a\" data-element_type=\"section\" data-e-type=\"section\">\n\t\t\t\t\t\t<div class=\"elementor-container elementor-column-gap-default\">\n\t\t\t\t\t<div class=\"elementor-column elementor-col-100 elementor-top-column elementor-element elementor-element-83444f9\" data-id=\"83444f9\" data-element_type=\"column\" data-e-type=\"column\">\n\t\t\t<div class=\"elementor-widget-wrap elementor-element-populated\">\n\t\t\t\t\t\t<div class=\"elementor-element elementor-element-ca27420 elementor-widget elementor-widget-heading\" data-id=\"ca27420\" data-element_type=\"widget\" data-e-type=\"widget\" data-widget_type=\"heading.default\">\n\t\t\t\t\t<h1 class=\"elementor-heading-title elementor-size-default\">Brustvergr\u00f6\u00dferung Bochum<\/h1>\t\t\t\t<\/div>\n\t\t\t\t\t<\/div>\n\t\t<\/div>\n\t\t\t\t\t<\/div>\n\t\t<\/section>\n\t\t\t\t<section class=\"elementor-section elementor-top-section elementor-element elementor-element-e7e443a elementor-section-boxed elementor-section-height-default elementor-section-height-default\" data-id=\"e7e443a\" data-element_type=\"section\" data-e-type=\"section\">\n\t\t\t\t\t\t<div class=\"elementor-container elementor-column-gap-default\">\n\t\t\t\t\t<div class=\"elementor-column elementor-col-100 elementor-top-column elementor-element elementor-element-6d35999\" data-id=\"6d35999\" data-element_type=\"column\" data-e-type=\"column\">\n\t\t\t<div class=\"elementor-widget-wrap elementor-element-populated\">\n\t\t\t\t\t\t<div class=\"elementor-element elementor-element-873e80c elementor-widget elementor-widget-text-editor\" data-id=\"873e80c\" data-element_type=\"widget\" data-e-type=\"widget\" data-widget_type=\"text-editor.default\">\n\t\t\t\t\t\t\t\t\t<p><strong>Assoziierte Begriffe:<\/strong><br \/><em>Mamma-Augmentation<\/em><\/p><p>Sie kommen aus Bochum oder der Umgebung von Bochum und interessieren sich f\u00fcr eine <strong>Brustvergr\u00f6\u00dferung<\/strong>? In meiner Privatpraxis, direkt im Zentrum von Bochum berate ich Sie gern zum Thema Brustvergr\u00f6\u00dferung. <a>Vereinbaren Sie Ihren Termin<\/a>.<\/p><h2>F\u00fcr welche Frau ist eine Brustvergr\u00f6\u00dferung geeignet?<\/h2><p style=\"padding-left: 40px;\">Prinzipiell ist eine Brustvergr\u00f6\u00dferung bei jeder Frau m\u00f6glich, hierbei sind die physische und seelische Verfassung zu ber\u00fccksichtigen. Eine gute Basis f\u00fcr eine Brustvergr\u00f6\u00dferung mit einem sch\u00f6nen \u00e4sthetischen Ergebnis ist ein nicht zu gro\u00dfer Busen, der m\u00f6glichst symmetrisch ist und bei dem die Brustwarze nicht weit (ca. 1 bis 3 cm) unter der Brustfalte sitzt. <a class=\"lightbox\" title=\"Brustvergr\u00f6\u00dferung in Bochum. Sch\u00f6n geformte Br\u00fcsten, die mit dem restlichen K\u00f6rperbild harmonisieren.\" href=\"https:\/\/dr-montanari.de\/uploads\/leistungsspektrum\/brustvergroesserung-bochum.jpg\" rel=\"lightbox['brustvergroesserung']\"><img decoding=\"async\" title=\"Brustvergr\u00f6\u00dferung Bochum\" src=\"https:\/\/dr-montanari.de\/uploads\/leistungsspektrum\/brustvergroesserung-bochum_kl.jpg\" alt=\"Brustvergr\u00f6\u00dferung Bochum\" align=\"right\" border=\"0\" \/><\/a> Sind die Br\u00fcste stark erschlafft, sollte man besser die Haut straffen und die Dr\u00fcse anheben (<a title=\"Bruststraffung\" href=\"https:\/\/dr-montanari.de\/leistungsspektrum\/brust\/bruststraffung\/\">Bruststraffung<\/a>) und bei kleinen Br\u00fcsten ein Implantat verwendet werden. Au\u00dferdem sollte bei einer Brustvergr\u00f6\u00dferung das K\u00f6rperwachstum abgeschlossen sein.<\/p><h3>Arten von Brustvergr\u00f6\u00dferungen<\/h3><ul><li><a title=\"Brustvergr\u00f6\u00dferung in Bochum mit Silikon-Gel-Implantaten\" href=\"https:\/\/dr-montanari.de\/leistungsspektrum\/brust\/brustvergroesserung\/\">Brustvergr\u00f6\u00dferung mit Silikon-Gel-Implantaten<\/a><\/li><li><a title=\"Brustvergr\u00f6\u00dferung in Bochum mit Eigenfett\" href=\"https:\/\/dr-montanari.de\/leistungsspektrum\/brust\/brustvergroesserung-eigenfett\/\">Brustvergr\u00f6\u00dferung mit Eigenfett<\/a><\/li><\/ul><h2 style=\"padding-top: 25px;\">Gr\u00fcnde f\u00fcr eine Brustvergr\u00f6\u00dferung<\/h2><p style=\"padding-left: 40px;\"><a class=\"lightbox\" title=\"Brustvergr\u00f6\u00dferung in Bochum. Sch\u00f6n geformte Br\u00fcsten, die mit dem restlichen K\u00f6rperbild harmonisieren.\" href=\"https:\/\/dr-montanari.de\/uploads\/leistungsspektrum\/bochum-brustvergroesserung.jpg\" rel=\"lightbox['brustvergroesserung']\"><img decoding=\"async\" title=\"Brustvergr\u00f6\u00dferung Bochum\" src=\"https:\/\/dr-montanari.de\/uploads\/leistungsspektrum\/bochum-brustvergroesserung_kl.jpg\" alt=\"Brustvergr\u00f6\u00dferung Bochum\" align=\"right\" border=\"0\" \/><\/a>Der am meisten genannte Grund f\u00fcr eine Brustvergr\u00f6\u00dferung ist der Wunsch nach sch\u00f6n geformten und normal gro\u00dfen Br\u00fcsten, deren Erscheinungsbild mit dem restlichen K\u00f6rper harmonisieren. F\u00fcr viele ist aber auch ein sch\u00f6nes Dekollet\u00e9 ein wichtiger Aspekt f\u00fcr eine Brust-OP. Eine Brustvergr\u00f6\u00dferung bietet zudem die M\u00f6glichkeit, erschlaffte Br\u00fcste infolge einer Schwangerschaft, Stillzeit oder durch Gewichtsverlust wieder &#8222;in Form&#8220; zu bringen, dabei kann die Brustvergr\u00f6\u00dferung ggf. mit einer Bruststraffung kombiniert werden. Auch die Anpassung unterschiedlich gro\u00dfer Br\u00fcste (Asymmetrie) kann mit einer Brustvergr\u00f6\u00dferung erreicht werden. Somit ist das gemeinsame Hauptziel einer Brustvergr\u00f6\u00dferung ein nat\u00fcrliches Aussehen mit einer Verbesserung der weiblichen Ausstrahlung und des damit verbundenen Selbstwertgef\u00fchles zu erreichen.<\/p><p style=\"padding-left: 40px;\">In meiner Praxis in Bochum werden bei Brustvergr\u00f6\u00dferungen nur Qualit\u00e4tsimplantate der Firmen Polytech (Deutschland) und Allergan (USA) verwendet. Beide Firmen geben eine lebenslange Garantie auf ihre Implantate.<\/p><hr \/>\t\t\t\t\t\t\t\t<\/div>\n\t\t\t\t\t<\/div>\n\t\t<\/div>\n\t\t\t\t\t<\/div>\n\t\t<\/section>\n\t\t\t\t<section class=\"elementor-section elementor-top-section elementor-element elementor-element-df3af03 elementor-section-boxed elementor-section-height-default elementor-section-height-default\" data-id=\"df3af03\" data-element_type=\"section\" data-e-type=\"section\">\n\t\t\t\t\t\t<div class=\"elementor-container elementor-column-gap-default\">\n\t\t\t\t\t<div class=\"elementor-column elementor-col-50 elementor-top-column elementor-element elementor-element-a583b19\" data-id=\"a583b19\" data-element_type=\"column\" data-e-type=\"column\">\n\t\t\t<div class=\"elementor-widget-wrap elementor-element-populated\">\n\t\t\t\t\t\t<div class=\"elementor-element elementor-element-399d48d elementor-widget elementor-widget-text-editor\" data-id=\"399d48d\" data-element_type=\"widget\" data-e-type=\"widget\" data-widget_type=\"text-editor.default\">\n\t\t\t\t\t\t\t\t\t<h2><a class=\"anker\" name=\"Brustvergroesserung-mit-Silikon-Gel-Implantaten\"><\/a>Brustvergr\u00f6\u00dferung in Bochum mit Silikon-Gel-Implantaten<\/h2>\n<p>Bei einer Brustvergr\u00f6\u00dferung mit Silikon-Gel-Implantaten stehen Ihnen verschiedene zertifizierte Implantate erstklassiger Firmen zu Verf\u00fcgung. Dies erm\u00f6glicht die Auswahl nach individuellen W\u00fcnschen und vorliegenden Gewebeverh\u00e4ltnissen.<\/p>\n<p>Das Mess-System &#8222;BioDynamic<sup>\u00a9<\/sup> Breast Analysis System&#8220; kann zur Optimierung der Planung und Vorhersagbarkeit des Ergebnisses der Brustvergr\u00f6\u00dferung helfen. Das System erm\u00f6glicht die individuelle Ansicht und Auswahl verschiedener Brustgr\u00f6\u00dfen am eigenen K\u00f6rper.<\/p>\n<p>Die Brustvergr\u00f6\u00dferung, also die Vergr\u00f6\u00dferung des Brustvolumens, wird mittels auslaufsicherer Silikonimplantate erreicht. Durch die permanente Weiterentwicklung und hoher Qualit\u00e4t dieser Brustimplantate ist ein sp\u00e4terer Austausch nicht mehr notwendig.<\/p>\t\t\t\t\t\t\t\t<\/div>\n\t\t\t\t\t<\/div>\n\t\t<\/div>\n\t\t\t\t<div class=\"elementor-column elementor-col-50 elementor-top-column elementor-element elementor-element-e01ca7c\" data-id=\"e01ca7c\" data-element_type=\"column\" data-e-type=\"column\">\n\t\t\t<div class=\"elementor-widget-wrap elementor-element-populated\">\n\t\t\t\t\t\t<div class=\"elementor-element elementor-element-e61c10c kurz elementor-widget elementor-widget-text-editor\" data-id=\"e61c10c\" data-element_type=\"widget\" data-e-type=\"widget\" data-widget_type=\"text-editor.default\">\n\t\t\t\t\t\t\t\t\t<h2>Kurz\u00fcbersicht:<\/h2>\n<p><strong>Behandlungsdauer:<\/strong><br \/>\n1-2 Stunden <\/p>\n<p><strong>Narkose:<\/strong><br \/>\nVollnarkose<\/p>\n<p><strong>Nachbehandlung:<\/strong><br \/>\nTragen eines speziellen BHs und eines Brustgurtes<\/p>\n<p><strong>Belastungseinschr\u00e4nkungen:<\/strong><br \/>\n1-2 Wochen; bis zu 6 Wochen keine schweren Arbeiten und sportlichen Aktivit\u00e4ten<\/p>\t\t\t\t\t\t\t\t<\/div>\n\t\t\t\t\t<\/div>\n\t\t<\/div>\n\t\t\t\t\t<\/div>\n\t\t<\/section>\n\t\t\t\t<section class=\"elementor-section elementor-top-section elementor-element elementor-element-6cf26fd elementor-section-boxed elementor-section-height-default elementor-section-height-default\" data-id=\"6cf26fd\" data-element_type=\"section\" data-e-type=\"section\">\n\t\t\t\t\t\t<div class=\"elementor-container elementor-column-gap-default\">\n\t\t\t\t\t<div class=\"elementor-column elementor-col-100 elementor-top-column elementor-element elementor-element-bf80d1d\" data-id=\"bf80d1d\" data-element_type=\"column\" data-e-type=\"column\">\n\t\t\t<div class=\"elementor-widget-wrap elementor-element-populated\">\n\t\t\t\t\t\t<div class=\"elementor-element elementor-element-91e9d9d elementor-widget elementor-widget-text-editor\" data-id=\"91e9d9d\" data-element_type=\"widget\" data-e-type=\"widget\" data-widget_type=\"text-editor.default\">\n\t\t\t\t\t\t\t\t\tVerschiedene Faktoren, wie bspw. die vorliegenden anatomischen Verh\u00e4ltnisse und dem gew\u00fcnschten Aussehen der Brust nach der Brustvergr\u00f6\u00dferung beeinflussen die Wahl der Implantatform wie rund gegen anatomisch oder tropfenf\u00f6rmig.\n<h3>Ablauf der Brustvergr\u00f6\u00dferung mit Silikon-Gel-Implantaten<\/h3>\n<p style=\"padding-left: 40px;\"><a class=\"lightbox\" title=\"Brustvergr\u00f6\u00dferung in Bochum. Sch\u00f6n geformte Br\u00fcsten, die mit dem restlichen K\u00f6rperbild harmonisieren.\" href=\"https:\/\/dr-montanari.de\/uploads\/leistungsspektrum\/brueste-vergroessern-bochum.jpg\" rel=\"lightbox['brustvergroesserung']\"><img decoding=\"async\" title=\"Brustvergr\u00f6\u00dferung Bochum\" src=\"https:\/\/dr-montanari.de\/uploads\/leistungsspektrum\/brueste-vergroessern-bochum_kl.jpg\" alt=\"Brustvergr\u00f6\u00dferung Bochum\" align=\"right\" border=\"0\" \/><\/a>Die Brustimplantate werden entweder unter den Brustdr\u00fcsenk\u00f6rper (subglandul\u00e4r) oder unter den gro\u00dfen Brustmuskel (submuskul\u00e4r) platziert. Entscheiden daf\u00fcr ist eine ausreichende Weichteildeckung \u00fcber dem Implantat, damit im Dekollet\u00e9 keine Stufenbildung durch den Implantetrand sichtbar wird.\nDer ca. 4-5 cm lange Hautschnitt, welcher zum Einsetzen des Brustimplantats erforderlich ist, kann am Unterrand der Brustwarze (periareol\u00e4r) oder in der Brustumschlagfalte (inframamm\u00e4r) liegen.<\/p>\n<p style=\"padding-left: 40px;\">Die Brustoperation wird station\u00e4r unter Vollnarkose in Bochum durchgef\u00fchrt, je nach gew\u00e4hlter Technik und Befund dauert diese zwischen 1-2 Stunden. Durch Aufsetzten des Oberk\u00f6rpers wird die intraoperative Lage der Brustimplantate, insbesondere hinsichtlich der Symmetrie, \u00fcberpr\u00fcft.<\/p>\n<p style=\"padding-left: 40px;\">Nach der Brustoperation bekommen Sie selbstverst\u00e4ndlich den Implantatpass mit allen erforderlichen Operations- und Implantatsdaten ausgeh\u00e4ndigt.<\/p>\n\n<h3>Nachsorge bei einer Brustvergr\u00f6\u00dferung<\/h3>\n<p style=\"padding-left: 40px;\">Das f\u00fcr ca. 6 Wochen dauerhafte Tragen eines Kompressions-BHs wird von uns w\u00e4hrend der Heilungsphase zur Unterst\u00fctzung der Brustform empfohlen. Das Tragen eines Brustgurtes ist in den ersten beiden Wochen nach der Brustvergr\u00f6\u00dferung ebenfalls erforderlich, dieser soll ein Verrutschen oder Verdrehen der Brustimplantate vermeiden. Die Wunddrainagen, welche w\u00e4hrend der Brustoperation eingelegt wurden, k\u00f6nnen nach 1-2 Tagen entfernt werden, das Fadenmaterial nach guten zwei Wochen.<\/p>\n<p style=\"padding-left: 40px;\">In den ersten beiden Wochen nach der Brustvergr\u00f6\u00dferung sollte ein Schlafen auf dem Bauch vermieden werden. In der Regeln sind Sie nach wenigen Tagen beschwerdefrei und nach 1-2 Wochen wieder arbeitsf\u00e4hig (ja nach T\u00e4tigkeit). Auch wenn die Brustvergr\u00f6\u00dferung komplikationslos ablief sollten sie Sport, Heben von Lasten oder auch &#8222;\u00dcber-Kopf&#8220;-Arbeiten fr\u00fchestens 6 Wochen nach der Brustoperation wieder aufnehmen. Das endg\u00fcltige Resultat der Brustvergr\u00f6\u00dferung wird in etwa 3-6 Monate nach der Operation erreicht. Einschr\u00e4nkungen oder Behinderungen bei der Brustkrebsdiagnostik, beim Stillen, beim Fliegen oder bei sportlichen Aktivit\u00e4ten, z.B. Tauchen, sind nicht zu erwarten.<\/p>\n\n<h2>M\u00f6gliche Komplikationen nach der Brustvergr\u00f6\u00dferung<\/h2>\n<p style=\"padding-left: 40px;\">Trotz der qualifizierten und vom Spezialisten durchgef\u00fchrten Brustvergr\u00f6\u00dferung hier in Bochum k\u00f6nnen neben den allgemeinen Komplikationen auch spezielle Folgen auftreten, \u00fcber die wir Sie hier im Vorfeld informieren wollen.<\/p>\n<b>Kapselfibrose oder Kapselkontraktur<\/b>\n<p style=\"padding-left: 40px;\">Der K\u00f6rper bildet w\u00e4hrend der Implantateinlage eine zarte bindegewebige H\u00fclle um das Brustimplantat, welches auch gew\u00fcnscht ist, das Brustimplantat w\u00e4chst sozusagen in den K\u00f6rper ein. Aus bisher nicht eindeutig gekl\u00e4rten Gr\u00fcnden kann es in seltenen F\u00e4llen zu Verh\u00e4rtungen und Schrumpfungen der gebildeten H\u00fclle kommen, welche dann als Kapsel bezeichnet wird. Dies kann zur Folge haben, dass sich das Brustimplantat verformt, auch erst nach Jahren. Die Verformung des Implantats kann Schmerzen hervorrufen und das \u00e4sthetische Empfinden st\u00f6ren. Falls die sogenannte Kapselfibrose oder Kapselkontraktur auftritt sollte das Implantat samt Kapsel aus der Brust entfernt werden. Es besteht dabei aber die M\u00f6glichkeit ein neues Brustimplantat einzulegen (Prothesenwechsel) oder auf eine alternative Methode des Brustaufbaus (z.B. mit <a title=\"Brustvergr\u00f6\u00dferung mit Eigenfett\" href=\"#Brustvergroesserung-mit-Eigenfett\">Eigenfett<\/a>, s.u.) zur\u00fcckzugreifen.<\/p>\n<p style=\"padding-left: 40px;\">Das Risiko einer Kapselfibrose oder Kapselkontraktur l\u00e4sst sich durch eine leicht raue Implantatoberfl\u00e4che, der Einlagerung des Brustimplantats unter den Muskel und eine Gewebeschonung bei der Brust-OP minimieren.<\/p>\n<strong>Implantatdislokationen<\/strong>\n<p style=\"padding-left: 40px;\">Wie schon erw\u00e4hnt sollte das Risiko von Verschiebungen des Brustimplantates, die sogenannte Implantatdislokationen, durch das konsequente Tragen des angepassten BHs mit Brustgurt minimiert werden.<\/p>\n\n<h4>Sie haben weiter Fragen zur Brustvergr\u00f6\u00dferung mit Silikon-Gel-Implantaten?<\/h4>\nIn einem pers\u00f6nlichen und individuellen Beratungsgespr\u00e4ch in meiner Privatpraxis in Bochum analysieren wir gern Ihre W\u00fcnsche und Erwartungen der Brustvergr\u00f6\u00dferung bez\u00fcglich Brustgr\u00f6\u00dfe und Brustform und er\u00f6rtern dabei ausf\u00fchrlich die realistisch zu erwartende Ergebnisse, denkbare Risiken sowie eventuell m\u00f6gliche Komplikationen, um ein f\u00fcr Sie stimmiges Behandlungskonzept zu entwerfen.\t\t\t\t\t\t\t\t<\/div>\n\t\t\t\t\t<\/div>\n\t\t<\/div>\n\t\t\t\t\t<\/div>\n\t\t<\/section>\n\t\t\t\t<section class=\"elementor-section elementor-top-section elementor-element elementor-element-a3a1b1d elementor-section-boxed elementor-section-height-default elementor-section-height-default\" data-id=\"a3a1b1d\" data-element_type=\"section\" data-e-type=\"section\">\n\t\t\t\t\t\t<div class=\"elementor-container elementor-column-gap-default\">\n\t\t\t\t\t<div class=\"elementor-column elementor-col-100 elementor-top-column elementor-element elementor-element-b17df12\" data-id=\"b17df12\" data-element_type=\"column\" data-e-type=\"column\">\n\t\t\t<div class=\"elementor-widget-wrap elementor-element-populated\">\n\t\t\t\t\t\t<div class=\"elementor-element elementor-element-405d0ea elementor-widget elementor-widget-heading\" data-id=\"405d0ea\" data-element_type=\"widget\" data-e-type=\"widget\" data-widget_type=\"heading.default\">\n\t\t\t\t\t<h2 class=\"elementor-heading-title elementor-size-default\">Erfahrungsberichte von Patienten<\/h2>\t\t\t\t<\/div>\n\t\t\t\t<div class=\"elementor-element elementor-element-d258ca4 elementor-widget elementor-widget-html\" data-id=\"d258ca4\" data-element_type=\"widget\" data-e-type=\"widget\" data-widget_type=\"html.default\">\n\t\t\t\t\t<script defer async src='https:\/\/cdn.trustindex.io\/loader.js?cd73c13237c153321f7694419f0'><\/script>\t\t\t\t<\/div>\n\t\t\t\t<div class=\"elementor-element elementor-element-1dfc1f1 elementor-widget elementor-widget-text-editor\" data-id=\"1dfc1f1\" data-element_type=\"widget\" data-e-type=\"widget\" data-widget_type=\"text-editor.default\">\n\t\t\t\t\t\t\t\t\t<p>Die hier angezeigten Bewertungen stammen direkt aus unserem Google\u2011 und Jameda- und Trustindex-Profil. Dieses wird von dem jeweiligen Anbieter selbst \u00fcberwacht und gepr\u00fcft. So sehen Sie echte Erfahrungsberichte unserer Patienten \u2013 transparent, aktuell und zuverl\u00e4ssig.<\/p>\t\t\t\t\t\t\t\t<\/div>\n\t\t\t\t\t<\/div>\n\t\t<\/div>\n\t\t\t\t\t<\/div>\n\t\t<\/section>\n\t\t\t\t<section class=\"elementor-section elementor-top-section elementor-element elementor-element-e424615 elementor-section-boxed elementor-section-height-default elementor-section-height-default\" data-id=\"e424615\" data-element_type=\"section\" data-e-type=\"section\">\n\t\t\t\t\t\t<div class=\"elementor-container elementor-column-gap-default\">\n\t\t\t\t\t<div class=\"elementor-column elementor-col-100 elementor-top-column elementor-element elementor-element-44d123c\" data-id=\"44d123c\" data-element_type=\"column\" data-e-type=\"column\">\n\t\t\t<div class=\"elementor-widget-wrap elementor-element-populated\">\n\t\t\t\t\t\t<div class=\"elementor-element elementor-element-e328008 elementor-widget elementor-widget-shortcode\" data-id=\"e328008\" data-element_type=\"widget\" data-e-type=\"widget\" data-widget_type=\"shortcode.default\">\n\t\t\t\t\t\t\t<div class=\"elementor-shortcode\">\t\t<div data-elementor-type=\"section\" data-elementor-id=\"14133\" class=\"elementor elementor-14133\" data-elementor-post-type=\"elementor_library\">\n\t\t\t\t\t<section class=\"elementor-section elementor-top-section elementor-element elementor-element-7e8b1101 elementor-section-boxed elementor-section-height-default elementor-section-height-default elementor-invisible\" data-id=\"7e8b1101\" data-element_type=\"section\" data-e-type=\"section\" data-settings=\"{&quot;animation&quot;:&quot;fadeIn&quot;}\">\n\t\t\t\t\t\t<div class=\"elementor-container elementor-column-gap-default\">\n\t\t\t\t\t<div class=\"elementor-column elementor-col-100 elementor-top-column elementor-element elementor-element-1977b889\" data-id=\"1977b889\" data-element_type=\"column\" data-e-type=\"column\">\n\t\t\t<div class=\"elementor-widget-wrap elementor-element-populated\">\n\t\t\t\t\t\t<div class=\"elementor-element elementor-element-32b7292c elementor-widget elementor-widget-heading\" data-id=\"32b7292c\" data-element_type=\"widget\" data-e-type=\"widget\" data-widget_type=\"heading.default\">\n\t\t\t\t\t<h2 class=\"elementor-heading-title elementor-size-default\">Unsere Fach\u00e4rzte f\u00fcr Plastische und \u00c4sthetische Chirurgie<\/h2>\t\t\t\t<\/div>\n\t\t\t\t<section class=\"elementor-section elementor-inner-section elementor-element elementor-element-3a72080b elementor-section-boxed elementor-section-height-default elementor-section-height-default\" data-id=\"3a72080b\" data-element_type=\"section\" data-e-type=\"section\">\n\t\t\t\t\t\t<div class=\"elementor-container elementor-column-gap-default\">\n\t\t\t\t\t<div class=\"elementor-column elementor-col-33 elementor-inner-column elementor-element elementor-element-2bf84233\" data-id=\"2bf84233\" data-element_type=\"column\" data-e-type=\"column\">\n\t\t\t<div class=\"elementor-widget-wrap elementor-element-populated\">\n\t\t\t\t\t\t<div class=\"elementor-element elementor-element-4a3e1d82 elementor-widget elementor-widget-image\" data-id=\"4a3e1d82\" data-element_type=\"widget\" data-e-type=\"widget\" data-widget_type=\"image.default\">\n\t\t\t\t\t\t\t\t\t\t\t\t<figure class=\"wp-caption\">\n\t\t\t\t\t\t\t\t\t\t\t<a href=\"https:\/\/dr-montanari.de\/praxis\/dr-med-michaela-montanari\/\">\n\t\t\t\t\t\t\t<img decoding=\"async\" src=\"https:\/\/dr-montanari.de\/uploads\/praxisteam\/Dr-med-Michaela-Montanari-2021.jpg\" title=\"\" alt=\"Dr. med. Michaela Montanari\" loading=\"lazy\" \/>\t\t\t\t\t\t\t\t<\/a>\n\t\t\t\t\t\t\t\t\t\t\t<figcaption class=\"widget-image-caption wp-caption-text\"><b>Dr. med. Michaela Montanari<\/b><br>Fach\u00e4rztin f\u00fcr Plastische und \u00c4sthetische Chirurgie<br>Fach\u00e4rztin f\u00fcr Chirurgie<br>Pr\u00e4sidentin der<br><a href=\"https:\/\/www.dgaepc.de\" target=\"_blank\" rel=\"noopener\">Deutschen Gesellschaft f\u00fcr \u00c4sthetisch-Plastische Chirurgie<\/a><\/figcaption>\n\t\t\t\t\t\t\t\t\t\t<\/figure>\n\t\t\t\t\t\t\t\t\t<\/div>\n\t\t\t\t\t<\/div>\n\t\t<\/div>\n\t\t\t\t<div class=\"elementor-column elementor-col-33 elementor-inner-column elementor-element elementor-element-6b0f543d\" data-id=\"6b0f543d\" data-element_type=\"column\" data-e-type=\"column\">\n\t\t\t<div class=\"elementor-widget-wrap elementor-element-populated\">\n\t\t\t\t\t\t<div class=\"elementor-element elementor-element-6b5750d6 elementor-widget elementor-widget-image\" data-id=\"6b5750d6\" data-element_type=\"widget\" data-e-type=\"widget\" data-widget_type=\"image.default\">\n\t\t\t\t\t\t\t\t\t\t\t\t<figure class=\"wp-caption\">\n\t\t\t\t\t\t\t\t\t\t\t<a href=\"https:\/\/dr-montanari.de\/praxis\/dr-med-anna-maria-bugariu\/\">\n\t\t\t\t\t\t\t<img fetchpriority=\"high\" decoding=\"async\" width=\"600\" height=\"400\" src=\"https:\/\/dr-montanari.de\/wp-content\/uploads\/dr-anna-maria-bugariu.avif\" class=\"attachment-full size-full wp-image-2359\" alt=\"dr-anna-maria-bugariu\" srcset=\"https:\/\/dr-montanari.de\/wp-content\/uploads\/dr-anna-maria-bugariu.avif 600w, https:\/\/dr-montanari.de\/wp-content\/uploads\/dr-anna-maria-bugariu-300x200.avif 300w, https:\/\/dr-montanari.de\/wp-content\/uploads\/dr-anna-maria-bugariu-113x75.avif 113w, https:\/\/dr-montanari.de\/wp-content\/uploads\/dr-anna-maria-bugariu-480x320.avif 480w\" sizes=\"(max-width: 600px) 100vw, 600px\" \/>\t\t\t\t\t\t\t\t<\/a>\n\t\t\t\t\t\t\t\t\t\t\t<figcaption class=\"widget-image-caption wp-caption-text\"><b>Dr. med. Anna Maria Bugariu<\/b><br>Fach\u00e4rztin f\u00fcr<br>Plastische und \u00c4sthetische Chirurgie<\/figcaption>\n\t\t\t\t\t\t\t\t\t\t<\/figure>\n\t\t\t\t\t\t\t\t\t<\/div>\n\t\t\t\t\t<\/div>\n\t\t<\/div>\n\t\t\t\t<div class=\"elementor-column elementor-col-33 elementor-inner-column elementor-element elementor-element-15311bea\" data-id=\"15311bea\" data-element_type=\"column\" data-e-type=\"column\">\n\t\t\t<div class=\"elementor-widget-wrap elementor-element-populated\">\n\t\t\t\t\t\t<div class=\"elementor-element elementor-element-29f1f89e elementor-widget elementor-widget-image\" data-id=\"29f1f89e\" data-element_type=\"widget\" data-e-type=\"widget\" data-widget_type=\"image.default\">\n\t\t\t\t\t\t\t\t\t\t\t\t<figure class=\"wp-caption\">\n\t\t\t\t\t\t\t\t\t\t\t<a href=\"https:\/\/dr-montanari.de\/praxis\/inna-roeschies\/\">\n\t\t\t\t\t\t\t<img decoding=\"async\" width=\"600\" height=\"400\" src=\"https:\/\/dr-montanari.de\/wp-content\/uploads\/Unbenannt-11.avif\" class=\"attachment-full size-full wp-image-13601\" alt=\"Inna Roeschies\" srcset=\"https:\/\/dr-montanari.de\/wp-content\/uploads\/Unbenannt-11.avif 600w, https:\/\/dr-montanari.de\/wp-content\/uploads\/Unbenannt-11-300x200.avif 300w, https:\/\/dr-montanari.de\/wp-content\/uploads\/Unbenannt-11-18x12.avif 18w\" sizes=\"(max-width: 600px) 100vw, 600px\" \/>\t\t\t\t\t\t\t\t<\/a>\n\t\t\t\t\t\t\t\t\t\t\t<figcaption class=\"widget-image-caption wp-caption-text\"><b>Inna Roeschies<\/b><br>Fach\u00e4rztin f\u00fcr<br>Plastische und \u00c4sthetische Chirurgie<\/figcaption>\n\t\t\t\t\t\t\t\t\t\t<\/figure>\n\t\t\t\t\t\t\t\t\t<\/div>\n\t\t\t\t\t<\/div>\n\t\t<\/div>\n\t\t\t\t\t<\/div>\n\t\t<\/section>\n\t\t\t\t\t<\/div>\n\t\t<\/div>\n\t\t\t\t\t<\/div>\n\t\t<\/section>\n\t\t\t\t<\/div>\n\t\t<\/div>\n\t\t\t\t\t\t<\/div>\n\t\t\t\t\t<\/div>\n\t\t<\/div>\n\t\t\t\t\t<\/div>\n\t\t<\/section>\n\t\t\t\t<\/div>\n\t\t","protected":false},"excerpt":{"rendered":"<p>Brustvergr\u00f6\u00dferung Bochum Assoziierte Begriffe:Mamma-Augmentation Sie kommen aus Bochum oder der Umgebung von Bochum und interessieren sich f\u00fcr eine Brustvergr\u00f6\u00dferung? In meiner Privatpraxis, direkt im Zentrum von Bochum berate ich Sie gern zum Thema Brustvergr\u00f6\u00dferung. Vereinbaren Sie Ihren Termin. F\u00fcr welche Frau ist eine Brustvergr\u00f6\u00dferung geeignet? Prinzipiell ist eine Brustvergr\u00f6\u00dferung bei jeder Frau m\u00f6glich, hierbei sind [&hellip;]<\/p>\n","protected":false},"author":1,"featured_media":10196,"parent":181,"menu_order":0,"comment_status":"closed","ping_status":"closed","template":"","meta":{"footnotes":""},"class_list":["post-183","page","type-page","status-publish","has-post-thumbnail","hentry"],"_links":{"self":[{"href":"https:\/\/dr-montanari.de\/en\/wp-json\/wp\/v2\/pages\/183","targetHints":{"allow":["GET"]}}],"collection":[{"href":"https:\/\/dr-montanari.de\/en\/wp-json\/wp\/v2\/pages"}],"about":[{"href":"https:\/\/dr-montanari.de\/en\/wp-json\/wp\/v2\/types\/page"}],"author":[{"embeddable":true,"href":"https:\/\/dr-montanari.de\/en\/wp-json\/wp\/v2\/users\/1"}],"replies":[{"embeddable":true,"href":"https:\/\/dr-montanari.de\/en\/wp-json\/wp\/v2\/comments?post=183"}],"version-history":[{"count":12,"href":"https:\/\/dr-montanari.de\/en\/wp-json\/wp\/v2\/pages\/183\/revisions"}],"predecessor-version":[{"id":14708,"href":"https:\/\/dr-montanari.de\/en\/wp-json\/wp\/v2\/pages\/183\/revisions\/14708"}],"up":[{"embeddable":true,"href":"https:\/\/dr-montanari.de\/en\/wp-json\/wp\/v2\/pages\/181"}],"wp:featuredmedia":[{"embeddable":true,"href":"https:\/\/dr-montanari.de\/en\/wp-json\/wp\/v2\/media\/10196"}],"wp:attachment":[{"href":"https:\/\/dr-montanari.de\/en\/wp-json\/wp\/v2\/media?parent=183"}],"curies":[{"name":"wp","href":"https:\/\/api.w.org\/{rel}","templated":true}]}}