{"id":202,"date":"2018-08-09T16:12:43","date_gmt":"2018-08-09T14:12:43","guid":{"rendered":"http:\/\/dr-montanari.de.w0184301.kasserver.com\/?page_id=202"},"modified":"2025-12-09T11:09:30","modified_gmt":"2025-12-09T10:09:30","slug":"body","status":"publish","type":"page","link":"https:\/\/dr-montanari.de\/en\/leistungsspektrum\/koerper\/","title":{"rendered":"Body"},"content":{"rendered":"<div data-elementor-type=\"wp-page\" data-elementor-id=\"202\" class=\"elementor elementor-202\" data-elementor-post-type=\"page\">\n\t\t\t\t\t\t<section class=\"elementor-section elementor-top-section elementor-element elementor-element-721a156 elementor-section-full_width elementor-reverse-tablet elementor-reverse-mobile elementor-section-height-default elementor-section-height-default\" data-id=\"721a156\" data-element_type=\"section\" data-e-type=\"section\">\n\t\t\t\t\t\t\t<div class=\"elementor-background-overlay\"><\/div>\n\t\t\t\t\t\t\t<div class=\"elementor-container elementor-column-gap-default\">\n\t\t\t\t\t<div class=\"elementor-column elementor-col-50 elementor-top-column elementor-element elementor-element-0478e4d\" data-id=\"0478e4d\" data-element_type=\"column\" data-e-type=\"column\">\n\t\t\t<div class=\"elementor-widget-wrap elementor-element-populated\">\n\t\t\t\t\t\t<div class=\"elementor-element elementor-element-88c8e7f elementor-widget elementor-widget-heading\" data-id=\"88c8e7f\" data-element_type=\"widget\" data-e-type=\"widget\" data-widget_type=\"heading.default\">\n\t\t\t\t\t<h1 class=\"elementor-heading-title elementor-size-default\">Body: Aesthetic-plastic body corrections<\/h1>\t\t\t\t<\/div>\n\t\t\t\t\t<\/div>\n\t\t<\/div>\n\t\t\t\t<div class=\"elementor-column elementor-col-50 elementor-top-column elementor-element elementor-element-ced27c5\" data-id=\"ced27c5\" data-element_type=\"column\" data-e-type=\"column\">\n\t\t\t<div class=\"elementor-widget-wrap elementor-element-populated\">\n\t\t\t\t\t\t<div class=\"elementor-element elementor-element-a89b2e3 elementor-widget elementor-widget-image\" data-id=\"a89b2e3\" data-element_type=\"widget\" data-e-type=\"widget\" data-widget_type=\"image.default\">\n\t\t\t\t\t\t\t\t\t\t\t\t\t\t\t<img fetchpriority=\"high\" decoding=\"async\" width=\"750\" height=\"500\" src=\"https:\/\/dr-montanari.de\/wp-content\/uploads\/AdobeStock_502565952_koerrperkorrekturen.avif\" class=\"attachment-full size-full wp-image-10286\" alt=\"Body correction \/ body shaping\" srcset=\"https:\/\/dr-montanari.de\/wp-content\/uploads\/AdobeStock_502565952_koerrperkorrekturen.avif 750w, https:\/\/dr-montanari.de\/wp-content\/uploads\/AdobeStock_502565952_koerrperkorrekturen-300x200.avif 300w, https:\/\/dr-montanari.de\/wp-content\/uploads\/AdobeStock_502565952_koerrperkorrekturen-18x12.png 18w\" sizes=\"(max-width: 750px) 100vw, 750px\" \/>\t\t\t\t\t\t\t\t\t\t\t\t\t\t\t<\/div>\n\t\t\t\t\t<\/div>\n\t\t<\/div>\n\t\t\t\t\t<\/div>\n\t\t<\/section>\n\t\t\t\t<section class=\"elementor-section elementor-top-section elementor-element elementor-element-268adc5 elementor-section-boxed elementor-section-height-default elementor-section-height-default\" data-id=\"268adc5\" data-element_type=\"section\" data-e-type=\"section\">\n\t\t\t\t\t\t<div class=\"elementor-container elementor-column-gap-default\">\n\t\t\t\t\t<div class=\"elementor-column elementor-col-100 elementor-top-column elementor-element elementor-element-ee35548\" data-id=\"ee35548\" data-element_type=\"column\" data-e-type=\"column\">\n\t\t\t<div class=\"elementor-widget-wrap elementor-element-populated\">\n\t\t\t\t\t\t<div class=\"elementor-element elementor-element-a572e37 elementor-widget elementor-widget-text-editor\" data-id=\"a572e37\" data-element_type=\"widget\" data-e-type=\"widget\" data-widget_type=\"text-editor.default\">\n\t\t\t\t\t\t\t\t\t<p>Satisfaction with one's own body is reflected in personal appearance and has a positive effect on communication and interaction in relationships and social life. Even minor surgical or non-surgical measures can often achieve a significant improvement in certain parts of the body or a fresher appearance in order to restore harmony with the body image.<\/p>\t\t\t\t\t\t\t\t<\/div>\n\t\t\t\t\t<\/div>\n\t\t<\/div>\n\t\t\t\t\t<\/div>\n\t\t<\/section>\n\t\t\t\t<section class=\"elementor-section elementor-top-section elementor-element elementor-element-61e5817 elementor-section-boxed elementor-section-height-default elementor-section-height-default\" data-id=\"61e5817\" data-element_type=\"section\" data-e-type=\"section\">\n\t\t\t\t\t\t<div class=\"elementor-container elementor-column-gap-default\">\n\t\t\t\t\t<div class=\"elementor-column elementor-col-100 elementor-top-column elementor-element elementor-element-febb172\" data-id=\"febb172\" data-element_type=\"column\" data-e-type=\"column\">\n\t\t\t<div class=\"elementor-widget-wrap elementor-element-populated\">\n\t\t\t\t\t\t<div class=\"elementor-element elementor-element-2ee771b elementor-widget elementor-widget-heading\" data-id=\"2ee771b\" data-element_type=\"widget\" data-e-type=\"widget\" data-widget_type=\"heading.default\">\n\t\t\t\t\t<h2 class=\"elementor-heading-title elementor-size-default\">Frequent aesthetic plastic corrections in the body area<\/h2>\t\t\t\t<\/div>\n\t\t\t\t\t<\/div>\n\t\t<\/div>\n\t\t\t\t\t<\/div>\n\t\t<\/section>\n\t\t\t\t<section class=\"elementor-section elementor-top-section elementor-element elementor-element-85cfb74 elementor-section-boxed elementor-section-height-default elementor-section-height-default\" data-id=\"85cfb74\" data-element_type=\"section\" data-e-type=\"section\">\n\t\t\t\t\t\t<div class=\"elementor-container elementor-column-gap-default\">\n\t\t\t\t\t<div class=\"elementor-column elementor-col-50 elementor-top-column elementor-element elementor-element-20ddfd1\" data-id=\"20ddfd1\" data-element_type=\"column\" data-e-type=\"column\">\n\t\t\t<div class=\"elementor-widget-wrap elementor-element-populated\">\n\t\t\t\t\t\t<div class=\"elementor-element elementor-element-b08c635 elementor-widget elementor-widget-text-editor\" data-id=\"b08c635\" data-element_type=\"widget\" data-e-type=\"widget\" data-widget_type=\"text-editor.default\">\n\t\t\t\t\t\t\t\t\t<ul>\n \t<li><a href=\"https:\/\/dr-montanari.de\/en\/range-of-services\/skin\/aesthetic-mesotherapy-mesoline-anti-aging-treatments\/\">Aesthetic mesotherapy mesoline \/ anti-ageing treatments<\/a><\/li>\n \t<li><a href=\"https:\/\/dr-montanari.de\/en\/range-of-services\/body\/tummy-tuck\/\">Tummy tuck<\/a><\/li>\n \t<li><a href=\"https:\/\/dr-montanari.de\/en\/range-of-services\/for-the-man\/tummy-tuck\/\">Tummy tuck man<\/a><\/li>\n \t<li id=\"menu-item-3347\" class=\"menu-item menu-item-type-post_type menu-item-object-page menu-item-3347\"><a tabindex=\"0\" href=\"https:\/\/dr-montanari.de\/en\/range-of-services\/reconstruction-2\/btl-emsculpt\/\">BTL EMSCULPT\u2122<\/a><\/li>\n \t<li id=\"menu-item-3346\" class=\"menu-item menu-item-type-post_type menu-item-object-page menu-item-3346\"><a tabindex=\"0\" href=\"https:\/\/dr-montanari.de\/en\/range-of-services\/reconstruction-2\/btl-exilis-elite\/\">BTL Exilis Elite \u2122<\/a><\/li>\n \t<li id=\"menu-item-3392\" class=\"menu-item menu-item-type-post_type menu-item-object-page menu-item-3392\"><a tabindex=\"0\" href=\"https:\/\/dr-montanari.de\/en\/range-of-services\/breast-2\/\">Breast operations<\/a><\/li>\n \t<li><a href=\"https:\/\/dr-montanari.de\/en\/range-of-services\/skin\/celullite-treatment\/\">Cellulite<\/a><\/li>\n \t<li id=\"menu-item-3343\" class=\"menu-item menu-item-type-post_type menu-item-object-page menu-item-3343\"><a tabindex=\"0\" href=\"https:\/\/dr-montanari.de\/en\/range-of-services\/body\/liposuction-bodycontouring-riding-breeches\/\">Liposuction<\/a><\/li>\n \t<li><a href=\"https:\/\/dr-montanari.de\/en\/range-of-services\/for-the-man\/liposuction\/\">Male liposuction<\/a><\/li>\n \t<li id=\"menu-item-3344\" class=\"menu-item menu-item-type-post_type menu-item-object-page menu-item-3344\"><a tabindex=\"0\" href=\"https:\/\/dr-montanari.de\/en\/range-of-services\/body\/fat-away-injection-lipolysis\/\">Fat-away injection \/ lipolysis<\/a><\/li>\n \t<li><a href=\"https:\/\/dr-montanari.de\/en\/range-of-services\/botulinum-toxin-3\/\">Hyperhidrosis<\/a><\/li>\n \t<li id=\"menu-item-3391\" class=\"menu-item menu-item-type-post_type menu-item-object-page menu-item-3391\"><a tabindex=\"0\" href=\"https:\/\/dr-montanari.de\/en\/range-of-services\/intimate-surgery\/\">Intimate surgery<\/a><\/li>\n \t<li id=\"menu-item-3345\" class=\"menu-item menu-item-type-post_type menu-item-object-page menu-item-3345\"><a tabindex=\"0\" href=\"https:\/\/dr-montanari.de\/en\/range-of-services\/body\/cryolipolysis\/\">Cryolipolysis<\/a><\/li>\n\t<li><a href=\"https:\/\/dr-montanari.de\/en\/range-of-services\/body\/lipoedema-op\/\">Lipoedema surgery<\/a><\/li>\n \t<li id=\"menu-item-3345\" class=\"menu-item menu-item-type-post_type menu-item-object-page menu-item-3345\"><a href=\"https:\/\/dr-montanari.de\/en\/range-of-services\/skin\/lipofilling\/\">Lipofilling<\/a><\/li>\n \t<li><a href=\"https:\/\/dr-montanari.de\/en\/range-of-services\/body\/lipoma\/\">Lipoma removal<\/a><\/li>\n<\/ul>\t\t\t\t\t\t\t\t<\/div>\n\t\t\t\t\t<\/div>\n\t\t<\/div>\n\t\t\t\t<div class=\"elementor-column elementor-col-50 elementor-top-column elementor-element elementor-element-0c1a98b\" data-id=\"0c1a98b\" data-element_type=\"column\" data-e-type=\"column\">\n\t\t\t<div class=\"elementor-widget-wrap elementor-element-populated\">\n\t\t\t\t\t\t<div class=\"elementor-element elementor-element-94ae10a elementor-widget elementor-widget-text-editor\" data-id=\"94ae10a\" data-element_type=\"widget\" data-e-type=\"widget\" data-widget_type=\"text-editor.default\">\n\t\t\t\t\t\t\t\t\t<ul><li><a href=\"https:\/\/dr-montanari.de\/en\/range-of-services\/skin\/medical-needling\/\">Medical needling<\/a><\/li><li><a href=\"https:\/\/dr-montanari.de\/en\/range-of-services\/skin\/melanoma-treatment-birthmark-treatment\/\">Melanomas and moles<\/a><\/li><li><a href=\"https:\/\/dr-montanari.de\/en\/range-of-services\/skin\/microneedling-3\/\">Microdermabrasion<\/a><\/li><li><a href=\"https:\/\/dr-montanari.de\/en\/range-of-services\/body\/mommy-makeover\/\">Mommy Makeover<\/a><\/li><li id=\"menu-item-3340\" class=\"menu-item menu-item-type-post_type menu-item-object-page menu-item-3340\"><a tabindex=\"0\" href=\"https:\/\/dr-montanari.de\/en\/range-of-services\/body\/scar-corrections\/\">Scar corrections<\/a><\/li><li id=\"menu-item-3341\" class=\"menu-item menu-item-type-post_type menu-item-object-page menu-item-3341\"><a tabindex=\"0\" href=\"https:\/\/dr-montanari.de\/en\/range-of-services\/body\/umbilical-hernia\/\">Umbilical hernia<\/a><\/li><li><a href=\"https:\/\/dr-montanari.de\/en\/range-of-services\/reconstruction-2\/btl-emsculpt\/\">Non-invasive body shaping<\/a><\/li><li id=\"menu-item-3342\" class=\"menu-item menu-item-type-post_type menu-item-object-page menu-item-3342\"><a tabindex=\"0\" href=\"https:\/\/dr-montanari.de\/en\/range-of-services\/body\/upper-arm-lift-thigh-lift\/\">Upper arm lift<\/a><\/li><li class=\"menu-item menu-item-type-post_type menu-item-object-page menu-item-3342\"><a tabindex=\"0\" href=\"https:\/\/dr-montanari.de\/en\/range-of-services\/body\/thigh-lift\/\">Thigh lift<\/a><\/li><li><a href=\"https:\/\/dr-montanari.de\/en\/range-of-services\/skin\/peeling-treatments\/\">Peeling treatments<\/a><\/li><li><a href=\"https:\/\/dr-montanari.de\/en\/range-of-services\/body\/po-correction\/\">Buttocks correction<\/a><\/li><li><a href=\"https:\/\/dr-montanari.de\/en\/range-of-services\/skin\/welding-nozzle-treatment\/\">Sweat gland treatment<\/a><\/li><\/ul>\t\t\t\t\t\t\t\t<\/div>\n\t\t\t\t\t<\/div>\n\t\t<\/div>\n\t\t\t\t\t<\/div>\n\t\t<\/section>\n\t\t\t\t<section class=\"elementor-section elementor-top-section elementor-element elementor-element-5b4d867 elementor-section-boxed elementor-section-height-default elementor-section-height-default\" data-id=\"5b4d867\" data-element_type=\"section\" data-e-type=\"section\">\n\t\t\t\t\t\t<div class=\"elementor-container elementor-column-gap-default\">\n\t\t\t\t\t<div class=\"elementor-column elementor-col-100 elementor-top-column elementor-element elementor-element-081e6bb\" data-id=\"081e6bb\" data-element_type=\"column\" data-e-type=\"column\">\n\t\t\t<div class=\"elementor-widget-wrap elementor-element-populated\">\n\t\t\t\t\t\t<div class=\"elementor-element elementor-element-b3cff59 elementor-widget elementor-widget-text-editor\" data-id=\"b3cff59\" data-element_type=\"widget\" data-e-type=\"widget\" data-widget_type=\"text-editor.default\">\n\t\t\t\t\t\t\t\t\t<p>Find out about the individual treatment options in advance in the relevant sub-chapters and arrange an appointment. <a title=\"Arrange an appointment for a personal consultation\" href=\"https:\/\/dr-montanari.de\/en\/contact\/\">Appointment for a personal consultation<\/a>.<\/p>\t\t\t\t\t\t\t\t<\/div>\n\t\t\t\t\t<\/div>\n\t\t<\/div>\n\t\t\t\t\t<\/div>\n\t\t<\/section>\n\t\t\t\t<section class=\"elementor-section elementor-top-section elementor-element elementor-element-34d2959 elementor-section-boxed elementor-section-height-default elementor-section-height-default\" data-id=\"34d2959\" data-element_type=\"section\" data-e-type=\"section\">\n\t\t\t\t\t\t<div class=\"elementor-container elementor-column-gap-default\">\n\t\t\t\t\t<div class=\"elementor-column elementor-col-100 elementor-top-column elementor-element elementor-element-3726dfc\" data-id=\"3726dfc\" data-element_type=\"column\" data-e-type=\"column\">\n\t\t\t<div class=\"elementor-widget-wrap elementor-element-populated\">\n\t\t\t\t\t\t<div class=\"elementor-element elementor-element-564338a elementor-widget elementor-widget-shortcode\" data-id=\"564338a\" data-element_type=\"widget\" data-e-type=\"widget\" data-widget_type=\"shortcode.default\">\n\t\t\t\t\t\t\t<div class=\"elementor-shortcode\">\t\t<div data-elementor-type=\"section\" data-elementor-id=\"14133\" class=\"elementor elementor-14133\" data-elementor-post-type=\"elementor_library\">\n\t\t\t\t\t<section class=\"elementor-section elementor-top-section elementor-element elementor-element-7e8b1101 elementor-section-boxed elementor-section-height-default elementor-section-height-default elementor-invisible\" data-id=\"7e8b1101\" data-element_type=\"section\" data-e-type=\"section\" data-settings=\"{&quot;animation&quot;:&quot;fadeIn&quot;}\">\n\t\t\t\t\t\t<div class=\"elementor-container elementor-column-gap-default\">\n\t\t\t\t\t<div class=\"elementor-column elementor-col-100 elementor-top-column elementor-element elementor-element-1977b889\" data-id=\"1977b889\" data-element_type=\"column\" data-e-type=\"column\">\n\t\t\t<div class=\"elementor-widget-wrap elementor-element-populated\">\n\t\t\t\t\t\t<div class=\"elementor-element elementor-element-32b7292c elementor-widget elementor-widget-heading\" data-id=\"32b7292c\" data-element_type=\"widget\" data-e-type=\"widget\" data-widget_type=\"heading.default\">\n\t\t\t\t\t<h2 class=\"elementor-heading-title elementor-size-default\">Our specialists for plastic and aesthetic surgery<\/h2>\t\t\t\t<\/div>\n\t\t\t\t<section class=\"elementor-section elementor-inner-section elementor-element elementor-element-3a72080b elementor-section-boxed elementor-section-height-default elementor-section-height-default\" data-id=\"3a72080b\" data-element_type=\"section\" data-e-type=\"section\">\n\t\t\t\t\t\t<div class=\"elementor-container elementor-column-gap-default\">\n\t\t\t\t\t<div class=\"elementor-column elementor-col-33 elementor-inner-column elementor-element elementor-element-2bf84233\" data-id=\"2bf84233\" data-element_type=\"column\" data-e-type=\"column\">\n\t\t\t<div class=\"elementor-widget-wrap elementor-element-populated\">\n\t\t\t\t\t\t<div class=\"elementor-element elementor-element-4a3e1d82 elementor-widget elementor-widget-image\" data-id=\"4a3e1d82\" data-element_type=\"widget\" data-e-type=\"widget\" data-widget_type=\"image.default\">\n\t\t\t\t\t\t\t\t\t\t\t\t<figure class=\"wp-caption\">\n\t\t\t\t\t\t\t\t\t\t\t<a href=\"https:\/\/dr-montanari.de\/en\/practice-2\/dr-med-michaela-montanari\/\">\n\t\t\t\t\t\t\t<img decoding=\"async\" src=\"https:\/\/dr-montanari.de\/uploads\/praxisteam\/Dr-med-Michaela-Montanari-2021.jpg\" title=\"\" alt=\"Dr Michaela Montanari\" loading=\"lazy\" \/>\t\t\t\t\t\t\t\t<\/a>\n\t\t\t\t\t\t\t\t\t\t\t<figcaption class=\"widget-image-caption wp-caption-text\"><b>Dr Michaela Montanari<\/b><br>Specialist in plastic and aesthetic surgery<br>Specialist for surgery<br>Chairperson of the<br><a href=\"https:\/\/www.dgaepc.de\" target=\"_blank\" rel=\"noopener\">German Society for Aesthetic Plastic Surgery<\/a><\/figcaption>\n\t\t\t\t\t\t\t\t\t\t<\/figure>\n\t\t\t\t\t\t\t\t\t<\/div>\n\t\t\t\t\t<\/div>\n\t\t<\/div>\n\t\t\t\t<div class=\"elementor-column elementor-col-33 elementor-inner-column elementor-element elementor-element-6b0f543d\" data-id=\"6b0f543d\" data-element_type=\"column\" data-e-type=\"column\">\n\t\t\t<div class=\"elementor-widget-wrap elementor-element-populated\">\n\t\t\t\t\t\t<div class=\"elementor-element elementor-element-6b5750d6 elementor-widget elementor-widget-image\" data-id=\"6b5750d6\" data-element_type=\"widget\" data-e-type=\"widget\" data-widget_type=\"image.default\">\n\t\t\t\t\t\t\t\t\t\t\t\t<figure class=\"wp-caption\">\n\t\t\t\t\t\t\t\t\t\t\t<a href=\"https:\/\/dr-montanari.de\/en\/practice-2\/dr-med-michaela-montanari-2\/\">\n\t\t\t\t\t\t\t<img decoding=\"async\" width=\"600\" height=\"400\" src=\"https:\/\/dr-montanari.de\/wp-content\/uploads\/dr-anna-maria-bugariu.avif\" class=\"attachment-full size-full wp-image-2359\" alt=\"dr-anna-maria-bugariu\" srcset=\"https:\/\/dr-montanari.de\/wp-content\/uploads\/dr-anna-maria-bugariu.avif 600w, https:\/\/dr-montanari.de\/wp-content\/uploads\/dr-anna-maria-bugariu-300x200.avif 300w, https:\/\/dr-montanari.de\/wp-content\/uploads\/dr-anna-maria-bugariu-113x75.avif 113w, https:\/\/dr-montanari.de\/wp-content\/uploads\/dr-anna-maria-bugariu-480x320.avif 480w\" sizes=\"(max-width: 600px) 100vw, 600px\" \/>\t\t\t\t\t\t\t\t<\/a>\n\t\t\t\t\t\t\t\t\t\t\t<figcaption class=\"widget-image-caption wp-caption-text\"><b>Dr Anna Maria Bugariu<\/b><br>Specialist for<br>Plastic and aesthetic surgery<\/figcaption>\n\t\t\t\t\t\t\t\t\t\t<\/figure>\n\t\t\t\t\t\t\t\t\t<\/div>\n\t\t\t\t\t<\/div>\n\t\t<\/div>\n\t\t\t\t<div class=\"elementor-column elementor-col-33 elementor-inner-column elementor-element elementor-element-15311bea\" data-id=\"15311bea\" data-element_type=\"column\" data-e-type=\"column\">\n\t\t\t<div class=\"elementor-widget-wrap elementor-element-populated\">\n\t\t\t\t\t\t<div class=\"elementor-element elementor-element-29f1f89e elementor-widget elementor-widget-image\" data-id=\"29f1f89e\" data-element_type=\"widget\" data-e-type=\"widget\" data-widget_type=\"image.default\">\n\t\t\t\t\t\t\t\t\t\t\t\t<figure class=\"wp-caption\">\n\t\t\t\t\t\t\t\t\t\t\t<a href=\"https:\/\/dr-montanari.de\/en\/practice-2\/inna-roeschies\/\">\n\t\t\t\t\t\t\t<img decoding=\"async\" width=\"600\" height=\"400\" src=\"https:\/\/dr-montanari.de\/wp-content\/uploads\/Unbenannt-11.avif\" class=\"attachment-full size-full wp-image-13601\" alt=\"Inna Roeschies\" srcset=\"https:\/\/dr-montanari.de\/wp-content\/uploads\/Unbenannt-11.avif 600w, https:\/\/dr-montanari.de\/wp-content\/uploads\/Unbenannt-11-300x200.avif 300w, https:\/\/dr-montanari.de\/wp-content\/uploads\/Unbenannt-11-18x12.avif 18w\" sizes=\"(max-width: 600px) 100vw, 600px\" \/>\t\t\t\t\t\t\t\t<\/a>\n\t\t\t\t\t\t\t\t\t\t\t<figcaption class=\"widget-image-caption wp-caption-text\"><b>Inna Roeschies<\/b><br>Specialist for<br>Plastic and aesthetic surgery<\/figcaption>\n\t\t\t\t\t\t\t\t\t\t<\/figure>\n\t\t\t\t\t\t\t\t\t<\/div>\n\t\t\t\t\t<\/div>\n\t\t<\/div>\n\t\t\t\t\t<\/div>\n\t\t<\/section>\n\t\t\t\t\t<\/div>\n\t\t<\/div>\n\t\t\t\t\t<\/div>\n\t\t<\/section>\n\t\t\t\t<\/div>\n\t\t<\/div>\n\t\t\t\t\t\t<\/div>\n\t\t\t\t<div class=\"elementor-element elementor-element-02620cc elementor-widget elementor-widget-text-editor\" data-id=\"02620cc\" data-element_type=\"widget\" data-e-type=\"widget\" data-widget_type=\"text-editor.default\">\n\t\t\t\t\t\t\t\t\t<script defer async src='https:\/\/cdn.trustindex.io\/loader.js?2a469e22723113809f86f7d1823'><\/script>\t\t\t\t\t\t\t\t<\/div>\n\t\t\t\t\t<\/div>\n\t\t<\/div>\n\t\t\t\t\t<\/div>\n\t\t<\/section>\n\t\t\t\t<\/div>","protected":false},"excerpt":{"rendered":"<p>K\u00f6rper: \u00c4sthetisch-Plastische K\u00f6rperkorrekturen Zufriedenheit mit dem eigenen K\u00f6rper spiegelt sich in der pers\u00f6nlichen Ausstrahlung wider und wirkt sich positiv auf Kommunikation und Interaktion in der Partnerschaft und im gesellschaftlichen Leben aus. Bereits durch kleine operative oder nicht operative Ma\u00dfnahmen kann oftmals eine deutliche Verbesserung bestimmter K\u00f6rperpartien oder ein frischeres \u00c4u\u00dferes erzielt werden, um die Harmonie [&hellip;]<\/p>\n","protected":false},"author":1,"featured_media":10286,"parent":117,"menu_order":0,"comment_status":"closed","ping_status":"closed","template":"","meta":{"footnotes":""},"class_list":["post-202","page","type-page","status-publish","has-post-thumbnail","hentry"],"_links":{"self":[{"href":"https:\/\/dr-montanari.de\/en\/wp-json\/wp\/v2\/pages\/202","targetHints":{"allow":["GET"]}}],"collection":[{"href":"https:\/\/dr-montanari.de\/en\/wp-json\/wp\/v2\/pages"}],"about":[{"href":"https:\/\/dr-montanari.de\/en\/wp-json\/wp\/v2\/types\/page"}],"author":[{"embeddable":true,"href":"https:\/\/dr-montanari.de\/en\/wp-json\/wp\/v2\/users\/1"}],"replies":[{"embeddable":true,"href":"https:\/\/dr-montanari.de\/en\/wp-json\/wp\/v2\/comments?post=202"}],"version-history":[{"count":6,"href":"https:\/\/dr-montanari.de\/en\/wp-json\/wp\/v2\/pages\/202\/revisions"}],"predecessor-version":[{"id":14406,"href":"https:\/\/dr-montanari.de\/en\/wp-json\/wp\/v2\/pages\/202\/revisions\/14406"}],"up":[{"embeddable":true,"href":"https:\/\/dr-montanari.de\/en\/wp-json\/wp\/v2\/pages\/117"}],"wp:featuredmedia":[{"embeddable":true,"href":"https:\/\/dr-montanari.de\/en\/wp-json\/wp\/v2\/media\/10286"}],"wp:attachment":[{"href":"https:\/\/dr-montanari.de\/en\/wp-json\/wp\/v2\/media?parent=202"}],"curies":[{"name":"wp","href":"https:\/\/api.w.org\/{rel}","templated":true}]}}