{"id":240,"date":"2018-08-13T11:08:49","date_gmt":"2018-08-13T09:08:49","guid":{"rendered":"http:\/\/dr-montanari.de.w0184301.kasserver.com\/?page_id=240"},"modified":"2025-12-09T10:28:49","modified_gmt":"2025-12-09T09:28:49","slug":"liposuction","status":"publish","type":"page","link":"https:\/\/dr-montanari.de\/en\/leistungsspektrum\/fuer-den-mann\/fettabsaugung\/","title":{"rendered":"Male liposuction"},"content":{"rendered":"<div data-elementor-type=\"wp-page\" data-elementor-id=\"240\" class=\"elementor elementor-240\" data-elementor-post-type=\"page\">\n\t\t\t\t\t\t<section class=\"elementor-section elementor-top-section elementor-element elementor-element-b24a607 elementor-section-boxed elementor-section-height-default elementor-section-height-default\" data-id=\"b24a607\" data-element_type=\"section\" data-e-type=\"section\">\n\t\t\t\t\t\t<div class=\"elementor-container elementor-column-gap-default\">\n\t\t\t\t\t<div class=\"elementor-column elementor-col-100 elementor-top-column elementor-element elementor-element-2f23682\" data-id=\"2f23682\" data-element_type=\"column\" data-e-type=\"column\">\n\t\t\t<div class=\"elementor-widget-wrap elementor-element-populated\">\n\t\t\t\t\t\t<div class=\"elementor-element elementor-element-6c88bf7 elementor-widget elementor-widget-heading\" data-id=\"6c88bf7\" data-element_type=\"widget\" data-e-type=\"widget\" data-widget_type=\"heading.default\">\n\t\t\t\t\t<h1 class=\"elementor-heading-title elementor-size-default\">Liposuction for men<\/h1>\t\t\t\t<\/div>\n\t\t\t\t<div class=\"elementor-element elementor-element-eaf5016 elementor-widget elementor-widget-text-editor\" data-id=\"eaf5016\" data-element_type=\"widget\" data-e-type=\"widget\" data-widget_type=\"text-editor.default\">\n\t\t\t\t\t\t\t\t\t<p><script defer async src='https:\/\/cdn.trustindex.io\/loader.js?2a469e22723113809f86f7d1823'><\/script><\/p>\t\t\t\t\t\t\t\t<\/div>\n\t\t\t\t\t<\/div>\n\t\t<\/div>\n\t\t\t\t\t<\/div>\n\t\t<\/section>\n\t\t\t\t<section class=\"elementor-section elementor-top-section elementor-element elementor-element-9e22a01 elementor-section-boxed elementor-section-height-default elementor-section-height-default\" data-id=\"9e22a01\" data-element_type=\"section\" data-e-type=\"section\">\n\t\t\t\t\t\t<div class=\"elementor-container elementor-column-gap-default\">\n\t\t\t\t\t<div class=\"elementor-column elementor-col-50 elementor-top-column elementor-element elementor-element-5b32302\" data-id=\"5b32302\" data-element_type=\"column\" data-e-type=\"column\">\n\t\t\t<div class=\"elementor-widget-wrap elementor-element-populated\">\n\t\t\t\t\t\t<div class=\"elementor-element elementor-element-56a2309 elementor-widget elementor-widget-text-editor\" data-id=\"56a2309\" data-element_type=\"widget\" data-e-type=\"widget\" data-widget_type=\"text-editor.default\">\n\t\t\t\t\t\t\t\t\t<p><strong>Associated terms:<\/strong><br \/><em>Liposuction, lipo, liposuction<\/em><\/p><h2>General information on liposuction for men<\/h2><p>Liposuction is a gentle method of removing fat and removing stubborn fat deposits that hardly change even with considerable weight loss (diet) or sporting activities.<\/p><p>It is used to shape the figure and harmonise the body image. Liposuction is not suitable for weight loss. However, the procedure is also no guarantee against weight gain. Although the removed fat cells cannot form again, the remaining fat cells on the body can increase beyond normal levels if the calorie intake is excessive.<\/p><p>Targeted liposuction permanently removes the fat deposits that are perceived as disturbing.<\/p><p>They can occur anywhere on the body, but especially on the abdomen, hips, buttocks, upper and lower legs, upper arms and in the face and neck area.<\/p>\t\t\t\t\t\t\t\t<\/div>\n\t\t\t\t\t<\/div>\n\t\t<\/div>\n\t\t\t\t<div class=\"elementor-column elementor-col-50 elementor-top-column elementor-element elementor-element-70c9a3c\" data-id=\"70c9a3c\" data-element_type=\"column\" data-e-type=\"column\">\n\t\t\t<div class=\"elementor-widget-wrap elementor-element-populated\">\n\t\t\t\t\t\t<div class=\"elementor-element elementor-element-3a28715 kurz elementor-widget elementor-widget-text-editor\" data-id=\"3a28715\" data-element_type=\"widget\" data-e-type=\"widget\" data-widget_type=\"text-editor.default\">\n\t\t\t\t\t\t\t\t\t<h3>Brief overview:<\/h3><p><strong>Duration of treatment:<\/strong><br \/>2-4 hours (depending on the area)<\/p><p><strong>Anaesthesia:<\/strong><br \/>Local anaesthesia with twilight sleep or general anaesthesia<\/p><p><strong>Follow-up treatment:<\/strong><br \/>6 weeks wearing a compression garment<\/p><p><strong>Load restrictions:<\/strong><br \/>1-2 weeks<\/p>\t\t\t\t\t\t\t\t<\/div>\n\t\t\t\t\t<\/div>\n\t\t<\/div>\n\t\t\t\t\t<\/div>\n\t\t<\/section>\n\t\t\t\t<section class=\"elementor-section elementor-top-section elementor-element elementor-element-c00a162 elementor-section-boxed elementor-section-height-default elementor-section-height-default\" data-id=\"c00a162\" data-element_type=\"section\" data-e-type=\"section\">\n\t\t\t\t\t\t<div class=\"elementor-container elementor-column-gap-default\">\n\t\t\t\t\t<div class=\"elementor-column elementor-col-100 elementor-top-column elementor-element elementor-element-642a740\" data-id=\"642a740\" data-element_type=\"column\" data-e-type=\"column\">\n\t\t\t<div class=\"elementor-widget-wrap elementor-element-populated\">\n\t\t\t\t\t\t<div class=\"elementor-element elementor-element-d28fad0 elementor-widget elementor-widget-text-editor\" data-id=\"d28fad0\" data-element_type=\"widget\" data-e-type=\"widget\" data-widget_type=\"text-editor.default\">\n\t\t\t\t\t\t\t\t\t<h2 style=\"padding-top: 25px;\">Problem areas in men<\/h2><p><span style=\"letter-spacing: 0px;\">Men often have problem areas on their stomach, hips (love handles) and male breasts.<\/span><\/p><p>If liposuction is performed on the abdomen, it can be performed with a <a title=\"Abdominoplasty \/ tummy tuck\" href=\"https:\/\/dr-montanari.de\/en\/range-of-services\/body\/tummy-tuck\/\">Abdominoplasty<\/a> can be combined.<\/p><h2 style=\"padding-top: 25px;\">Methods of liposuction<\/h2><p>The conventional method of liposuction is the tumescent technique. Here we suck out the fat using a special solution of electrolytes, a local anaesthetic and a substance to constrict the blood vessels.<\/p><p>We also offer the much gentler water-jet assisted method (WAL) for liposuction. This method gently releases the fat cells from the tissue, which can then be easily suctioned out through cannulas just millimetres in size. As not only the fat cells themselves but also a large proportion of the locally injected fluid can be removed in this way, the result can be easily assessed during the operation. In addition, there is less need for painkillers, shorter treatment times, rapid recovery of well-being and ability to work. There is also less swelling and bruising.<\/p><p>In order to optimise the desired cosmetic effect, a prior assessment of the skin quality is essential.<\/p><h2 style=\"padding-top: 25px;\">Healing process and after the operation<\/h2><p>To support skin shrinkage and body contouring, a specially adapted girdle should be worn for approx. 6 weeks after the operation. Specialised skin care for those affected can also help to tighten the skin again.<\/p><p>Together with our experienced team, we have also developed measures to optimise the results. These and many other aspects will be discussed with you in a personalised meeting.<\/p>\t\t\t\t\t\t\t\t<\/div>\n\t\t\t\t\t<\/div>\n\t\t<\/div>\n\t\t\t\t\t<\/div>\n\t\t<\/section>\n\t\t\t\t<section class=\"elementor-section elementor-top-section elementor-element elementor-element-493593f elementor-section-boxed elementor-section-height-default elementor-section-height-default\" data-id=\"493593f\" data-element_type=\"section\" data-e-type=\"section\">\n\t\t\t\t\t\t<div class=\"elementor-container elementor-column-gap-default\">\n\t\t\t\t\t<div class=\"elementor-column elementor-col-100 elementor-top-column elementor-element elementor-element-42b1313\" data-id=\"42b1313\" data-element_type=\"column\" data-e-type=\"column\">\n\t\t\t<div class=\"elementor-widget-wrap elementor-element-populated\">\n\t\t\t\t\t\t<div class=\"elementor-element elementor-element-f1e05bf elementor-widget elementor-widget-shortcode\" data-id=\"f1e05bf\" data-element_type=\"widget\" data-e-type=\"widget\" data-widget_type=\"shortcode.default\">\n\t\t\t\t\t\t\t<div class=\"elementor-shortcode\">\t\t<div data-elementor-type=\"section\" data-elementor-id=\"14133\" class=\"elementor elementor-14133\" data-elementor-post-type=\"elementor_library\">\n\t\t\t\t\t<section class=\"elementor-section elementor-top-section elementor-element elementor-element-7e8b1101 elementor-section-boxed elementor-section-height-default elementor-section-height-default elementor-invisible\" data-id=\"7e8b1101\" data-element_type=\"section\" data-e-type=\"section\" data-settings=\"{&quot;animation&quot;:&quot;fadeIn&quot;}\">\n\t\t\t\t\t\t<div class=\"elementor-container elementor-column-gap-default\">\n\t\t\t\t\t<div class=\"elementor-column elementor-col-100 elementor-top-column elementor-element elementor-element-1977b889\" data-id=\"1977b889\" data-element_type=\"column\" data-e-type=\"column\">\n\t\t\t<div class=\"elementor-widget-wrap elementor-element-populated\">\n\t\t\t\t\t\t<div class=\"elementor-element elementor-element-32b7292c elementor-widget elementor-widget-heading\" data-id=\"32b7292c\" data-element_type=\"widget\" data-e-type=\"widget\" data-widget_type=\"heading.default\">\n\t\t\t\t\t<h2 class=\"elementor-heading-title elementor-size-default\">Our specialists for plastic and aesthetic surgery<\/h2>\t\t\t\t<\/div>\n\t\t\t\t<section class=\"elementor-section elementor-inner-section elementor-element elementor-element-3a72080b elementor-section-boxed elementor-section-height-default elementor-section-height-default\" data-id=\"3a72080b\" data-element_type=\"section\" data-e-type=\"section\">\n\t\t\t\t\t\t<div class=\"elementor-container elementor-column-gap-default\">\n\t\t\t\t\t<div class=\"elementor-column elementor-col-33 elementor-inner-column elementor-element elementor-element-2bf84233\" data-id=\"2bf84233\" data-element_type=\"column\" data-e-type=\"column\">\n\t\t\t<div class=\"elementor-widget-wrap elementor-element-populated\">\n\t\t\t\t\t\t<div class=\"elementor-element elementor-element-4a3e1d82 elementor-widget elementor-widget-image\" data-id=\"4a3e1d82\" data-element_type=\"widget\" data-e-type=\"widget\" data-widget_type=\"image.default\">\n\t\t\t\t\t\t\t\t\t\t\t\t<figure class=\"wp-caption\">\n\t\t\t\t\t\t\t\t\t\t\t<a href=\"https:\/\/dr-montanari.de\/en\/practice-2\/dr-med-michaela-montanari\/\">\n\t\t\t\t\t\t\t<img decoding=\"async\" src=\"https:\/\/dr-montanari.de\/uploads\/praxisteam\/Dr-med-Michaela-Montanari-2021.jpg\" title=\"\" alt=\"Dr Michaela Montanari\" loading=\"lazy\" \/>\t\t\t\t\t\t\t\t<\/a>\n\t\t\t\t\t\t\t\t\t\t\t<figcaption class=\"widget-image-caption wp-caption-text\"><b>Dr Michaela Montanari<\/b><br>Specialist in plastic and aesthetic surgery<br>Specialist for surgery<br>Chairperson of the<br><a href=\"https:\/\/www.dgaepc.de\" target=\"_blank\" rel=\"noopener\">German Society for Aesthetic Plastic Surgery<\/a><\/figcaption>\n\t\t\t\t\t\t\t\t\t\t<\/figure>\n\t\t\t\t\t\t\t\t\t<\/div>\n\t\t\t\t\t<\/div>\n\t\t<\/div>\n\t\t\t\t<div class=\"elementor-column elementor-col-33 elementor-inner-column elementor-element elementor-element-6b0f543d\" data-id=\"6b0f543d\" data-element_type=\"column\" data-e-type=\"column\">\n\t\t\t<div class=\"elementor-widget-wrap elementor-element-populated\">\n\t\t\t\t\t\t<div class=\"elementor-element elementor-element-6b5750d6 elementor-widget elementor-widget-image\" data-id=\"6b5750d6\" data-element_type=\"widget\" data-e-type=\"widget\" data-widget_type=\"image.default\">\n\t\t\t\t\t\t\t\t\t\t\t\t<figure class=\"wp-caption\">\n\t\t\t\t\t\t\t\t\t\t\t<a href=\"https:\/\/dr-montanari.de\/en\/practice-2\/dr-med-michaela-montanari-2\/\">\n\t\t\t\t\t\t\t<img fetchpriority=\"high\" decoding=\"async\" width=\"600\" height=\"400\" src=\"https:\/\/dr-montanari.de\/wp-content\/uploads\/dr-anna-maria-bugariu.avif\" class=\"attachment-full size-full wp-image-2359\" alt=\"dr-anna-maria-bugariu\" srcset=\"https:\/\/dr-montanari.de\/wp-content\/uploads\/dr-anna-maria-bugariu.avif 600w, https:\/\/dr-montanari.de\/wp-content\/uploads\/dr-anna-maria-bugariu-300x200.avif 300w, https:\/\/dr-montanari.de\/wp-content\/uploads\/dr-anna-maria-bugariu-113x75.avif 113w, https:\/\/dr-montanari.de\/wp-content\/uploads\/dr-anna-maria-bugariu-480x320.avif 480w\" sizes=\"(max-width: 600px) 100vw, 600px\" \/>\t\t\t\t\t\t\t\t<\/a>\n\t\t\t\t\t\t\t\t\t\t\t<figcaption class=\"widget-image-caption wp-caption-text\"><b>Dr Anna Maria Bugariu<\/b><br>Specialist for<br>Plastic and aesthetic surgery<\/figcaption>\n\t\t\t\t\t\t\t\t\t\t<\/figure>\n\t\t\t\t\t\t\t\t\t<\/div>\n\t\t\t\t\t<\/div>\n\t\t<\/div>\n\t\t\t\t<div class=\"elementor-column elementor-col-33 elementor-inner-column elementor-element elementor-element-15311bea\" data-id=\"15311bea\" data-element_type=\"column\" data-e-type=\"column\">\n\t\t\t<div class=\"elementor-widget-wrap elementor-element-populated\">\n\t\t\t\t\t\t<div class=\"elementor-element elementor-element-29f1f89e elementor-widget elementor-widget-image\" data-id=\"29f1f89e\" data-element_type=\"widget\" data-e-type=\"widget\" data-widget_type=\"image.default\">\n\t\t\t\t\t\t\t\t\t\t\t\t<figure class=\"wp-caption\">\n\t\t\t\t\t\t\t\t\t\t\t<a href=\"https:\/\/dr-montanari.de\/en\/practice-2\/inna-roeschies\/\">\n\t\t\t\t\t\t\t<img decoding=\"async\" width=\"600\" height=\"400\" src=\"https:\/\/dr-montanari.de\/wp-content\/uploads\/Unbenannt-11.avif\" class=\"attachment-full size-full wp-image-13601\" alt=\"Inna Roeschies\" srcset=\"https:\/\/dr-montanari.de\/wp-content\/uploads\/Unbenannt-11.avif 600w, https:\/\/dr-montanari.de\/wp-content\/uploads\/Unbenannt-11-300x200.avif 300w, https:\/\/dr-montanari.de\/wp-content\/uploads\/Unbenannt-11-18x12.avif 18w\" sizes=\"(max-width: 600px) 100vw, 600px\" \/>\t\t\t\t\t\t\t\t<\/a>\n\t\t\t\t\t\t\t\t\t\t\t<figcaption class=\"widget-image-caption wp-caption-text\"><b>Inna Roeschies<\/b><br>Specialist for<br>Plastic and aesthetic surgery<\/figcaption>\n\t\t\t\t\t\t\t\t\t\t<\/figure>\n\t\t\t\t\t\t\t\t\t<\/div>\n\t\t\t\t\t<\/div>\n\t\t<\/div>\n\t\t\t\t\t<\/div>\n\t\t<\/section>\n\t\t\t\t\t<\/div>\n\t\t<\/div>\n\t\t\t\t\t<\/div>\n\t\t<\/section>\n\t\t\t\t<\/div>\n\t\t<\/div>\n\t\t\t\t\t\t<\/div>\n\t\t\t\t\t<\/div>\n\t\t<\/div>\n\t\t\t\t\t<\/div>\n\t\t<\/section>\n\t\t\t\t<\/div>","protected":false},"excerpt":{"rendered":"<p>Fettabsaugung beim Mann Assoziierte Begriffe:Liposuktion, Lipo, fettabsaugen Allgemeines zur Fettabsaugung beim Mann Liposuktion ist eine sanfte Methode, Fett abzusaugen und hartn\u00e4ckige Fettpolster, die sich auch bei erheblicher Gewichtsabnahme (Di\u00e4t) oder sportlichen Aktivit\u00e4ten kaum ver\u00e4ndern, zu entfernen. Sie dient dazu, die Figur zu formen und eine Harmonisierung des K\u00f6rperbildes zu erreichen. Die Fettabsaugung ist nicht zur [&hellip;]<\/p>\n","protected":false},"author":1,"featured_media":0,"parent":232,"menu_order":0,"comment_status":"closed","ping_status":"closed","template":"","meta":{"footnotes":""},"class_list":["post-240","page","type-page","status-publish","hentry"],"_links":{"self":[{"href":"https:\/\/dr-montanari.de\/en\/wp-json\/wp\/v2\/pages\/240","targetHints":{"allow":["GET"]}}],"collection":[{"href":"https:\/\/dr-montanari.de\/en\/wp-json\/wp\/v2\/pages"}],"about":[{"href":"https:\/\/dr-montanari.de\/en\/wp-json\/wp\/v2\/types\/page"}],"author":[{"embeddable":true,"href":"https:\/\/dr-montanari.de\/en\/wp-json\/wp\/v2\/users\/1"}],"replies":[{"embeddable":true,"href":"https:\/\/dr-montanari.de\/en\/wp-json\/wp\/v2\/comments?post=240"}],"version-history":[{"count":6,"href":"https:\/\/dr-montanari.de\/en\/wp-json\/wp\/v2\/pages\/240\/revisions"}],"predecessor-version":[{"id":14261,"href":"https:\/\/dr-montanari.de\/en\/wp-json\/wp\/v2\/pages\/240\/revisions\/14261"}],"up":[{"embeddable":true,"href":"https:\/\/dr-montanari.de\/en\/wp-json\/wp\/v2\/pages\/232"}],"wp:attachment":[{"href":"https:\/\/dr-montanari.de\/en\/wp-json\/wp\/v2\/media?parent=240"}],"curies":[{"name":"wp","href":"https:\/\/api.w.org\/{rel}","templated":true}]}}