{"id":264,"date":"2018-08-13T12:08:30","date_gmt":"2018-08-13T10:08:30","guid":{"rendered":"http:\/\/dr-montanari.de.w0184301.kasserver.com\/?page_id=264"},"modified":"2025-12-09T11:19:31","modified_gmt":"2025-12-09T10:19:31","slug":"soft-tissue-tumours","status":"publish","type":"page","link":"https:\/\/dr-montanari.de\/en\/leistungsspektrum\/rekonstruktion\/weichteiltumore\/","title":{"rendered":"Soft tissue tumours"},"content":{"rendered":"<div data-elementor-type=\"wp-page\" data-elementor-id=\"264\" class=\"elementor elementor-264\" data-elementor-post-type=\"page\">\n\t\t\t\t\t\t<section class=\"elementor-section elementor-top-section elementor-element elementor-element-6f94a35 elementor-section-full_width elementor-reverse-tablet elementor-reverse-mobile elementor-section-height-default elementor-section-height-default\" data-id=\"6f94a35\" data-element_type=\"section\" data-e-type=\"section\">\n\t\t\t\t\t\t\t<div class=\"elementor-background-overlay\"><\/div>\n\t\t\t\t\t\t\t<div class=\"elementor-container elementor-column-gap-default\">\n\t\t\t\t\t<div class=\"elementor-column elementor-col-100 elementor-top-column elementor-element elementor-element-4dda5de\" data-id=\"4dda5de\" data-element_type=\"column\" data-e-type=\"column\">\n\t\t\t<div class=\"elementor-widget-wrap elementor-element-populated\">\n\t\t\t\t\t\t<div class=\"elementor-element elementor-element-b7e8672 elementor-widget elementor-widget-heading\" data-id=\"b7e8672\" data-element_type=\"widget\" data-e-type=\"widget\" data-widget_type=\"heading.default\">\n\t\t\t\t\t<h1 class=\"elementor-heading-title elementor-size-default\">Soft tissue tumours such as lipoma, fibroma, atheroma, etc.<\/h1>\t\t\t\t<\/div>\n\t\t\t\t\t<\/div>\n\t\t<\/div>\n\t\t\t\t\t<\/div>\n\t\t<\/section>\n\t\t\t\t<section class=\"elementor-section elementor-top-section elementor-element elementor-element-cc3bd47 elementor-section-boxed elementor-section-height-default elementor-section-height-default\" data-id=\"cc3bd47\" data-element_type=\"section\" data-e-type=\"section\">\n\t\t\t\t\t\t<div class=\"elementor-container elementor-column-gap-default\">\n\t\t\t\t\t<div class=\"elementor-column elementor-col-100 elementor-top-column elementor-element elementor-element-1f119ad\" data-id=\"1f119ad\" data-element_type=\"column\" data-e-type=\"column\">\n\t\t\t<div class=\"elementor-widget-wrap elementor-element-populated\">\n\t\t\t\t\t\t<div class=\"elementor-element elementor-element-c53376b elementor-widget elementor-widget-text-editor\" data-id=\"c53376b\" data-element_type=\"widget\" data-e-type=\"widget\" data-widget_type=\"text-editor.default\">\n\t\t\t\t\t\t\t\t\t<p><strong>Associated terms:<\/strong><br \/><em>Lipoma, fatty tumour, benign tumour of fatty tissue cells (adipocytes), fibroma, atheroma<\/em><\/p><p>In addition to performing aesthetic procedures, I offer a wide range of reconstructive operations. These include<\/p><ul><li>Removal of soft tissue tumours (e.g. lipomas, fibromas, atheromas)<\/li><li>Covering soft tissue defects after tumour treatment and accidents<\/li><li><a title=\"Scar corrections\" href=\"https:\/\/dr-montanari.de\/en\/range-of-services\/body\/scar-corrections\/\">Scar corrections<\/a><\/li><\/ul><p>Benign and malignant soft tissue tumours can occur anywhere in the body and originate from various tissues (muscles, fatty tissue, connective tissue, nerve tissue). A histological examination is a matter of course to confirm the diagnosis.<\/p><p>The tissue defects created after removal of the tumours are closed with as little scarring as possible according to plastic surgery principles.<\/p>\t\t\t\t\t\t\t\t<\/div>\n\t\t\t\t\t<\/div>\n\t\t<\/div>\n\t\t\t\t\t<\/div>\n\t\t<\/section>\n\t\t\t\t<section class=\"elementor-section elementor-top-section elementor-element elementor-element-9aabdbd elementor-section-boxed elementor-section-height-default elementor-section-height-default\" data-id=\"9aabdbd\" data-element_type=\"section\" data-e-type=\"section\">\n\t\t\t\t\t\t<div class=\"elementor-container elementor-column-gap-default\">\n\t\t\t\t\t<div class=\"elementor-column elementor-col-100 elementor-top-column elementor-element elementor-element-0c75999\" data-id=\"0c75999\" data-element_type=\"column\" data-e-type=\"column\">\n\t\t\t<div class=\"elementor-widget-wrap elementor-element-populated\">\n\t\t\t\t\t\t<div class=\"elementor-element elementor-element-d6d5388 elementor-widget elementor-widget-shortcode\" data-id=\"d6d5388\" data-element_type=\"widget\" data-e-type=\"widget\" data-widget_type=\"shortcode.default\">\n\t\t\t\t\t\t\t<div class=\"elementor-shortcode\">\t\t<div data-elementor-type=\"section\" data-elementor-id=\"14133\" class=\"elementor elementor-14133\" data-elementor-post-type=\"elementor_library\">\n\t\t\t\t\t<section class=\"elementor-section elementor-top-section elementor-element elementor-element-7e8b1101 elementor-section-boxed elementor-section-height-default elementor-section-height-default elementor-invisible\" data-id=\"7e8b1101\" data-element_type=\"section\" data-e-type=\"section\" data-settings=\"{&quot;animation&quot;:&quot;fadeIn&quot;}\">\n\t\t\t\t\t\t<div class=\"elementor-container elementor-column-gap-default\">\n\t\t\t\t\t<div class=\"elementor-column elementor-col-100 elementor-top-column elementor-element elementor-element-1977b889\" data-id=\"1977b889\" data-element_type=\"column\" data-e-type=\"column\">\n\t\t\t<div class=\"elementor-widget-wrap elementor-element-populated\">\n\t\t\t\t\t\t<div class=\"elementor-element elementor-element-32b7292c elementor-widget elementor-widget-heading\" data-id=\"32b7292c\" data-element_type=\"widget\" data-e-type=\"widget\" data-widget_type=\"heading.default\">\n\t\t\t\t\t<h2 class=\"elementor-heading-title elementor-size-default\">Our specialists for plastic and aesthetic surgery<\/h2>\t\t\t\t<\/div>\n\t\t\t\t<section class=\"elementor-section elementor-inner-section elementor-element elementor-element-3a72080b elementor-section-boxed elementor-section-height-default elementor-section-height-default\" data-id=\"3a72080b\" data-element_type=\"section\" data-e-type=\"section\">\n\t\t\t\t\t\t<div class=\"elementor-container elementor-column-gap-default\">\n\t\t\t\t\t<div class=\"elementor-column elementor-col-33 elementor-inner-column elementor-element elementor-element-2bf84233\" data-id=\"2bf84233\" data-element_type=\"column\" data-e-type=\"column\">\n\t\t\t<div class=\"elementor-widget-wrap elementor-element-populated\">\n\t\t\t\t\t\t<div class=\"elementor-element elementor-element-4a3e1d82 elementor-widget elementor-widget-image\" data-id=\"4a3e1d82\" data-element_type=\"widget\" data-e-type=\"widget\" data-widget_type=\"image.default\">\n\t\t\t\t\t\t\t\t\t\t\t\t<figure class=\"wp-caption\">\n\t\t\t\t\t\t\t\t\t\t\t<a href=\"https:\/\/dr-montanari.de\/en\/practice-2\/dr-med-michaela-montanari\/\">\n\t\t\t\t\t\t\t<img decoding=\"async\" src=\"https:\/\/dr-montanari.de\/uploads\/praxisteam\/Dr-med-Michaela-Montanari-2021.jpg\" title=\"\" alt=\"Dr Michaela Montanari\" loading=\"lazy\" \/>\t\t\t\t\t\t\t\t<\/a>\n\t\t\t\t\t\t\t\t\t\t\t<figcaption class=\"widget-image-caption wp-caption-text\"><b>Dr Michaela Montanari<\/b><br>Specialist in plastic and aesthetic surgery<br>Specialist for surgery<br>Chairperson of the<br><a href=\"https:\/\/www.dgaepc.de\" target=\"_blank\" rel=\"noopener\">German Society for Aesthetic Plastic Surgery<\/a><\/figcaption>\n\t\t\t\t\t\t\t\t\t\t<\/figure>\n\t\t\t\t\t\t\t\t\t<\/div>\n\t\t\t\t\t<\/div>\n\t\t<\/div>\n\t\t\t\t<div class=\"elementor-column elementor-col-33 elementor-inner-column elementor-element elementor-element-6b0f543d\" data-id=\"6b0f543d\" data-element_type=\"column\" data-e-type=\"column\">\n\t\t\t<div class=\"elementor-widget-wrap elementor-element-populated\">\n\t\t\t\t\t\t<div class=\"elementor-element elementor-element-6b5750d6 elementor-widget elementor-widget-image\" data-id=\"6b5750d6\" data-element_type=\"widget\" data-e-type=\"widget\" data-widget_type=\"image.default\">\n\t\t\t\t\t\t\t\t\t\t\t\t<figure class=\"wp-caption\">\n\t\t\t\t\t\t\t\t\t\t\t<a href=\"https:\/\/dr-montanari.de\/en\/practice-2\/dr-med-michaela-montanari-2\/\">\n\t\t\t\t\t\t\t<img fetchpriority=\"high\" decoding=\"async\" width=\"600\" height=\"400\" src=\"https:\/\/dr-montanari.de\/wp-content\/uploads\/dr-anna-maria-bugariu.avif\" class=\"attachment-full size-full wp-image-2359\" alt=\"dr-anna-maria-bugariu\" srcset=\"https:\/\/dr-montanari.de\/wp-content\/uploads\/dr-anna-maria-bugariu.avif 600w, https:\/\/dr-montanari.de\/wp-content\/uploads\/dr-anna-maria-bugariu-300x200.avif 300w, https:\/\/dr-montanari.de\/wp-content\/uploads\/dr-anna-maria-bugariu-113x75.avif 113w, https:\/\/dr-montanari.de\/wp-content\/uploads\/dr-anna-maria-bugariu-480x320.avif 480w\" sizes=\"(max-width: 600px) 100vw, 600px\" \/>\t\t\t\t\t\t\t\t<\/a>\n\t\t\t\t\t\t\t\t\t\t\t<figcaption class=\"widget-image-caption wp-caption-text\"><b>Dr Anna Maria Bugariu<\/b><br>Specialist for<br>Plastic and aesthetic surgery<\/figcaption>\n\t\t\t\t\t\t\t\t\t\t<\/figure>\n\t\t\t\t\t\t\t\t\t<\/div>\n\t\t\t\t\t<\/div>\n\t\t<\/div>\n\t\t\t\t<div class=\"elementor-column elementor-col-33 elementor-inner-column elementor-element elementor-element-15311bea\" data-id=\"15311bea\" data-element_type=\"column\" data-e-type=\"column\">\n\t\t\t<div class=\"elementor-widget-wrap elementor-element-populated\">\n\t\t\t\t\t\t<div class=\"elementor-element elementor-element-29f1f89e elementor-widget elementor-widget-image\" data-id=\"29f1f89e\" data-element_type=\"widget\" data-e-type=\"widget\" data-widget_type=\"image.default\">\n\t\t\t\t\t\t\t\t\t\t\t\t<figure class=\"wp-caption\">\n\t\t\t\t\t\t\t\t\t\t\t<a href=\"https:\/\/dr-montanari.de\/en\/practice-2\/inna-roeschies\/\">\n\t\t\t\t\t\t\t<img decoding=\"async\" width=\"600\" height=\"400\" src=\"https:\/\/dr-montanari.de\/wp-content\/uploads\/Unbenannt-11.avif\" class=\"attachment-full size-full wp-image-13601\" alt=\"Inna Roeschies\" srcset=\"https:\/\/dr-montanari.de\/wp-content\/uploads\/Unbenannt-11.avif 600w, https:\/\/dr-montanari.de\/wp-content\/uploads\/Unbenannt-11-300x200.avif 300w, https:\/\/dr-montanari.de\/wp-content\/uploads\/Unbenannt-11-18x12.avif 18w\" sizes=\"(max-width: 600px) 100vw, 600px\" \/>\t\t\t\t\t\t\t\t<\/a>\n\t\t\t\t\t\t\t\t\t\t\t<figcaption class=\"widget-image-caption wp-caption-text\"><b>Inna Roeschies<\/b><br>Specialist for<br>Plastic and aesthetic surgery<\/figcaption>\n\t\t\t\t\t\t\t\t\t\t<\/figure>\n\t\t\t\t\t\t\t\t\t<\/div>\n\t\t\t\t\t<\/div>\n\t\t<\/div>\n\t\t\t\t\t<\/div>\n\t\t<\/section>\n\t\t\t\t\t<\/div>\n\t\t<\/div>\n\t\t\t\t\t<\/div>\n\t\t<\/section>\n\t\t\t\t<\/div>\n\t\t<\/div>\n\t\t\t\t\t\t<\/div>\n\t\t\t\t<div class=\"elementor-element elementor-element-5961a50 elementor-widget elementor-widget-text-editor\" data-id=\"5961a50\" data-element_type=\"widget\" data-e-type=\"widget\" data-widget_type=\"text-editor.default\">\n\t\t\t\t\t\t\t\t\t<script defer async src='https:\/\/cdn.trustindex.io\/loader.js?2a469e22723113809f86f7d1823'><\/script>\t\t\t\t\t\t\t\t<\/div>\n\t\t\t\t\t<\/div>\n\t\t<\/div>\n\t\t\t\t\t<\/div>\n\t\t<\/section>\n\t\t\t\t<\/div>","protected":false},"excerpt":{"rendered":"<p>Weichteiltumore wie z. B. Lipome, Fibrom, Atherom, etc. Assoziierte Begriffe:Lipome, Fettgeschwulst, gutartiger Tumor der Fettgewebszellen (Adipozyten), Fibrom, Atherom Neben der Durchf\u00fchrung \u00e4sthetischer Eingriffe biete ich Ihnen ein breites Spektrum an wiederherstellenden Operationen an. Dazu z\u00e4hlen die Entfernung von Weichteiltumoren (z.B. Lipome, Fibrome,Atherome) Deckung von Weichteildefekten nach Tumorbehandlungen und Unf\u00e4llen Narbenkorrekturen Gut- und b\u00f6sartige Weichteiltumoren k\u00f6nnen [&hellip;]<\/p>\n","protected":false},"author":1,"featured_media":0,"parent":262,"menu_order":0,"comment_status":"closed","ping_status":"closed","template":"","meta":{"footnotes":""},"class_list":["post-264","page","type-page","status-publish","hentry"],"_links":{"self":[{"href":"https:\/\/dr-montanari.de\/en\/wp-json\/wp\/v2\/pages\/264","targetHints":{"allow":["GET"]}}],"collection":[{"href":"https:\/\/dr-montanari.de\/en\/wp-json\/wp\/v2\/pages"}],"about":[{"href":"https:\/\/dr-montanari.de\/en\/wp-json\/wp\/v2\/types\/page"}],"author":[{"embeddable":true,"href":"https:\/\/dr-montanari.de\/en\/wp-json\/wp\/v2\/users\/1"}],"replies":[{"embeddable":true,"href":"https:\/\/dr-montanari.de\/en\/wp-json\/wp\/v2\/comments?post=264"}],"version-history":[{"count":6,"href":"https:\/\/dr-montanari.de\/en\/wp-json\/wp\/v2\/pages\/264\/revisions"}],"predecessor-version":[{"id":14457,"href":"https:\/\/dr-montanari.de\/en\/wp-json\/wp\/v2\/pages\/264\/revisions\/14457"}],"up":[{"embeddable":true,"href":"https:\/\/dr-montanari.de\/en\/wp-json\/wp\/v2\/pages\/262"}],"wp:attachment":[{"href":"https:\/\/dr-montanari.de\/en\/wp-json\/wp\/v2\/media?parent=264"}],"curies":[{"name":"wp","href":"https:\/\/api.w.org\/{rel}","templated":true}]}}