{"id":2682,"date":"2024-02-13T13:03:17","date_gmt":"2024-02-13T12:03:17","guid":{"rendered":"https:\/\/dr-montanari.de\/?page_id=2682"},"modified":"2025-05-26T10:26:48","modified_gmt":"2025-05-26T08:26:48","slug":"dr-med-michaela-montanari-2","status":"publish","type":"page","link":"https:\/\/dr-montanari.de\/en\/praxis\/dr-med-anna-maria-bugariu\/","title":{"rendered":"Dr Anna Maria Bugariu"},"content":{"rendered":"<div data-elementor-type=\"wp-page\" data-elementor-id=\"2682\" class=\"elementor elementor-2682\" data-elementor-post-type=\"page\">\n\t\t\t\t\t\t<section class=\"elementor-section elementor-top-section elementor-element elementor-element-81630f0 elementor-section-boxed elementor-section-height-default elementor-section-height-default\" data-id=\"81630f0\" data-element_type=\"section\" data-e-type=\"section\">\n\t\t\t\t\t\t<div class=\"elementor-container elementor-column-gap-default\">\n\t\t\t\t\t<div class=\"elementor-column elementor-col-100 elementor-top-column elementor-element elementor-element-13da6b7\" data-id=\"13da6b7\" data-element_type=\"column\" data-e-type=\"column\">\n\t\t\t<div class=\"elementor-widget-wrap elementor-element-populated\">\n\t\t\t\t\t\t<div class=\"elementor-element elementor-element-6264545 elementor-widget elementor-widget-heading\" data-id=\"6264545\" data-element_type=\"widget\" data-e-type=\"widget\" data-widget_type=\"heading.default\">\n\t\t\t\t\t<h1 class=\"elementor-heading-title elementor-size-default\">Dr Anna Maria Bugariu<\/h1>\t\t\t\t<\/div>\n\t\t\t\t<div class=\"elementor-element elementor-element-51efbc4 elementor-widget elementor-widget-text-editor\" data-id=\"51efbc4\" data-element_type=\"widget\" data-e-type=\"widget\" data-widget_type=\"text-editor.default\">\n\t\t\t\t\t\t\t\t\t<p style=\"text-align: center;\">Specialist in plastic and aesthetic surgery<br \/>Additional qualification in hand surgery<\/p>\t\t\t\t\t\t\t\t<\/div>\n\t\t\t\t\t<\/div>\n\t\t<\/div>\n\t\t\t\t\t<\/div>\n\t\t<\/section>\n\t\t\t\t<section class=\"elementor-section elementor-top-section elementor-element elementor-element-984fee1 elementor-section-boxed elementor-section-height-default elementor-section-height-default\" data-id=\"984fee1\" data-element_type=\"section\" data-e-type=\"section\">\n\t\t\t\t\t\t<div class=\"elementor-container elementor-column-gap-default\">\n\t\t\t\t\t<div class=\"elementor-column elementor-col-50 elementor-top-column elementor-element elementor-element-dc16ec8\" data-id=\"dc16ec8\" data-element_type=\"column\" data-e-type=\"column\">\n\t\t\t<div class=\"elementor-widget-wrap elementor-element-populated\">\n\t\t\t\t\t\t<div class=\"elementor-element elementor-element-25c64e2 elementor-widget elementor-widget-image\" data-id=\"25c64e2\" data-element_type=\"widget\" data-e-type=\"widget\" data-widget_type=\"image.default\">\n\t\t\t\t\t\t\t\t\t\t\t\t<figure class=\"wp-caption\">\n\t\t\t\t\t\t\t\t\t\t<img fetchpriority=\"high\" decoding=\"async\" width=\"600\" height=\"900\" src=\"https:\/\/dr-montanari.de\/wp-content\/uploads\/dr-bugario-hoch.jpg\" class=\"attachment-full size-full wp-image-11780\" alt=\"dr-bugario-high\" srcset=\"https:\/\/dr-montanari.de\/wp-content\/uploads\/dr-bugario-hoch.jpg 600w, https:\/\/dr-montanari.de\/wp-content\/uploads\/dr-bugario-hoch-200x300.jpg 200w, https:\/\/dr-montanari.de\/wp-content\/uploads\/dr-bugario-hoch-8x12.avif 8w\" sizes=\"(max-width: 600px) 100vw, 600px\" \/>\t\t\t\t\t\t\t\t\t\t\t<figcaption class=\"widget-image-caption wp-caption-text\"><b>Dr Anna Maria Bugariu<\/b><br>Specialist for<br> Plastic and aesthetic surgery<br>Additional qualification in hand surgery<\/figcaption>\n\t\t\t\t\t\t\t\t\t\t<\/figure>\n\t\t\t\t\t\t\t\t\t<\/div>\n\t\t\t\t\t<\/div>\n\t\t<\/div>\n\t\t\t\t<div class=\"elementor-column elementor-col-50 elementor-top-column elementor-element elementor-element-d537b0b\" data-id=\"d537b0b\" data-element_type=\"column\" data-e-type=\"column\">\n\t\t\t<div class=\"elementor-widget-wrap elementor-element-populated\">\n\t\t\t\t\t\t<div class=\"elementor-element elementor-element-4bfdf11 elementor-widget elementor-widget-text-editor\" data-id=\"4bfdf11\" data-element_type=\"widget\" data-e-type=\"widget\" data-widget_type=\"text-editor.default\">\n\t\t\t\t\t\t\t\t\t<h2>Brief profile of Dr Bugariu<\/h2><p>Dr Anna Maria Bugariu is a specialist in plastic, reconstructive and aesthetic surgery. She has been working in this speciality since 2014.\u00a0<\/p><p><span style=\"letter-spacing: 0px;\">After studying human medicine with a doctorate in Leipzig, she began her surgical career at Magdeburg University Hospital. She gained several years of experience in all four pillars of plastic surgery and <\/span><span style=\"letter-spacing: 0px;\">has performed hundreds of aesthetic and reconstructive operations.<\/span><\/p><p>Her aim is to contribute her knowledge and skills to her adopted home of D\u00fcsseldorf and the surrounding area.<\/p><p>She has also completed numerous additional training courses. These include minimally invasive filler and botulinum therapy (DGBT certification courses).<\/p>\t\t\t\t\t\t\t\t<\/div>\n\t\t\t\t<div class=\"elementor-element elementor-element-db5072f elementor-widget elementor-widget-accordion\" data-id=\"db5072f\" data-element_type=\"widget\" data-e-type=\"widget\" data-widget_type=\"accordion.default\">\n\t\t\t\t\t\t\t<div class=\"elementor-accordion\">\n\t\t\t\t\t\t\t<div class=\"elementor-accordion-item\">\n\t\t\t\t\t<h2 id=\"elementor-tab-title-2291\" class=\"elementor-tab-title\" data-tab=\"1\" role=\"button\" aria-controls=\"elementor-tab-content-2291\" aria-expanded=\"false\">\n\t\t\t\t\t\t\t\t\t\t\t\t<a class=\"elementor-accordion-title\" tabindex=\"0\">Memberships<\/a>\n\t\t\t\t\t<\/h2>\n\t\t\t\t\t<div id=\"elementor-tab-content-2291\" class=\"elementor-tab-content elementor-clearfix\" data-tab=\"1\" role=\"region\" aria-labelledby=\"elementor-tab-title-2291\"><p>German Society for Plastic, Reconstructive and Aesthetic Surgery Full member | since 09\/2020<\/p><\/div>\n\t\t\t\t<\/div>\n\t\t\t\t\t\t\t<div class=\"elementor-accordion-item\">\n\t\t\t\t\t<h2 id=\"elementor-tab-title-2292\" class=\"elementor-tab-title\" data-tab=\"2\" role=\"button\" aria-controls=\"elementor-tab-content-2292\" aria-expanded=\"false\">\n\t\t\t\t\t\t\t\t\t\t\t\t<a class=\"elementor-accordion-title\" tabindex=\"0\">Professional career<\/a>\n\t\t\t\t\t<\/h2>\n\t\t\t\t\t<div id=\"elementor-tab-content-2292\" class=\"elementor-tab-content elementor-clearfix\" data-tab=\"2\" role=\"region\" aria-labelledby=\"elementor-tab-title-2292\"><p style=\"padding-top: 25px;\"><b>Since 01.01.2024<\/b><br \/>Employed specialist for plastic and aesthetic surgery<br \/>Practice of Dr Michaela Montanari, Bochum<\/p><p style=\"padding-top: 25px;\"><b>01\/2021 - 12\/2023<\/b><br \/>Senior physician<br \/>University Hospital Magdeburg<\/p><ul><li>Senior physician at the University Clinic for Plastic, Aesthetic and Hand Surgery (FESSH) at Otto von Guericke University Magdeburg under the direction of Prof. Dr Manfred Infanger, MD<\/li><li>Carrying out plastic-reconstructive and aesthetic procedures on the entire body<\/li><li>Awarded the title of European Hand Trauma Centre, the department's surgical remit also included all elective and acute hand surgery, including 24-hour replantation services.<\/li><li>Management and training of an operating theatre team with four assistant doctors<\/li><\/ul><p style=\"padding-top: 25px;\"><b>04\/2020 - 12\/2020<\/b><br \/>Specialist in senior medical function<br \/>University Hospital Magdeburg<\/p><ul><li>Specialist examination<\/li><li>Senior physician background services from January 2020<\/li><li>Responsibility for the indication and emergency consultation hours<\/li><li>Takeover of breast consultation hours as well as aesthetics and laser consultation hours<\/li><li>Focus of surgical activity on breast augmentation and breast reduction, breast reconstruction after oncological therapy, upper eyelid surgery, post-bariatric surgery and transgender surgery<\/li><\/ul><p style=\"padding-top: 25px;\"><b>02\/2014 until 03\/2020<\/b><br \/>Assistant doctor<br \/>University Hospital Magdeburg<\/p><ul><li>In-depth surgical training in all four areas of plastic surgery including microsurgery, burns surgery, reconstructive surgery and aesthetic surgery<\/li><li>Two-year basic surgical training (Common Trunk) in plastic surgery including a 6-month rotation in the surgical intensive care unit<\/li><\/ul><\/div>\n\t\t\t\t<\/div>\n\t\t\t\t\t\t\t<div class=\"elementor-accordion-item\">\n\t\t\t\t\t<h2 id=\"elementor-tab-title-2293\" class=\"elementor-tab-title\" data-tab=\"3\" role=\"button\" aria-controls=\"elementor-tab-content-2293\" aria-expanded=\"false\">\n\t\t\t\t\t\t\t\t\t\t\t\t<a class=\"elementor-accordion-title\" tabindex=\"0\">Doctorate\/Dissertation<\/a>\n\t\t\t\t\t<\/h2>\n\t\t\t\t\t<div id=\"elementor-tab-content-2293\" class=\"elementor-tab-content elementor-clearfix\" data-tab=\"3\" role=\"region\" aria-labelledby=\"elementor-tab-title-2293\"><p style=\"padding-top: 25px;\"><strong>03\/2014<br \/><\/strong>PROMOTION<br \/>University Clinic for Virology Leipzig<\/p><p style=\"padding-left: 40px;\">Experimental work on animal models, grade: Magna cum laude<br \/>Title: \"Expression of diagnostically usable antigens for the detection of West Nile virus-specific antibodies\"<\/p><p style=\"padding-top: 25px;\"><strong>12\/2023<\/strong><br \/>APPROBATION<br \/>University of Leipzig - Alma Mater Lipsiensis<\/p><\/div>\n\t\t\t\t<\/div>\n\t\t\t\t\t\t\t<div class=\"elementor-accordion-item\">\n\t\t\t\t\t<h2 id=\"elementor-tab-title-2294\" class=\"elementor-tab-title\" data-tab=\"4\" role=\"button\" aria-controls=\"elementor-tab-content-2294\" aria-expanded=\"false\">\n\t\t\t\t\t\t\t\t\t\t\t\t<a class=\"elementor-accordion-title\" tabindex=\"0\">Medical studies<\/a>\n\t\t\t\t\t<\/h2>\n\t\t\t\t\t<div id=\"elementor-tab-content-2294\" class=\"elementor-tab-content elementor-clearfix\" data-tab=\"4\" role=\"region\" aria-labelledby=\"elementor-tab-title-2294\"><p><strong>2007\u20132013\u00a0<\/strong><\/p><p>STUDY OF HUMAN MEDICINE<br \/>University of Leipzig - Alma Mater Lipsiensis<\/p><\/div>\n\t\t\t\t<\/div>\n\t\t\t\t\t\t\t<div class=\"elementor-accordion-item\">\n\t\t\t\t\t<h2 id=\"elementor-tab-title-2295\" class=\"elementor-tab-title\" data-tab=\"5\" role=\"button\" aria-controls=\"elementor-tab-content-2295\" aria-expanded=\"false\">\n\t\t\t\t\t\t\t\t\t\t\t\t<a class=\"elementor-accordion-title\" tabindex=\"0\">Additional qualifications<\/a>\n\t\t\t\t\t<\/h2>\n\t\t\t\t\t<div id=\"elementor-tab-content-2295\" class=\"elementor-tab-content elementor-clearfix\" data-tab=\"5\" role=\"region\" aria-labelledby=\"elementor-tab-title-2295\"><h2 style=\"padding-top: 25px;\">Further training<\/h2><ul><li>Additional qualification in hand surgery Medical Association Westphalen-Lippe\u00a0<span style=\"font-family: Arial; font-size: 15px; font-style: normal; font-variant-ligatures: normal; font-variant-caps: normal; font-weight: 400;\">| 04\/2024<\/span><\/li><li>Further training in hand surgery Medical Association of North Rhine | Exam 02\/2024<\/li><li>Radiation protection expertise with special X-ray course<br \/>Online course | 2021<\/li><li>Further training as a doctor in charge of hygiene<br \/>Saxony-Anhalt Medical Association | 2020<\/li><li>DGBT certificate for aesthetic botulinum toxin therapy<br \/>Hamburg | 2018<\/li><li>DGBT certificate for aesthetic injection treatments<br \/>Hamburg | 2018<\/li><li>Laser medicine expertise and specialist knowledge<br \/>Berlin | 2017<\/li><li>Maz-Diploma Microsurgery<br \/>Charit\u00e9, Berlin | 2016<\/li><\/ul><\/div>\n\t\t\t\t<\/div>\n\t\t\t\t\t\t\t\t<\/div>\n\t\t\t\t\t\t<\/div>\n\t\t\t\t\t<\/div>\n\t\t<\/div>\n\t\t\t\t\t<\/div>\n\t\t<\/section>\n\t\t\t\t<\/div>","protected":false},"excerpt":{"rendered":"<p>Dr. med. Anna Maria Bugariu Fach\u00e4rztin f\u00fcr Plastische und \u00c4sthetische ChirurgieZusatzbezeichnung Handchirurgie Dr. med. Anna Maria BugariuFach\u00e4rztin f\u00fcr Plastische und \u00c4sthetische ChirurgieZusatzbezeichnung Handchirurgie Kurzprofil Fr. Dr. Bugariu Dr. Anna Maria Bugariu ist Fach\u00e4rztin f\u00fcr Plastische, Rekonstruktive und \u00c4sthetische Chirurgie. Sie ist seit 2014 in diesem Fachgebiet t\u00e4tig.\u00a0 Nach ihrem Studium der Humanmedizin mit Promotion in [&hellip;]<\/p>\n","protected":false},"author":2,"featured_media":2358,"parent":108,"menu_order":0,"comment_status":"closed","ping_status":"closed","template":"","meta":{"footnotes":""},"class_list":["post-2682","page","type-page","status-publish","has-post-thumbnail","hentry"],"_links":{"self":[{"href":"https:\/\/dr-montanari.de\/en\/wp-json\/wp\/v2\/pages\/2682","targetHints":{"allow":["GET"]}}],"collection":[{"href":"https:\/\/dr-montanari.de\/en\/wp-json\/wp\/v2\/pages"}],"about":[{"href":"https:\/\/dr-montanari.de\/en\/wp-json\/wp\/v2\/types\/page"}],"author":[{"embeddable":true,"href":"https:\/\/dr-montanari.de\/en\/wp-json\/wp\/v2\/users\/2"}],"replies":[{"embeddable":true,"href":"https:\/\/dr-montanari.de\/en\/wp-json\/wp\/v2\/comments?post=2682"}],"version-history":[{"count":0,"href":"https:\/\/dr-montanari.de\/en\/wp-json\/wp\/v2\/pages\/2682\/revisions"}],"up":[{"embeddable":true,"href":"https:\/\/dr-montanari.de\/en\/wp-json\/wp\/v2\/pages\/108"}],"wp:featuredmedia":[{"embeddable":true,"href":"https:\/\/dr-montanari.de\/en\/wp-json\/wp\/v2\/media\/2358"}],"wp:attachment":[{"href":"https:\/\/dr-montanari.de\/en\/wp-json\/wp\/v2\/media?parent=2682"}],"curies":[{"name":"wp","href":"https:\/\/api.w.org\/{rel}","templated":true}]}}