{"id":284,"date":"2018-08-13T14:05:54","date_gmt":"2018-08-13T12:05:54","guid":{"rendered":"http:\/\/dr-montanari.de.w0184301.kasserver.com\/?page_id=284"},"modified":"2025-03-07T11:06:01","modified_gmt":"2025-03-07T10:06:01","slug":"partner-2","status":"publish","type":"page","link":"https:\/\/dr-montanari.de\/en\/praxis\/partner-2\/","title":{"rendered":"Partner"},"content":{"rendered":"<div data-elementor-type=\"wp-page\" data-elementor-id=\"284\" class=\"elementor elementor-284\" data-elementor-post-type=\"page\">\n\t\t\t\t\t\t<section class=\"elementor-section elementor-top-section elementor-element elementor-element-04d291a elementor-section-boxed elementor-section-height-default elementor-section-height-default\" data-id=\"04d291a\" data-element_type=\"section\" data-e-type=\"section\">\n\t\t\t\t\t\t<div class=\"elementor-container elementor-column-gap-default\">\n\t\t\t\t\t<div class=\"elementor-column elementor-col-100 elementor-top-column elementor-element elementor-element-62935fc\" data-id=\"62935fc\" data-element_type=\"column\" data-e-type=\"column\">\n\t\t\t<div class=\"elementor-widget-wrap elementor-element-populated\">\n\t\t\t\t\t\t<div class=\"elementor-element elementor-element-fb470c3 elementor-widget elementor-widget-heading\" data-id=\"fb470c3\" data-element_type=\"widget\" data-e-type=\"widget\" data-widget_type=\"heading.default\">\n\t\t\t\t\t<h1 class=\"elementor-heading-title elementor-size-default\">Partners &amp; co-operations of our practice<\/h1>\t\t\t\t<\/div>\n\t\t\t\t<div class=\"elementor-element elementor-element-5176624 elementor-widget elementor-widget-text-editor\" data-id=\"5176624\" data-element_type=\"widget\" data-e-type=\"widget\" data-widget_type=\"text-editor.default\">\n\t\t\t\t\t\t\t\t\t<p><a title=\"Montanari Cosmetics Bochum\" href=\"https:\/\/montanari-cosmetics.de\/\" target=\"_blank\" rel=\"noopener\"><img decoding=\"async\" class=\"partner\" src=\"https:\/\/dr-montanari.de\/wp-content\/uploads\/Montanari-Cosmetics-LogoRandhg.jpg\" alt=\"Montanari Cosmetics Bochum\" width=\"143px\" height=\"100px\" align=\"right\" border=\"0\" \/><\/a><strong><br \/><\/strong><\/p><p><strong>Montanari Cosmetics<\/strong><br \/>Krockhausstrasse 7<br \/>44797 Bochum<br \/><a title=\"Montanari Cosmetics Bochum\" href=\"https:\/\/montanari-cosmetics.de\/\" target=\"_blank\" rel=\"noopener\">www.montanari-cosmetics.de<\/a><\/p><hr \/><p><a title=\"Dr Andreas Montanari - Specialist for ear, nose and throat diseases\" href=\"https:\/\/hno-montanari.de\/\" target=\"_blank\" rel=\"noopener\"><img decoding=\"async\" class=\"partner\" src=\"https:\/\/dr-montanari.de\/uploads\/partner\/logo-hno-montanari.jpg\" alt=\"Dr Andreas Montanari - Specialist for ENT\" height=\"100px\" align=\"right\" border=\"0\" \/><\/a><strong><br \/><\/strong><\/p><p><strong>Dr Andreas Montanari<\/strong><br \/>Specialist for ENT<br \/>Hattinger Street 20-22<br \/>45549 Sprockh\u00f6vel<br \/>Phone 02324 \/ 70 12 07<br \/><a title=\"Dr Andreas Montanari - Specialist for ear, nose and throat diseases\" href=\"https:\/\/hno-montanari.de\/\" target=\"_blank\" rel=\"noopener\">hno-montanari.de<\/a><\/p><hr \/><p><a title=\"Prof. Dr med. B. L. Herrmann - Specialist in internal medicine, endocrinologist and diabetologist\" href=\"https:\/\/www.endo-bochum.de\/\" target=\"_blank\" rel=\"noopener\"><img decoding=\"async\" class=\"partner\" src=\"https:\/\/dr-montanari.de\/uploads\/partner\/logo-endo-bochum.gif\" alt=\"Dr Prof. Dr B. med. L. Herrmann - Specialist in internal medicine, endocrinologist and diabetologist\" align=\"right\" border=\"0\" \/><\/a><strong><br \/><\/strong><\/p><p><strong>Prof. Dr med. B. L. Herrmann<\/strong><br \/>Specialist in internal medicine, endocrinologist and diabetologist<br \/>Springorumallee 2<br \/>795 Bochum<br \/>Phone 0234 \/ 97 83 43-30<br \/><a title=\"Prof. Dr med. B. L. Herrmann - Specialist in internal medicine, endocrinologist and diabetologist\" href=\"https:\/\/www.endo-bochum.de\/\" target=\"_blank\" rel=\"noopener\">www.endo-bochum.de<\/a><\/p><hr \/><p><a title=\"skin689\" href=\"https:\/\/skin689.com\/\" target=\"_blank\" rel=\"noopener\"><img decoding=\"async\" class=\"partner\" style=\"max-height: 100px;\" src=\"https:\/\/dr-montanari.de\/uploads\/partner\/skin689.png\" alt=\"skin689\" align=\"right\" border=\"0\" \/><\/a><strong><br \/><\/strong><\/p><p><strong>skin689 AG,<\/strong><br \/>Asylstrasse 41<br \/>8032 Zurich, Switzerland<br \/>Tel: +41 44 265 11 11<br \/><a title=\"Skin 689\" href=\"https:\/\/skin689.com\/\" target=\"_blank\" rel=\"noopener\">http:\/\/www.skin689.com<\/a><\/p><hr \/><p><a title=\"Dermocosmetics Synchroline\" href=\"https:\/\/www.synchroline.de\/\" target=\"_blank\" rel=\"noopener\"><img decoding=\"async\" class=\"partner\" src=\"https:\/\/dr-montanari.de\/uploads\/partner\/logo-dermokosmetika-syncholine.gif\" alt=\"Dermocosmetics Synchroline\" align=\"right\" border=\"0\" \/><\/a><strong><br \/><\/strong><\/p><p><strong>Dermocosmetics Synchroline<\/strong><br \/>Merzh\u00e4user &amp; Bolky GbR<br \/>Konrad Adenauerstr. 103<br \/>57572 Niederfischbach<br \/>Phone: 02734 \/ 57 10 26<br \/><a title=\"Dermocosmetics Synchroline\" href=\"https:\/\/www.synchroline.de\/\" target=\"_blank\" rel=\"noopener\">www.synchroline.de<\/a><\/p><hr \/><p><a title=\"Baltz fashion house\" href=\"https:\/\/www.baltz.de\/\" target=\"_blank\" rel=\"noopener\"><img decoding=\"async\" class=\"partner\" src=\"https:\/\/dr-montanari.de\/uploads\/partner\/logo-baltz.jpg\" alt=\"Baltz fashion house\" align=\"right\" border=\"0\" \/><\/a><strong><br \/><\/strong><\/p><p><strong>M. Baltz GmbH<\/strong><br \/>Bongardstra\u00dfe 42-56<br \/>44787 Bochum<br \/>Phone: 0234 \/ 91 49 - 290<br \/><a title=\"Baltz fashion house\" href=\"https:\/\/www.baltz.de\/\" target=\"_blank\" rel=\"noopener\">www.baltz.de<\/a><\/p>\t\t\t\t\t\t\t\t<\/div>\n\t\t\t\t\t<\/div>\n\t\t<\/div>\n\t\t\t\t\t<\/div>\n\t\t<\/section>\n\t\t\t\t<\/div>","protected":false},"excerpt":{"rendered":"<p>Partner &amp; Kooperationen unserer Praxis Montanari CosmeticsKrockhausstra\u00dfe 744797 Bochumwww.montanari-cosmetics.de Dr. med. Andreas MontanariFacharzt f\u00fcr HNOHattinger Stra\u00dfe 20-2245549 Sprockh\u00f6velTelefon 02324 \/ 70 12 07hno-montanari.de Prof. Dr. med. B. L. HerrmannFacharzt f\u00fcr Innere Medizin, Endokrinologe und DiabetologeSpringorumallee 2795 BochumTelefon 0234 \/ 97 83 43-30www.endo-bochum.de skin689 AG,Asylstrasse 418032 Z\u00fcrich, SchweizTel: +41 44 265 11 11http:\/\/www.skin689.com Dermokosmetika SynchrolineMerzh\u00e4user &amp; [&hellip;]<\/p>\n","protected":false},"author":1,"featured_media":2812,"parent":108,"menu_order":0,"comment_status":"closed","ping_status":"closed","template":"","meta":{"footnotes":""},"class_list":["post-284","page","type-page","status-publish","has-post-thumbnail","hentry"],"_links":{"self":[{"href":"https:\/\/dr-montanari.de\/en\/wp-json\/wp\/v2\/pages\/284","targetHints":{"allow":["GET"]}}],"collection":[{"href":"https:\/\/dr-montanari.de\/en\/wp-json\/wp\/v2\/pages"}],"about":[{"href":"https:\/\/dr-montanari.de\/en\/wp-json\/wp\/v2\/types\/page"}],"author":[{"embeddable":true,"href":"https:\/\/dr-montanari.de\/en\/wp-json\/wp\/v2\/users\/1"}],"replies":[{"embeddable":true,"href":"https:\/\/dr-montanari.de\/en\/wp-json\/wp\/v2\/comments?post=284"}],"version-history":[{"count":0,"href":"https:\/\/dr-montanari.de\/en\/wp-json\/wp\/v2\/pages\/284\/revisions"}],"up":[{"embeddable":true,"href":"https:\/\/dr-montanari.de\/en\/wp-json\/wp\/v2\/pages\/108"}],"wp:featuredmedia":[{"embeddable":true,"href":"https:\/\/dr-montanari.de\/en\/wp-json\/wp\/v2\/media\/2812"}],"wp:attachment":[{"href":"https:\/\/dr-montanari.de\/en\/wp-json\/wp\/v2\/media?parent=284"}],"curies":[{"name":"wp","href":"https:\/\/api.w.org\/{rel}","templated":true}]}}