{"id":293,"date":"2018-08-13T14:25:32","date_gmt":"2018-08-13T12:25:32","guid":{"rendered":"http:\/\/dr-montanari.de.w0184301.kasserver.com\/?page_id=293"},"modified":"2025-10-04T14:40:17","modified_gmt":"2025-10-04T12:40:17","slug":"imprint","status":"publish","type":"page","link":"https:\/\/dr-montanari.de\/en\/kontakt\/impressum\/","title":{"rendered":"Imprint"},"content":{"rendered":"<div data-elementor-type=\"wp-page\" data-elementor-id=\"293\" class=\"elementor elementor-293\" data-elementor-post-type=\"page\">\n\t\t\t\t\t\t<section class=\"elementor-section elementor-top-section elementor-element elementor-element-b65d065 elementor-section-boxed elementor-section-height-default elementor-section-height-default\" data-id=\"b65d065\" data-element_type=\"section\" data-e-type=\"section\">\n\t\t\t\t\t\t<div class=\"elementor-container elementor-column-gap-default\">\n\t\t\t\t\t<div class=\"elementor-column elementor-col-100 elementor-top-column elementor-element elementor-element-7dde34e\" data-id=\"7dde34e\" data-element_type=\"column\" data-e-type=\"column\">\n\t\t\t<div class=\"elementor-widget-wrap elementor-element-populated\">\n\t\t\t\t\t\t<div class=\"elementor-element elementor-element-7dc112e elementor-widget elementor-widget-heading\" data-id=\"7dc112e\" data-element_type=\"widget\" data-e-type=\"widget\" data-widget_type=\"heading.default\">\n\t\t\t\t\t<h1 class=\"elementor-heading-title elementor-size-default\">Imprint dr-montanari.de<\/h1>\t\t\t\t<\/div>\n\t\t\t\t\t<\/div>\n\t\t<\/div>\n\t\t\t\t\t<\/div>\n\t\t<\/section>\n\t\t\t\t<section class=\"elementor-section elementor-top-section elementor-element elementor-element-e7d6f11 elementor-section-boxed elementor-section-height-default elementor-section-height-default\" data-id=\"e7d6f11\" data-element_type=\"section\" data-e-type=\"section\">\n\t\t\t\t\t\t<div class=\"elementor-container elementor-column-gap-default\">\n\t\t\t\t\t<div class=\"elementor-column elementor-col-100 elementor-top-column elementor-element elementor-element-94d9edd\" data-id=\"94d9edd\" data-element_type=\"column\" data-e-type=\"column\">\n\t\t\t<div class=\"elementor-widget-wrap elementor-element-populated\">\n\t\t\t\t\t\t<div class=\"elementor-element elementor-element-b7a69cb elementor-widget elementor-widget-text-editor\" data-id=\"b7a69cb\" data-element_type=\"widget\" data-e-type=\"widget\" data-widget_type=\"text-editor.default\">\n\t\t\t\t\t\t\t\t\t<h2>Dr Michaela Montanari<\/h2><p>Krockhausstrasse 7<br \/>44797 Bochum<\/p><p><strong>Legal job title<\/strong><\/p><p style=\"padding-left: 40px;\">Specialist in plastic and aesthetic surgery<br \/>Specialist for surgery<\/p><p><strong>Contact us<\/strong><\/p><p style=\"padding-left: 40px;\">Phone 0234 \/ 53 06 27 18<br \/>Fax 0234 \/ 53 06 27 17<br \/>e-mail <a href=\"mailto:praxis@dr-montanari.de\">praxis@dr-montanari.de<\/a><\/p><h3>professional chamber:<\/h3><p style=\"padding-left: 40px;\"><a href=\"https:\/\/www.aekwl.de\/\" target=\"_blank\" rel=\"noopener\">\" Westphalia-Lippe Medical Association<\/a><\/p><p>Professional regulations:<br \/><a href=\"https:\/\/recht.nrw.de\/lmi\/owa\/br_text_anzeigen?v_id=74120170406111640601\" target=\"_blank\" rel=\"noopener\">\" Professional Code of Conduct of the Westphalia-Lippe Medical Association<\/a><\/p><h3>Professional title awarded in:<\/h3><p style=\"padding-left: 40px;\">Germany<\/p><h3>Professional liability insurance<\/h3><p style=\"padding-left: 40px;\">N\u00fcrnberger HaftpflichtSchutz, Allgemeine Versicherungs-AG<\/p><h3>Responsible for the content according to \u00a7 55 Abs. 2 RStV:<\/h3><p style=\"padding-left: 40px;\">Dr Michaela Montanari<br \/>Krockhausstrasse 7<br \/>44797 Bochum<\/p><p><strong>Webdesign &amp; Hosting: <\/strong> <a title=\"Ellenberg Design Internet Services\" href=\"https:\/\/ellenberg-design.de\" target=\"_blank\" rel=\"noopener\">Ellenberg Design<\/a><\/p><p>\u00a0<\/p><p><strong>SEO and technical support:<\/strong><br \/><a href=\"https:\/\/www.wm-onlinemarketing.de\/\" target=\"_blank\" rel=\"noopener noreferrer\">WM Online Marketing Walter Maar<\/a><\/p><p>Picture credits:<br \/>WM Onlinemarketing Walter Maar - stock.adobe.com<\/p><p><a href=\"https:\/\/dr-montanari.de\/en\/contact\/data-protection\/\">To our privacy policy<\/a><\/p>\t\t\t\t\t\t\t\t<\/div>\n\t\t\t\t\t<\/div>\n\t\t<\/div>\n\t\t\t\t\t<\/div>\n\t\t<\/section>\n\t\t\t\t<\/div>","protected":false},"excerpt":{"rendered":"<p>Impressum dr-montanari.de Dr. med. Michaela Montanari Krockhausstra\u00dfe 7 44797 Bochum Gesetzliche Berufsbezeichnung Fach\u00e4rztin f\u00fcr Plastische und \u00c4sthetische Chirurgie Fach\u00e4rztin f\u00fcr Chirurgie Kontakt Telefon 0234 \/ 53 06 27 18 Telefax 0234 \/ 53 06 27 17 E-Mail praxis@dr-montanari.de Berufskammer: \u00bb \u00c4rztekammer Westfalen-Lippe Berufsrechtlichen Regelungen: \u00bb Berufsordnung der \u00c4rztekammer Westfalen-Lippe Berufsbezeichnung verliehen worden in: Deutschland Berufshaftpflichtversicherung [&hellip;]<\/p>\n","protected":false},"author":1,"featured_media":0,"parent":291,"menu_order":0,"comment_status":"closed","ping_status":"closed","template":"","meta":{"footnotes":""},"class_list":["post-293","page","type-page","status-publish","hentry"],"_links":{"self":[{"href":"https:\/\/dr-montanari.de\/en\/wp-json\/wp\/v2\/pages\/293","targetHints":{"allow":["GET"]}}],"collection":[{"href":"https:\/\/dr-montanari.de\/en\/wp-json\/wp\/v2\/pages"}],"about":[{"href":"https:\/\/dr-montanari.de\/en\/wp-json\/wp\/v2\/types\/page"}],"author":[{"embeddable":true,"href":"https:\/\/dr-montanari.de\/en\/wp-json\/wp\/v2\/users\/1"}],"replies":[{"embeddable":true,"href":"https:\/\/dr-montanari.de\/en\/wp-json\/wp\/v2\/comments?post=293"}],"version-history":[{"count":0,"href":"https:\/\/dr-montanari.de\/en\/wp-json\/wp\/v2\/pages\/293\/revisions"}],"up":[{"embeddable":true,"href":"https:\/\/dr-montanari.de\/en\/wp-json\/wp\/v2\/pages\/291"}],"wp:attachment":[{"href":"https:\/\/dr-montanari.de\/en\/wp-json\/wp\/v2\/media?parent=293"}],"curies":[{"name":"wp","href":"https:\/\/api.w.org\/{rel}","templated":true}]}}